{"id":16577,"date":"2017-11-23T19:02:13","date_gmt":"2017-11-23T19:02:13","guid":{"rendered":"http:\/\/diablitos.com\/?page_id=16577"},"modified":"2018-01-23T16:46:52","modified_gmt":"2018-01-23T16:46:52","slug":"historia","status":"publish","type":"page","link":"https:\/\/actualizando.site\/diablitos\/historia\/","title":{"rendered":"Historia"},"content":{"rendered":"<div class=\"wpb-content-wrapper\"><p>[vc_row css_animation=\u00bb\u00bb row_type=\u00bbrow\u00bb use_row_as_full_screen_section=\u00bbno\u00bb type=\u00bbgrid\u00bb angled_section=\u00bbno\u00bb text_align=\u00bbleft\u00bb background_image_as_pattern=\u00bbwithout_pattern\u00bb padding_top=\u00bb60&#8243; padding_bottom=\u00bb60&#8243;][vc_column width=\u00bb1\/6&#8243;][\/vc_column][vc_column width=\u00bb2\/3&#8243;][vc_column_text]<\/p>\n<p style=\"text-align: center;\">Desde el mismo momento en que \u201cpis\u00f3\u201d tierra venezolana, hace m\u00e1s de 120 a\u00f1os, Diablitos\u2122 Underwood\u2122 comenz\u00f3 a transitar un camino de \u00e9xitos que r\u00e1pidamente le mereci\u00f3 un destacado lugar en el mercado nacional. Su calidad y su ex\u00f3tico sabor lo convirtieron en un producto que revolucion\u00f3 el gusto culinario de los venezolanos.<\/p>\n<p>[\/vc_column_text][vc_empty_space][vc_column_text]<\/p>\n<p style=\"text-align: center;\">Diablitos\u2122 ha sido compa\u00f1ero inseparable de numerosas generaciones y, con seguridad, lo seguir\u00e1 siendo de las muchas por venir en una naci\u00f3n de elevada vocaci\u00f3n de futuro; \u00e9sa que una vez le tendi\u00f3 la mano para recorrer juntos el camino.<\/p>\n<p>[\/vc_column_text][vc_empty_space][\/vc_column][vc_column width=\u00bb1\/6&#8243;][\/vc_column][\/vc_row][vc_row css_animation=\u00bb\u00bb row_type=\u00bbrow\u00bb use_row_as_full_screen_section=\u00bbno\u00bb type=\u00bbgrid\u00bb angled_section=\u00bbno\u00bb text_align=\u00bbleft\u00bb background_image_as_pattern=\u00bbwithout_pattern\u00bb padding_top=\u00bb60&#8243; padding_bottom=\u00bb70&#8243; css=\u00bb.vc_custom_1512591722222{background-color: #ab1f23 !important;}\u00bb][vc_column][vc_column_text]<\/p>\n<h2 style=\"text-align: center;\"><strong><span style=\"color: #ffffff;\">DIABLITOS EN EL TIEMPO<\/span><\/strong><\/h2>\n<p>[\/vc_column_text][vc_empty_space height=\u00bb40px\u00bb][vc_row_inner row_type=\u00bbrow\u00bb type=\u00bbfull_width\u00bb text_align=\u00bbleft\u00bb css_animation=\u00bb\u00bb el_class=\u00bbocultar\u00bb][vc_column_inner width=\u00bb1\/6&#8243;][\/vc_column_inner][vc_column_inner width=\u00bb2\/3&#8243;][vc_column_text]\t\t\t<section id=\"cd-timeline\" class=\"cd-container timeline-express\">\n\n\t\t\t\n<div class=\"cd-timeline-block diciembre 06 2017 announcement-16770\">\n\n\t\n\t\t<div class=\"cd-timeline-img cd-picture icon-no-readmore\" style=\"background:#ab1f23;\">\n\n\t\t\t<!-- Custom Action Hook -->\n\t\t\t\n\t\t\t\t<!-- Standard Font Awesome Icon -->\n\t\t\t\t<span class=\"fa fa-circle-o\" title=\"1820\"><\/span>\n\n\t\t\t\n\t\t<\/div> <!-- cd-timeline-img -->\n\n\t\n\t<!-- Timeline Content -->\n\t<div class=\"cd-timeline-content\">\n\n\t\t\n\t\t<!-- Announcement Title -->\n\t\t<div class=\"cd-timeline-title-container\">\n\n\t\t\t\n\t\t\t<h2 class=\"cd-timeline-item-title\">\n\t\t\t\t1820\t\t\t<\/h2>\n\n\t\t\t\t\t<\/div>\n\t\t<!-- End Announcement Title -->\n\n\t\t<img width=\"350\" height=\"120\" src=\"https:\/\/actualizando.site\/diablitos\/wp-content\/uploads\/2017\/12\/1820-1900s-Puerto-finales-siglo-XIX-350x120.jpg\" class=\"announcement-banner-image\" alt=\"1820\" \/>\n\t\t<!-- Announcement Excerpt -->\n\t\t<div class=\"the-excerpt\">\n\t\t\t<p>El ingl\u00e9s William Underwood establece un negocio de condimentos y conservas en frascos de vidrio en Estados Unidos.<\/p>\n\t\t<\/div>\n\t\t<!-- End Announcement Excerpt -->\n\n\t\t\n\t<\/div>\n\t<!-- End Timeline Content -->\n\n<\/div>\n<!-- End Timeline Block -->\n\n<div class=\"cd-timeline-block diciembre 07 2017 announcement-16783\">\n\n\t\n\t\t<div class=\"cd-timeline-img cd-picture icon-no-readmore\" style=\"background:#ab1f23;\">\n\n\t\t\t<!-- Custom Action Hook -->\n\t\t\t\n\t\t\t\t<!-- Standard Font Awesome Icon -->\n\t\t\t\t<span class=\"fa fa-circle-o\" title=\"1868\"><\/span>\n\n\t\t\t\n\t\t<\/div> <!-- cd-timeline-img -->\n\n\t\n\t<!-- Timeline Content -->\n\t<div class=\"cd-timeline-content\">\n\n\t\t\n\t\t<!-- Announcement Title -->\n\t\t<div class=\"cd-timeline-title-container\">\n\n\t\t\t\n\t\t\t<h2 class=\"cd-timeline-item-title\">\n\t\t\t\t1868\t\t\t<\/h2>\n\n\t\t\t\t\t<\/div>\n\t\t<!-- End Announcement Title -->\n\n\t\t<img width=\"350\" height=\"120\" src=\"https:\/\/actualizando.site\/diablitos\/wp-content\/uploads\/2017\/12\/1868-1900-Logo-inicial-350x120.jpg\" class=\"announcement-banner-image\" alt=\"1868\" \/>\n\t\t<!-- Announcement Excerpt -->\n\t\t<div class=\"the-excerpt\">\n\t\t\t<p>Es inventado Diablitos\u2122 en Estados Unidos de Am\u00e9rica y lo llaman Underwood\u2122 Devil Ham.<\/p>\n\t\t<\/div>\n\t\t<!-- End Announcement Excerpt -->\n\n\t\t\n\t<\/div>\n\t<!-- End Timeline Content -->\n\n<\/div>\n<!-- End Timeline Block -->\n\n<div class=\"cd-timeline-block diciembre 08 2017 announcement-16786\">\n\n\t\n\t\t<div class=\"cd-timeline-img cd-picture icon-no-readmore\" style=\"background:#ab1f23;\">\n\n\t\t\t<!-- Custom Action Hook -->\n\t\t\t\n\t\t\t\t<!-- Standard Font Awesome Icon -->\n\t\t\t\t<span class=\"fa fa-circle-o\" title=\"1895\"><\/span>\n\n\t\t\t\n\t\t<\/div> <!-- cd-timeline-img -->\n\n\t\n\t<!-- Timeline Content -->\n\t<div class=\"cd-timeline-content\">\n\n\t\t\n\t\t<!-- Announcement Title -->\n\t\t<div class=\"cd-timeline-title-container\">\n\n\t\t\t\n\t\t\t<h2 class=\"cd-timeline-item-title\">\n\t\t\t\t1895\t\t\t<\/h2>\n\n\t\t\t\t\t<\/div>\n\t\t<!-- End Announcement Title -->\n\n\t\t<img width=\"350\" height=\"120\" src=\"https:\/\/actualizando.site\/diablitos\/wp-content\/uploads\/2017\/12\/1895-Lata-antigua-Diablitos-350x120.jpg\" class=\"announcement-banner-image\" alt=\"1895\" \/>\n\t\t<!-- Announcement Excerpt -->\n\t\t<div class=\"the-excerpt\">\n\t\t\t<p>Aparecen los primeros avisos publicitarios impresos de Underwood\u2019s Deviled Ham en Norte Am\u00e9rica. El presidente Joaqu\u00edn Crespo prueba el producto en una visita a Estados Unidos de Am\u00e9rica.<\/p>\n\t\t<\/div>\n\t\t<!-- End Announcement Excerpt -->\n\n\t\t\n\t<\/div>\n\t<!-- End Timeline Content -->\n\n<\/div>\n<!-- End Timeline Block -->\n\n<div class=\"cd-timeline-block diciembre 09 2017 announcement-16791\">\n\n\t\n\t\t<div class=\"cd-timeline-img cd-picture icon-no-readmore\" style=\"background:#ab1f23;\">\n\n\t\t\t<!-- Custom Action Hook -->\n\t\t\t\n\t\t\t\t<!-- Standard Font Awesome Icon -->\n\t\t\t\t<span class=\"fa fa-circle-o\" title=\"1896\"><\/span>\n\n\t\t\t\n\t\t<\/div> <!-- cd-timeline-img -->\n\n\t\n\t<!-- Timeline Content -->\n\t<div class=\"cd-timeline-content\">\n\n\t\t\n\t\t<!-- Announcement Title -->\n\t\t<div class=\"cd-timeline-title-container\">\n\n\t\t\t\n\t\t\t<h2 class=\"cd-timeline-item-title\">\n\t\t\t\t1896\t\t\t<\/h2>\n\n\t\t\t\t\t<\/div>\n\t\t<!-- End Announcement Title -->\n\n\t\t<img width=\"350\" height=\"120\" src=\"https:\/\/actualizando.site\/diablitos\/wp-content\/uploads\/2017\/12\/1896-El-Avisador-350x120.jpg\" class=\"announcement-banner-image\" alt=\"1896\" \/>\n\t\t<!-- Announcement Excerpt -->\n\t\t<div class=\"the-excerpt\">\n\t\t\t<p>En Febrero de este a\u00f1o llega a Venezuela a trav\u00e9s de Puerto Cabello el primer embarque con Diablitos\u2122. Ya para Marzo se encuentra en las principales ciudades del pa\u00eds y<\/p>\n\t\t<\/div>\n\t\t<!-- End Announcement Excerpt -->\n\n\t\t\n\t<\/div>\n\t<!-- End Timeline Content -->\n\n<\/div>\n<!-- End Timeline Block -->\n\n<div class=\"cd-timeline-block diciembre 10 2017 announcement-16792\">\n\n\t\n\t\t<div class=\"cd-timeline-img cd-picture icon-no-readmore\" style=\"background:#ab1f23;\">\n\n\t\t\t<!-- Custom Action Hook -->\n\t\t\t\n\t\t\t\t<!-- Standard Font Awesome Icon -->\n\t\t\t\t<span class=\"fa fa-circle-o\" title=\"1925\"><\/span>\n\n\t\t\t\n\t\t<\/div> <!-- cd-timeline-img -->\n\n\t\n\t<!-- Timeline Content -->\n\t<div class=\"cd-timeline-content\">\n\n\t\t\n\t\t<!-- Announcement Title -->\n\t\t<div class=\"cd-timeline-title-container\">\n\n\t\t\t\n\t\t\t<h2 class=\"cd-timeline-item-title\">\n\t\t\t\t1925\t\t\t<\/h2>\n\n\t\t\t\t\t<\/div>\n\t\t<!-- End Announcement Title -->\n\n\t\t<img width=\"350\" height=\"120\" src=\"https:\/\/actualizando.site\/diablitos\/wp-content\/uploads\/2017\/12\/1925-1960-Aviso-El-Universal-1926p-350x120.jpg\" class=\"announcement-banner-image\" alt=\"1925\" \/>\n\t\t<!-- Announcement Excerpt -->\n\t\t<div class=\"the-excerpt\">\n\t\t\t<p>Se publican en Venezuela los primeros avisos publicitarios de Diablitos\u2122 en prensa.<\/p>\n\t\t<\/div>\n\t\t<!-- End Announcement Excerpt -->\n\n\t\t\n\t<\/div>\n\t<!-- End Timeline Content -->\n\n<\/div>\n<!-- End Timeline Block -->\n\n<div class=\"cd-timeline-block diciembre 11 2017 announcement-16793\">\n\n\t\n\t\t<div class=\"cd-timeline-img cd-picture icon-no-readmore\" style=\"background:#ab1f23;\">\n\n\t\t\t<!-- Custom Action Hook -->\n\t\t\t\n\t\t\t\t<!-- Standard Font Awesome Icon -->\n\t\t\t\t<span class=\"fa fa-circle-o\" title=\"1960\"><\/span>\n\n\t\t\t\n\t\t<\/div> <!-- cd-timeline-img -->\n\n\t\n\t<!-- Timeline Content -->\n\t<div class=\"cd-timeline-content\">\n\n\t\t\n\t\t<!-- Announcement Title -->\n\t\t<div class=\"cd-timeline-title-container\">\n\n\t\t\t\n\t\t\t<h2 class=\"cd-timeline-item-title\">\n\t\t\t\t1960\t\t\t<\/h2>\n\n\t\t\t\t\t<\/div>\n\t\t<!-- End Announcement Title -->\n\n\t\t<img width=\"350\" height=\"120\" src=\"https:\/\/actualizando.site\/diablitos\/wp-content\/uploads\/2017\/12\/1925-1960-Aviso-El-Universal-1926p-350x120.jpg\" class=\"announcement-banner-image\" alt=\"1960\" \/>\n\t\t<!-- Announcement Excerpt -->\n\t\t<div class=\"the-excerpt\">\n\t\t\t<p>Nace Diablitos Venezolanos Compa\u00f1\u00eda An\u00f3nima (DIVECA) y para 1961 se produce por primera vez Diablitos\u2122 en Venezuela, en la planta localizada en Cagua, Edo. Aragua. Cambia su nombre oficialmente de<\/p>\n\t\t<\/div>\n\t\t<!-- End Announcement Excerpt -->\n\n\t\t\n\t<\/div>\n\t<!-- End Timeline Content -->\n\n<\/div>\n<!-- End Timeline Block -->\n\n<div class=\"cd-timeline-block diciembre 12 2017 announcement-16794\">\n\n\t\n\t\t<div class=\"cd-timeline-img cd-picture icon-no-readmore\" style=\"background:#ab1f23;\">\n\n\t\t\t<!-- Custom Action Hook -->\n\t\t\t\n\t\t\t\t<!-- Standard Font Awesome Icon -->\n\t\t\t\t<span class=\"fa fa-circle-o\" title=\"1963\"><\/span>\n\n\t\t\t\n\t\t<\/div> <!-- cd-timeline-img -->\n\n\t\n\t<!-- Timeline Content -->\n\t<div class=\"cd-timeline-content\">\n\n\t\t\n\t\t<!-- Announcement Title -->\n\t\t<div class=\"cd-timeline-title-container\">\n\n\t\t\t\n\t\t\t<h2 class=\"cd-timeline-item-title\">\n\t\t\t\t1963\t\t\t<\/h2>\n\n\t\t\t\t\t<\/div>\n\t\t<!-- End Announcement Title -->\n\n\t\t<img width=\"350\" height=\"120\" src=\"https:\/\/actualizando.site\/diablitos\/wp-content\/uploads\/2017\/12\/1963-la-mejor-forma-de-350x120.jpg\" class=\"announcement-banner-image\" alt=\"1963\" \/>\n\t\t<!-- Announcement Excerpt -->\n\t\t<div class=\"the-excerpt\">\n\t\t\t<p>Se le comisiona al maestro An\u00edbal Abreu la creaci\u00f3n del slogan y el jingle \u201cla mejor forma de comer jam\u00f3n\u201d. Convirti\u00e9ndose en uno de los jingle m\u00e1s famosos de la<\/p>\n\t\t<\/div>\n\t\t<!-- End Announcement Excerpt -->\n\n\t\t\n\t<\/div>\n\t<!-- End Timeline Content -->\n\n<\/div>\n<!-- End Timeline Block -->\n\n<div class=\"cd-timeline-block diciembre 13 2017 announcement-16795\">\n\n\t\n\t\t<div class=\"cd-timeline-img cd-picture icon-no-readmore\" style=\"background:#ab1f23;\">\n\n\t\t\t<!-- Custom Action Hook -->\n\t\t\t\n\t\t\t\t<!-- Standard Font Awesome Icon -->\n\t\t\t\t<span class=\"fa fa-circle-o\" title=\"1997\"><\/span>\n\n\t\t\t\n\t\t<\/div> <!-- cd-timeline-img -->\n\n\t\n\t<!-- Timeline Content -->\n\t<div class=\"cd-timeline-content\">\n\n\t\t\n\t\t<!-- Announcement Title -->\n\t\t<div class=\"cd-timeline-title-container\">\n\n\t\t\t\n\t\t\t<h2 class=\"cd-timeline-item-title\">\n\t\t\t\t1997\t\t\t<\/h2>\n\n\t\t\t\t\t<\/div>\n\t\t<!-- End Announcement Title -->\n\n\t\t<img width=\"350\" height=\"120\" src=\"https:\/\/actualizando.site\/diablitos\/wp-content\/uploads\/2017\/12\/1997-Logo-Pillsbury-350x120.jpg\" class=\"announcement-banner-image\" alt=\"1997\" \/>\n\t\t<!-- Announcement Excerpt -->\n\t\t<div class=\"the-excerpt\">\n\t\t\t<p>DIVECA es comprada por Pillsbury Company, compa\u00f1\u00eda norteamericana de alimentos.<\/p>\n\t\t<\/div>\n\t\t<!-- End Announcement Excerpt -->\n\n\t\t\n\t<\/div>\n\t<!-- End Timeline Content -->\n\n<\/div>\n<!-- End Timeline Block -->\n\n<div class=\"cd-timeline-block diciembre 14 2017 announcement-16796\">\n\n\t\n\t\t<div class=\"cd-timeline-img cd-picture icon-no-readmore\" style=\"background:#ab1f23;\">\n\n\t\t\t<!-- Custom Action Hook -->\n\t\t\t\n\t\t\t\t<!-- Standard Font Awesome Icon -->\n\t\t\t\t<span class=\"fa fa-circle-o\" title=\"1999\"><\/span>\n\n\t\t\t\n\t\t<\/div> <!-- cd-timeline-img -->\n\n\t\n\t<!-- Timeline Content -->\n\t<div class=\"cd-timeline-content\">\n\n\t\t\n\t\t<!-- Announcement Title -->\n\t\t<div class=\"cd-timeline-title-container\">\n\n\t\t\t\n\t\t\t<h2 class=\"cd-timeline-item-title\">\n\t\t\t\t1999\t\t\t<\/h2>\n\n\t\t\t\t\t<\/div>\n\t\t<!-- End Announcement Title -->\n\n\t\t<img width=\"350\" height=\"120\" src=\"https:\/\/actualizando.site\/diablitos\/wp-content\/uploads\/2017\/12\/1999-Familia-Salsa-para-Pastas-Underwood_lw-350x120.jpg\" class=\"announcement-banner-image\" alt=\"1999\" \/>\n\t\t<!-- Announcement Excerpt -->\n\t\t<div class=\"the-excerpt\">\n\t\t\t<p>Se realiza el lanzamiento de Salsas para Pasta Underwood\u2122 de Napolitana, Bolognesa y Diablitos\u2122.<\/p>\n\t\t<\/div>\n\t\t<!-- End Announcement Excerpt -->\n\n\t\t\n\t<\/div>\n\t<!-- End Timeline Content -->\n\n<\/div>\n<!-- End Timeline Block -->\n\n<div class=\"cd-timeline-block diciembre 14 2017 announcement-16797\">\n\n\t\n\t\t<div class=\"cd-timeline-img cd-picture icon-no-readmore\" style=\"background:#ab1f23;\">\n\n\t\t\t<!-- Custom Action Hook -->\n\t\t\t\n\t\t\t\t<!-- Standard Font Awesome Icon -->\n\t\t\t\t<span class=\"fa fa-circle-o\" title=\"2001\"><\/span>\n\n\t\t\t\n\t\t<\/div> <!-- cd-timeline-img -->\n\n\t\n\t<!-- Timeline Content -->\n\t<div class=\"cd-timeline-content\">\n\n\t\t\n\t\t<!-- Announcement Title -->\n\t\t<div class=\"cd-timeline-title-container\">\n\n\t\t\t\n\t\t\t<h2 class=\"cd-timeline-item-title\">\n\t\t\t\t2001\t\t\t<\/h2>\n\n\t\t\t\t\t<\/div>\n\t\t<!-- End Announcement Title -->\n\n\t\t<img width=\"350\" height=\"120\" src=\"https:\/\/actualizando.site\/diablitos\/wp-content\/uploads\/2017\/12\/2001-GM-logo-350x120.jpg\" class=\"announcement-banner-image\" alt=\"2001\" \/>\n\t\t<!-- Announcement Excerpt -->\n\t\t<div class=\"the-excerpt\">\n\t\t\t<p>General Mills, corporaci\u00f3n de alimentos procesados norteamericana, adquiere Pillsbury Company.<\/p>\n\t\t<\/div>\n\t\t<!-- End Announcement Excerpt -->\n\n\t\t\n\t<\/div>\n\t<!-- End Timeline Content -->\n\n<\/div>\n<!-- End Timeline Block -->\n\n<div class=\"cd-timeline-block diciembre 15 2017 announcement-16798\">\n\n\t\n\t\t<div class=\"cd-timeline-img cd-picture icon-no-readmore\" style=\"background:#ab1f23;\">\n\n\t\t\t<!-- Custom Action Hook -->\n\t\t\t\n\t\t\t\t<!-- Standard Font Awesome Icon -->\n\t\t\t\t<span class=\"fa fa-circle-o\" title=\"2010\"><\/span>\n\n\t\t\t\n\t\t<\/div> <!-- cd-timeline-img -->\n\n\t\n\t<!-- Timeline Content -->\n\t<div class=\"cd-timeline-content\">\n\n\t\t\n\t\t<!-- Announcement Title -->\n\t\t<div class=\"cd-timeline-title-container\">\n\n\t\t\t\n\t\t\t<h2 class=\"cd-timeline-item-title\">\n\t\t\t\t2010\t\t\t<\/h2>\n\n\t\t\t\t\t<\/div>\n\t\t<!-- End Announcement Title -->\n\n\t\t<img width=\"350\" height=\"120\" src=\"https:\/\/actualizando.site\/diablitos\/wp-content\/uploads\/2017\/12\/2010-Dfest-15x22-Final-Flat-350x120.jpg\" class=\"announcement-banner-image\" alt=\"2010\" \/>\n\t\t<!-- Announcement Excerpt -->\n\t\t<div class=\"the-excerpt\">\n\t\t\t<p>Diablitos\u2122 apoya a las bandas con Diablitos Fest y Diablitos Experience, con apoyo de los diablichos. Adicionalmente, promueve eventos deportivos en basquetbol y f\u00fatbol.<\/p>\n\t\t<\/div>\n\t\t<!-- End Announcement Excerpt -->\n\n\t\t\n\t<\/div>\n\t<!-- End Timeline Content -->\n\n<\/div>\n<!-- End Timeline Block -->\n\n<div class=\"cd-timeline-block diciembre 16 2017 announcement-16799\">\n\n\t\n\t\t<div class=\"cd-timeline-img cd-picture icon-no-readmore\" style=\"background:#ab1f23;\">\n\n\t\t\t<!-- Custom Action Hook -->\n\t\t\t\n\t\t\t\t<!-- Standard Font Awesome Icon -->\n\t\t\t\t<span class=\"fa fa-circle-o\" title=\"2014\"><\/span>\n\n\t\t\t\n\t\t<\/div> <!-- cd-timeline-img -->\n\n\t\n\t<!-- Timeline Content -->\n\t<div class=\"cd-timeline-content\">\n\n\t\t\n\t\t<!-- Announcement Title -->\n\t\t<div class=\"cd-timeline-title-container\">\n\n\t\t\t\n\t\t\t<h2 class=\"cd-timeline-item-title\">\n\t\t\t\t2014\t\t\t<\/h2>\n\n\t\t\t\t\t<\/div>\n\t\t<!-- End Announcement Title -->\n\n\t\t<img width=\"350\" height=\"120\" src=\"https:\/\/actualizando.site\/diablitos\/wp-content\/uploads\/2017\/12\/2014-Diablisabores-350x120.jpg\" class=\"announcement-banner-image\" alt=\"2014\" \/>\n\t\t<!-- Announcement Excerpt -->\n\t\t<div class=\"the-excerpt\">\n\t\t\t<p>Se lanza al mercado Diablisadores, una extensi\u00f3n de l\u00ednea de jam\u00f3n endiablado, en sus tres sabores tocineta, jam\u00f3n serrano y BBQ.<\/p>\n\t\t<\/div>\n\t\t<!-- End Announcement Excerpt -->\n\n\t\t\n\t<\/div>\n\t<!-- End Timeline Content -->\n\n<\/div>\n<!-- End Timeline Block -->\n\n<div class=\"cd-timeline-block diciembre 17 2017 announcement-16800\">\n\n\t\n\t\t<div class=\"cd-timeline-img cd-picture icon-no-readmore\" style=\"background:#ab1f23;\">\n\n\t\t\t<!-- Custom Action Hook -->\n\t\t\t\n\t\t\t\t<!-- Standard Font Awesome Icon -->\n\t\t\t\t<span class=\"fa fa-circle-o\" title=\"2016\"><\/span>\n\n\t\t\t\n\t\t<\/div> <!-- cd-timeline-img -->\n\n\t\n\t<!-- Timeline Content -->\n\t<div class=\"cd-timeline-content\">\n\n\t\t\n\t\t<!-- Announcement Title -->\n\t\t<div class=\"cd-timeline-title-container\">\n\n\t\t\t\n\t\t\t<h2 class=\"cd-timeline-item-title\">\n\t\t\t\t2016\t\t\t<\/h2>\n\n\t\t\t\t\t<\/div>\n\t\t<!-- End Announcement Title -->\n\n\t\t<img width=\"350\" height=\"120\" src=\"https:\/\/actualizando.site\/diablitos\/wp-content\/uploads\/2017\/12\/2016-DIABLISABORESMIXESPECIAS-350x120.jpg\" class=\"announcement-banner-image\" alt=\"2016\" \/>\n\t\t<!-- Announcement Excerpt -->\n\t\t<div class=\"the-excerpt\">\n\t\t\t<p>En marzo lanzamos Diablitos\u2122 con especias m\u00e1s acentuadas para aquellos que quieren un extra de sabor. Ideal para tus meriendas con galletas, complementado la l\u00ednea de Diablisabores junto a Tocineta<\/p>\n\t\t<\/div>\n\t\t<!-- End Announcement Excerpt -->\n\n\t\t\n\t<\/div>\n\t<!-- End Timeline Content -->\n\n<\/div>\n<!-- End Timeline Block -->\n\n\t\t\t<\/section>\n\n\t\t\t<!-- Timeline Express Free v1.8.1 | Site: https:\/\/www.wp-timelineexpress.com | Author: CodeParrots - http:\/\/www.codeparrots.com -->[\/vc_column_text][\/vc_column_inner][vc_column_inner width=\u00bb1\/6&#8243;][\/vc_column_inner][\/vc_row_inner][\/vc_column][\/vc_row]<\/p>\n<\/div>","protected":false},"excerpt":{"rendered":"<p>[vc_row css_animation=\u00bb\u00bb row_type=\u00bbrow\u00bb use_row_as_full_screen_section=\u00bbno\u00bb type=\u00bbgrid\u00bb angled_section=\u00bbno\u00bb text_align=\u00bbleft\u00bb background_image_as_pattern=\u00bbwithout_pattern\u00bb padding_top=\u00bb60&#8243; padding_bottom=\u00bb60&#8243;][vc_column width=\u00bb1\/6&#8243;][\/vc_column][vc_column width=\u00bb2\/3&#8243;][vc_column_text] Desde el mismo momento en que \u201cpis\u00f3\u201d tierra venezolana, hace m\u00e1s de 120 a\u00f1os, Diablitos\u2122 Underwood\u2122 comenz\u00f3 a<\/p>\n","protected":false},"author":1,"featured_media":0,"parent":0,"menu_order":0,"comment_status":"closed","ping_status":"closed","template":"full_width.php","meta":{"_acf_changed":false,"footnotes":""},"class_list":["post-16577","page","type-page","status-publish","hentry"],"acf":[],"yoast_head":"<!-- This site is optimized with the Yoast SEO plugin v26.9 - https:\/\/yoast.com\/product\/yoast-seo-wordpress\/ -->\n<title>Historia - Diablitos Underwood - Venezuela<\/title>\n<meta name=\"robots\" content=\"index, follow, max-snippet:-1, max-image-preview:large, max-video-preview:-1\" \/>\n<link rel=\"canonical\" href=\"https:\/\/actualizando.site\/diablitos\/historia\/\" \/>\n<meta property=\"og:locale\" content=\"es_ES\" \/>\n<meta property=\"og:type\" content=\"article\" \/>\n<meta property=\"og:title\" content=\"Historia - Diablitos Underwood - Venezuela\" \/>\n<meta property=\"og:description\" content=\"[vc_row css_animation=\u00bb\u00bb row_type=\u00bbrow\u00bb use_row_as_full_screen_section=\u00bbno\u00bb type=\u00bbgrid\u00bb angled_section=\u00bbno\u00bb text_align=\u00bbleft\u00bb background_image_as_pattern=\u00bbwithout_pattern\u00bb padding_top=\u00bb60&#8243; padding_bottom=\u00bb60&#8243;][vc_column width=\u00bb1\/6&#8243;][\/vc_column][vc_column width=\u00bb2\/3&#8243;][vc_column_text] Desde el mismo momento en que \u201cpis\u00f3\u201d tierra venezolana, hace m\u00e1s de 120 a\u00f1os, Diablitos\u2122 Underwood\u2122 comenz\u00f3 a\" \/>\n<meta property=\"og:url\" content=\"https:\/\/actualizando.site\/diablitos\/historia\/\" \/>\n<meta property=\"og:site_name\" content=\"Diablitos Underwood - Venezuela\" \/>\n<meta property=\"article:publisher\" content=\"https:\/\/www.facebook.com\/DiablitosUnderwoodVe\" \/>\n<meta property=\"article:modified_time\" content=\"2018-01-23T16:46:52+00:00\" \/>\n<meta name=\"twitter:card\" content=\"summary_large_image\" \/>\n<meta name=\"twitter:site\" content=\"@DiablitosVzla\" \/>\n<meta name=\"twitter:label1\" content=\"Tiempo de lectura\" \/>\n\t<meta name=\"twitter:data1\" content=\"1 minuto\" \/>\n<script type=\"application\/ld+json\" class=\"yoast-schema-graph\">{\"@context\":\"https:\/\/schema.org\",\"@graph\":[{\"@type\":\"WebPage\",\"@id\":\"https:\/\/actualizando.site\/diablitos\/historia\/\",\"url\":\"https:\/\/actualizando.site\/diablitos\/historia\/\",\"name\":\"Historia - Diablitos Underwood - Venezuela\",\"isPartOf\":{\"@id\":\"https:\/\/actualizando.site\/diablitos\/#website\"},\"datePublished\":\"2017-11-23T19:02:13+00:00\",\"dateModified\":\"2018-01-23T16:46:52+00:00\",\"breadcrumb\":{\"@id\":\"https:\/\/actualizando.site\/diablitos\/historia\/#breadcrumb\"},\"inLanguage\":\"es\",\"potentialAction\":[{\"@type\":\"ReadAction\",\"target\":[\"https:\/\/actualizando.site\/diablitos\/historia\/\"]}]},{\"@type\":\"BreadcrumbList\",\"@id\":\"https:\/\/actualizando.site\/diablitos\/historia\/#breadcrumb\",\"itemListElement\":[{\"@type\":\"ListItem\",\"position\":1,\"name\":\"Portada\",\"item\":\"https:\/\/actualizando.site\/diablitos\/\"},{\"@type\":\"ListItem\",\"position\":2,\"name\":\"Historia\"}]},{\"@type\":\"WebSite\",\"@id\":\"https:\/\/actualizando.site\/diablitos\/#website\",\"url\":\"https:\/\/actualizando.site\/diablitos\/\",\"name\":\"Diablitos Underwood - Venezuela\",\"description\":\"Alimenta tu vida\",\"potentialAction\":[{\"@type\":\"SearchAction\",\"target\":{\"@type\":\"EntryPoint\",\"urlTemplate\":\"https:\/\/actualizando.site\/diablitos\/?s={search_term_string}\"},\"query-input\":{\"@type\":\"PropertyValueSpecification\",\"valueRequired\":true,\"valueName\":\"search_term_string\"}}],\"inLanguage\":\"es\"}]}<\/script>\n<!-- \/ Yoast SEO plugin. -->","yoast_head_json":{"title":"Historia - Diablitos Underwood - Venezuela","robots":{"index":"index","follow":"follow","max-snippet":"max-snippet:-1","max-image-preview":"max-image-preview:large","max-video-preview":"max-video-preview:-1"},"canonical":"https:\/\/actualizando.site\/diablitos\/historia\/","og_locale":"es_ES","og_type":"article","og_title":"Historia - Diablitos Underwood - Venezuela","og_description":"[vc_row css_animation=\u00bb\u00bb row_type=\u00bbrow\u00bb use_row_as_full_screen_section=\u00bbno\u00bb type=\u00bbgrid\u00bb angled_section=\u00bbno\u00bb text_align=\u00bbleft\u00bb background_image_as_pattern=\u00bbwithout_pattern\u00bb padding_top=\u00bb60&#8243; padding_bottom=\u00bb60&#8243;][vc_column width=\u00bb1\/6&#8243;][\/vc_column][vc_column width=\u00bb2\/3&#8243;][vc_column_text] Desde el mismo momento en que \u201cpis\u00f3\u201d tierra venezolana, hace m\u00e1s de 120 a\u00f1os, Diablitos\u2122 Underwood\u2122 comenz\u00f3 a","og_url":"https:\/\/actualizando.site\/diablitos\/historia\/","og_site_name":"Diablitos Underwood - Venezuela","article_publisher":"https:\/\/www.facebook.com\/DiablitosUnderwoodVe","article_modified_time":"2018-01-23T16:46:52+00:00","twitter_card":"summary_large_image","twitter_site":"@DiablitosVzla","twitter_misc":{"Tiempo de lectura":"1 minuto"},"schema":{"@context":"https:\/\/schema.org","@graph":[{"@type":"WebPage","@id":"https:\/\/actualizando.site\/diablitos\/historia\/","url":"https:\/\/actualizando.site\/diablitos\/historia\/","name":"Historia - Diablitos Underwood - Venezuela","isPartOf":{"@id":"https:\/\/actualizando.site\/diablitos\/#website"},"datePublished":"2017-11-23T19:02:13+00:00","dateModified":"2018-01-23T16:46:52+00:00","breadcrumb":{"@id":"https:\/\/actualizando.site\/diablitos\/historia\/#breadcrumb"},"inLanguage":"es","potentialAction":[{"@type":"ReadAction","target":["https:\/\/actualizando.site\/diablitos\/historia\/"]}]},{"@type":"BreadcrumbList","@id":"https:\/\/actualizando.site\/diablitos\/historia\/#breadcrumb","itemListElement":[{"@type":"ListItem","position":1,"name":"Portada","item":"https:\/\/actualizando.site\/diablitos\/"},{"@type":"ListItem","position":2,"name":"Historia"}]},{"@type":"WebSite","@id":"https:\/\/actualizando.site\/diablitos\/#website","url":"https:\/\/actualizando.site\/diablitos\/","name":"Diablitos Underwood - Venezuela","description":"Alimenta tu vida","potentialAction":[{"@type":"SearchAction","target":{"@type":"EntryPoint","urlTemplate":"https:\/\/actualizando.site\/diablitos\/?s={search_term_string}"},"query-input":{"@type":"PropertyValueSpecification","valueRequired":true,"valueName":"search_term_string"}}],"inLanguage":"es"}]}},"_links":{"self":[{"href":"https:\/\/actualizando.site\/diablitos\/wp-json\/wp\/v2\/pages\/16577","targetHints":{"allow":["GET"]}}],"collection":[{"href":"https:\/\/actualizando.site\/diablitos\/wp-json\/wp\/v2\/pages"}],"about":[{"href":"https:\/\/actualizando.site\/diablitos\/wp-json\/wp\/v2\/types\/page"}],"author":[{"embeddable":true,"href":"https:\/\/actualizando.site\/diablitos\/wp-json\/wp\/v2\/users\/1"}],"replies":[{"embeddable":true,"href":"https:\/\/actualizando.site\/diablitos\/wp-json\/wp\/v2\/comments?post=16577"}],"version-history":[{"count":0,"href":"https:\/\/actualizando.site\/diablitos\/wp-json\/wp\/v2\/pages\/16577\/revisions"}],"wp:attachment":[{"href":"https:\/\/actualizando.site\/diablitos\/wp-json\/wp\/v2\/media?parent=16577"}],"curies":[{"name":"wp","href":"https:\/\/api.w.org\/{rel}","templated":true}]}}