{"id":16683,"date":"2017-12-05T18:13:54","date_gmt":"2017-12-05T18:13:54","guid":{"rendered":"http:\/\/diablitos.com\/?page_id=16683"},"modified":"2021-03-22T20:30:05","modified_gmt":"2021-03-22T20:30:05","slug":"diablitos-aluminio","status":"publish","type":"page","link":"https:\/\/actualizando.site\/diablitos\/diablitos-aluminio\/","title":{"rendered":"Diablitos\u2122 Underwood\u2122"},"content":{"rendered":"<div class=\"wpb-content-wrapper\"><p>[vc_row css_animation=\u00bb\u00bb row_type=\u00bbrow\u00bb use_row_as_full_screen_section=\u00bbno\u00bb type=\u00bbfull_width\u00bb angled_section=\u00bbno\u00bb text_align=\u00bbleft\u00bb background_image_as_pattern=\u00bbwithout_pattern\u00bb css=\u00bb.vc_custom_1512497554047{background-color: #ffffff !important;}\u00bb el_class=\u00bbproduct-sec-1&#8243;][vc_column width=\u00bb1\/2&#8243; css=\u00bb.vc_custom_1616444502904{padding-right: 60px !important;padding-left: 60px !important;background-color: #ffffff !important;}\u00bb el_class=\u00bbps1-col-1&#8243;][vc_single_image image=\u00bb16679&#8243; img_size=\u00bbfull\u00bb alignment=\u00bbcenter\u00bb qode_css_animation=\u00bbelement_from_left\u00bb el_class=\u00bbimagen-producto\u00bb][vc_column_text]<\/p>\n<p style=\"text-align: center;\"><div class=\"addtoany_shortcode\"><div class=\"a2a_kit a2a_kit_size_32 addtoany_list\" data-a2a-url=\"https:\/\/actualizando.site\/diablitos\/diablitos-aluminio\/\" data-a2a-title=\"Diablitos\u2122 Underwood\u2122\"><a class=\"a2a_button_facebook\" href=\"https:\/\/www.addtoany.com\/add_to\/facebook?linkurl=https%3A%2F%2Factualizando.site%2Fdiablitos%2Fdiablitos-aluminio%2F&amp;linkname=Diablitos%E2%84%A2%20Underwood%E2%84%A2\" title=\"Facebook\" rel=\"nofollow noopener\" target=\"_blank\"><\/a><a class=\"a2a_button_twitter\" href=\"https:\/\/www.addtoany.com\/add_to\/twitter?linkurl=https%3A%2F%2Factualizando.site%2Fdiablitos%2Fdiablitos-aluminio%2F&amp;linkname=Diablitos%E2%84%A2%20Underwood%E2%84%A2\" title=\"Twitter\" rel=\"nofollow noopener\" target=\"_blank\"><\/a><a class=\"a2a_button_whatsapp\" href=\"https:\/\/www.addtoany.com\/add_to\/whatsapp?linkurl=https%3A%2F%2Factualizando.site%2Fdiablitos%2Fdiablitos-aluminio%2F&amp;linkname=Diablitos%E2%84%A2%20Underwood%E2%84%A2\" title=\"WhatsApp\" rel=\"nofollow noopener\" target=\"_blank\"><\/a><a class=\"a2a_button_email\" href=\"https:\/\/www.addtoany.com\/add_to\/email?linkurl=https%3A%2F%2Factualizando.site%2Fdiablitos%2Fdiablitos-aluminio%2F&amp;linkname=Diablitos%E2%84%A2%20Underwood%E2%84%A2\" title=\"Email\" rel=\"nofollow noopener\" target=\"_blank\"><\/a><\/div><\/div><\/p>\n<p>[\/vc_column_text][\/vc_column][vc_column css_animation=\u00bbright-to-left\u00bb width=\u00bb1\/2&#8243; css=\u00bb.vc_custom_1616444460040{padding-top: 60px !important;padding-right: 60px !important;padding-bottom: 40px !important;padding-left: 60px !important;background-color: #f2f0f1 !important;}\u00bb][vc_column_text]<\/p>\n<h2 style=\"text-align: center;\">Descripci\u00f3n<\/h2>\n<p>[\/vc_column_text][vc_separator type=\u00bbsmall\u00bb position=\u00bbcenter\u00bb gradient_color=\u00bbyes\u00bb color=\u00bb#ab1f23&#8243; thickness=\u00bb2&#8243; width=\u00bb50&#8243; up=\u00bb15&#8243; down=\u00bb15&#8243;][vc_column_text]<\/p>\n<p class=\"descr-prod-1\" style=\"text-align: center;\">Envase de Aluminio<\/p>\n<p class=\"descr-prod-2\" style=\"text-align: center;\">50gr, 100gr y Familiar de 200gr<\/p>\n<p class=\"descr-prod-3\" style=\"text-align: justify;\">Con un legado de m\u00e1s de 120 a\u00f1os de tradici\u00f3n, la marca Diablitos\u2122 Underwood\u2122 se ha convertido en un s\u00edmbolo en el mercado venezolano. Hecho de puro pernil y sazonado con las m\u00e1s finas especias se obtiene ese sabor picantico \u00fanico que a todos les encanta. Diablitos\u2122 Underwood\u2122 presenta una variedad de empaques ideal para diferentes ocasiones, bien sea como el acompa\u00f1ante perfecto para la arepa en tus desayunos o tambi\u00e9n con galletas, pan o pasta para meriendas, almuerzos o pasapalos. Diablitos\u2122 Underwood\u2122 est\u00e1 hecho de pernil y espalda de cerdo, especias, sal, az\u00facar, y nitrito de sodio. Puede encontrar la lista de ingredientes en cualquiera de nuestros empaques. Contiene soya y puede contener trazos de proteina de leche, gluten de trigo, man\u00ed y girasol.<\/p>\n<p>[\/vc_column_text][\/vc_column][\/vc_row][vc_row css_animation=\u00bb\u00bb row_type=\u00bbrow\u00bb use_row_as_full_screen_section=\u00bbno\u00bb type=\u00bbfull_width\u00bb angled_section=\u00bbno\u00bb text_align=\u00bbleft\u00bb background_image_as_pattern=\u00bbwithout_pattern\u00bb background_color=\u00bb#ab1f23&#8243; border_color=\u00bb#f2f0f1&#8243; el_class=\u00bbproduct-sec-2&#8243; css=\u00bb.vc_custom_1512499208891{background-color: #ab1f23 !important;}\u00bb][vc_column css_animation=\u00bbleft-to-right\u00bb width=\u00bb1\/2&#8243; css=\u00bb.vc_custom_1616444487070{padding-top: 60px !important;padding-right: 60px !important;padding-bottom: 40px !important;padding-left: 60px !important;background-color: #ab1f23 !important;}\u00bb el_class=\u00bbps2-col-1&#8243;][vc_column_text]<\/p>\n<h2 class=\"benef-linea-1\" style=\"text-align: center;\">Beneficios<\/h2>\n<p>[\/vc_column_text][vc_separator type=\u00bbsmall\u00bb position=\u00bbcenter\u00bb gradient_color=\u00bbyes\u00bb color=\u00bb#ffffff\u00bb thickness=\u00bb2&#8243; width=\u00bb50&#8243; up=\u00bb15&#8243; down=\u00bb15&#8243;]<div class='q_icon_with_title tiny custom_icon_image left_from_title '><div class=\"icon_text_holder\" style=\"\"><div class=\"icon_text_inner\" style=\"\"><div class=\"icon_title_holder\"><div class=\"icon_holder q_icon_animation\" style=\" transition-delay: .3ms; -webkit-transition-delay: .3ms; -moz-transition-delay: .3ms; -o-transition-delay: .3ms;\"><img itemprop=\"image\" style=\"\" src=\"https:\/\/actualizando.site\/diablitos\/wp-content\/uploads\/2017\/12\/cutlery-white.png\" alt=\"\"><\/div><h5 class=\"icon_title\" style=\"color: #ffffff;font-weight: 400;\">Ideal para desayunos, meriendas, pasapalos o ensaladas.<\/h5><\/div><p style=''><\/p><\/div><\/div><\/div><div class='q_icon_with_title tiny custom_icon_image left_from_title '><div class=\"icon_text_holder\" style=\"\"><div class=\"icon_text_inner\" style=\"\"><div class=\"icon_title_holder\"><div class=\"icon_holder q_icon_animation\" style=\" transition-delay: .3ms; -webkit-transition-delay: .3ms; -moz-transition-delay: .3ms; -o-transition-delay: .3ms;\"><img itemprop=\"image\" style=\"\" src=\"https:\/\/actualizando.site\/diablitos\/wp-content\/uploads\/2017\/12\/like.png\" alt=\"\"><\/div><h5 class=\"icon_title\" style=\"color: #ffffff;font-weight: 400;\">Es la raci\u00f3n que rinde para compartir con ese alguien especial.<\/h5><\/div><p style=''><\/p><\/div><\/div><\/div><div class='q_icon_with_title tiny custom_icon_image left_from_title '><div class=\"icon_text_holder\" style=\"\"><div class=\"icon_text_inner\" style=\"\"><div class=\"icon_title_holder\"><div class=\"icon_holder q_icon_animation\" style=\" transition-delay: .3ms; -webkit-transition-delay: .3ms; -moz-transition-delay: .3ms; -o-transition-delay: .3ms;\"><img itemprop=\"image\" style=\"\" src=\"https:\/\/actualizando.site\/diablitos\/wp-content\/uploads\/2017\/12\/children.png\" alt=\"\"><\/div><h5 class=\"icon_title\" style=\"color: #ffffff;font-weight: 400;\">Es seguro para que los ni\u00f1os lo manipulen.<\/h5><\/div><p style=''><\/p><\/div><\/div><\/div><div class='q_icon_with_title tiny custom_icon_image left_from_title '><div class=\"icon_text_holder\" style=\"\"><div class=\"icon_text_inner\" style=\"\"><div class=\"icon_title_holder\"><div class=\"icon_holder q_icon_animation\" style=\" transition-delay: .3ms; -webkit-transition-delay: .3ms; -moz-transition-delay: .3ms; -o-transition-delay: .3ms;\"><img itemprop=\"image\" style=\"\" src=\"https:\/\/actualizando.site\/diablitos\/wp-content\/uploads\/2017\/12\/can.png\" alt=\"\"><\/div><h5 class=\"icon_title\" style=\"color: #ffffff;font-weight: 400;\">Es f\u00e1cil de abrir.<\/h5><\/div><p style=''><\/p><\/div><\/div><\/div><div class='q_icon_with_title tiny custom_icon_image left_from_title '><div class=\"icon_text_holder\" style=\"\"><div class=\"icon_text_inner\" style=\"\"><div class=\"icon_title_holder\"><div class=\"icon_holder q_icon_animation\" style=\" transition-delay: .3ms; -webkit-transition-delay: .3ms; -moz-transition-delay: .3ms; -o-transition-delay: .3ms;\"><img itemprop=\"image\" style=\"\" src=\"https:\/\/actualizando.site\/diablitos\/wp-content\/uploads\/2017\/12\/basket.png\" alt=\"\"><\/div><h5 class=\"icon_title\" style=\"color: #ffffff;font-weight: 400;\">Es conveniente para consumir dentro o fuera de casa.<\/h5><\/div><p style=''><\/p><\/div><\/div><\/div>[\/vc_column][vc_column css_animation=\u00bbright-to-left\u00bb width=\u00bb1\/2&#8243; el_class=\u00bbps2-col-2&#8243; css=\u00bb.vc_custom_1616444476329{padding-top: 60px !important;padding-right: 60px !important;padding-bottom: 40px !important;padding-left: 60px !important;background-color: #ffffff !important;}\u00bb][vc_column_text]<\/p>\n<h2 style=\"text-align: center;\">Tabla nutricional<\/h2>\n<p>[\/vc_column_text][vc_separator type=\u00bbsmall\u00bb position=\u00bbcenter\u00bb gradient_color=\u00bbyes\u00bb color=\u00bb#ab1f23&#8243; thickness=\u00bb2&#8243; width=\u00bb50&#8243; up=\u00bb15&#8243; down=\u00bb15&#8243;][vc_column_text]<\/p>\n<p class=\"ps2-col-2-linea-1\">Por cada 100g de producto:<\/p>\n<p>[\/vc_column_text][vc_column_text]<\/p>\n<table align=\"right\">\n<tbody>\n<tr class=\"thead\">\n<td>Energ\u00eda y\/o Nutrientes<\/td>\n<td>Valor<\/td>\n<td>%RID*<\/td>\n<\/tr>\n<tr class=\"even\">\n<td>Valor Energ\u00e9tico (Cal)<\/td>\n<td>300<\/td>\n<td>15<\/td>\n<\/tr>\n<tr class=\"odd\">\n<td>Prote\u00edna (g)<\/td>\n<td>14<\/td>\n<td>20<\/td>\n<\/tr>\n<tr class=\"even\">\n<td>Grasa (g)<\/td>\n<td>25<\/td>\n<td>40<\/td>\n<\/tr>\n<tr class=\"odd\">\n<td>Colesterol<\/td>\n<td>55mg<\/td>\n<td><\/td>\n<\/tr>\n<tr class=\"even\">\n<td>Sodio<\/td>\n<td>850mg<\/td>\n<td><\/td>\n<\/tr>\n<tr class=\"odd\">\n<td>Hidratos de Carbono (g)<\/td>\n<td>5<\/td>\n<td>0<\/td>\n<\/tr>\n<tr class=\"even\">\n<td>Vitamina A<\/td>\n<td>136ER<\/td>\n<td>15<\/td>\n<\/tr>\n<tr class=\"odd\">\n<td>Riboflavina<\/td>\n<td>0,8mg<\/td>\n<td>70<\/td>\n<\/tr>\n<tr class=\"even\">\n<td>Tiamina<\/td>\n<td>0,3mg<\/td>\n<td>30<\/td>\n<\/tr>\n<tr class=\"odd\">\n<td>Niacina<\/td>\n<td>4,9mg<\/td>\n<td>35<\/td>\n<\/tr>\n<tr class=\"even\">\n<td>Calcio<\/td>\n<td>20mg<\/td>\n<td>2<\/td>\n<\/tr>\n<tr class=\"odd\">\n<td>Hierro<\/td>\n<td>1,97mg<\/td>\n<td>15<\/td>\n<\/tr>\n<tr class=\"even\">\n<td>Fosforo<\/td>\n<td>214mg<\/td>\n<td>20<\/td>\n<\/tr>\n<tr class=\"odd\">\n<td>Zinc<\/td>\n<td>1,1mg<\/td>\n<td>8<\/td>\n<\/tr>\n<tr class=\"even\">\n<td>Magnesio<\/td>\n<td>23mg<\/td>\n<td>8<\/td>\n<\/tr>\n<\/tbody>\n<\/table>\n<p>[\/vc_column_text][vc_column_text]<\/p>\n<p class=\"ps2-col-2-linea-2\">*Valor de referencia de energ\u00eda y nutrientes para la poblaci\u00f3n venezolana.<\/p>\n<p class=\"ps2-col-2-linea-3\">Revisi\u00f3n 2000<\/p>\n<p>[\/vc_column_text][\/vc_column][\/vc_row]<\/p>\n<\/div>","protected":false},"excerpt":{"rendered":"<p>[vc_row css_animation=\u00bb\u00bb row_type=\u00bbrow\u00bb use_row_as_full_screen_section=\u00bbno\u00bb type=\u00bbfull_width\u00bb angled_section=\u00bbno\u00bb text_align=\u00bbleft\u00bb background_image_as_pattern=\u00bbwithout_pattern\u00bb css=\u00bb.vc_custom_1512497554047{background-color: #ffffff !important;}\u00bb el_class=\u00bbproduct-sec-1&#8243;][vc_column width=\u00bb1\/2&#8243; css=\u00bb.vc_custom_1616444502904{padding-right: 60px !important;padding-left: 60px !important;background-color: #ffffff !important;}\u00bb el_class=\u00bbps1-col-1&#8243;][vc_single_image image=\u00bb16679&#8243; img_size=\u00bbfull\u00bb alignment=\u00bbcenter\u00bb qode_css_animation=\u00bbelement_from_left\u00bb el_class=\u00bbimagen-producto\u00bb][vc_column_text] [\/vc_column_text][\/vc_column][vc_column css_animation=\u00bbright-to-left\u00bb width=\u00bb1\/2&#8243; css=\u00bb.vc_custom_1616444460040{padding-top:&#8230;<\/p>\n","protected":false},"author":1,"featured_media":0,"parent":0,"menu_order":0,"comment_status":"closed","ping_status":"closed","template":"full_width.php","meta":{"_acf_changed":false,"footnotes":""},"class_list":["post-16683","page","type-page","status-publish","hentry"],"acf":[],"yoast_head":"<!-- This site is optimized with the Yoast SEO plugin v26.9 - https:\/\/yoast.com\/product\/yoast-seo-wordpress\/ -->\n<title>Diablitos\u2122 Underwood\u2122 - Diablitos Underwood - Venezuela<\/title>\n<meta name=\"robots\" content=\"index, follow, max-snippet:-1, max-image-preview:large, max-video-preview:-1\" \/>\n<link rel=\"canonical\" href=\"https:\/\/actualizando.site\/diablitos\/diablitos-aluminio\/\" \/>\n<meta property=\"og:locale\" content=\"es_ES\" \/>\n<meta property=\"og:type\" content=\"article\" \/>\n<meta property=\"og:title\" content=\"Diablitos\u2122 Underwood\u2122 - Diablitos Underwood - Venezuela\" \/>\n<meta property=\"og:description\" content=\"[vc_row css_animation=\u00bb\u00bb row_type=\u00bbrow\u00bb use_row_as_full_screen_section=\u00bbno\u00bb type=\u00bbfull_width\u00bb angled_section=\u00bbno\u00bb text_align=\u00bbleft\u00bb background_image_as_pattern=\u00bbwithout_pattern\u00bb css=\u00bb.vc_custom_1512497554047{background-color: #ffffff !important;}\u00bb el_class=\u00bbproduct-sec-1&#8243;][vc_column width=\u00bb1\/2&#8243; css=\u00bb.vc_custom_1616444502904{padding-right: 60px !important;padding-left: 60px !important;background-color: #ffffff !important;}\u00bb el_class=\u00bbps1-col-1&#8243;][vc_single_image image=\u00bb16679&#8243; img_size=\u00bbfull\u00bb alignment=\u00bbcenter\u00bb qode_css_animation=\u00bbelement_from_left\u00bb el_class=\u00bbimagen-producto\u00bb][vc_column_text] [\/vc_column_text][\/vc_column][vc_column css_animation=\u00bbright-to-left\u00bb width=\u00bb1\/2&#8243; css=\u00bb.vc_custom_1616444460040{padding-top:...\" \/>\n<meta property=\"og:url\" content=\"https:\/\/actualizando.site\/diablitos\/diablitos-aluminio\/\" \/>\n<meta property=\"og:site_name\" content=\"Diablitos Underwood - Venezuela\" \/>\n<meta property=\"article:publisher\" content=\"https:\/\/www.facebook.com\/DiablitosUnderwoodVe\" \/>\n<meta property=\"article:modified_time\" content=\"2021-03-22T20:30:05+00:00\" \/>\n<meta name=\"twitter:card\" content=\"summary_large_image\" \/>\n<meta name=\"twitter:site\" content=\"@DiablitosVzla\" \/>\n<meta name=\"twitter:label1\" content=\"Tiempo de lectura\" \/>\n\t<meta name=\"twitter:data1\" content=\"2 minutos\" \/>\n<script type=\"application\/ld+json\" class=\"yoast-schema-graph\">{\"@context\":\"https:\/\/schema.org\",\"@graph\":[{\"@type\":\"WebPage\",\"@id\":\"https:\/\/actualizando.site\/diablitos\/diablitos-aluminio\/\",\"url\":\"https:\/\/actualizando.site\/diablitos\/diablitos-aluminio\/\",\"name\":\"Diablitos\u2122 Underwood\u2122 - Diablitos Underwood - Venezuela\",\"isPartOf\":{\"@id\":\"https:\/\/actualizando.site\/diablitos\/#website\"},\"datePublished\":\"2017-12-05T18:13:54+00:00\",\"dateModified\":\"2021-03-22T20:30:05+00:00\",\"breadcrumb\":{\"@id\":\"https:\/\/actualizando.site\/diablitos\/diablitos-aluminio\/#breadcrumb\"},\"inLanguage\":\"es\",\"potentialAction\":[{\"@type\":\"ReadAction\",\"target\":[\"https:\/\/actualizando.site\/diablitos\/diablitos-aluminio\/\"]}]},{\"@type\":\"BreadcrumbList\",\"@id\":\"https:\/\/actualizando.site\/diablitos\/diablitos-aluminio\/#breadcrumb\",\"itemListElement\":[{\"@type\":\"ListItem\",\"position\":1,\"name\":\"Portada\",\"item\":\"https:\/\/actualizando.site\/diablitos\/\"},{\"@type\":\"ListItem\",\"position\":2,\"name\":\"Diablitos\u2122 Underwood\u2122\"}]},{\"@type\":\"WebSite\",\"@id\":\"https:\/\/actualizando.site\/diablitos\/#website\",\"url\":\"https:\/\/actualizando.site\/diablitos\/\",\"name\":\"Diablitos Underwood - Venezuela\",\"description\":\"Alimenta tu vida\",\"potentialAction\":[{\"@type\":\"SearchAction\",\"target\":{\"@type\":\"EntryPoint\",\"urlTemplate\":\"https:\/\/actualizando.site\/diablitos\/?s={search_term_string}\"},\"query-input\":{\"@type\":\"PropertyValueSpecification\",\"valueRequired\":true,\"valueName\":\"search_term_string\"}}],\"inLanguage\":\"es\"}]}<\/script>\n<!-- \/ Yoast SEO plugin. -->","yoast_head_json":{"title":"Diablitos\u2122 Underwood\u2122 - Diablitos Underwood - Venezuela","robots":{"index":"index","follow":"follow","max-snippet":"max-snippet:-1","max-image-preview":"max-image-preview:large","max-video-preview":"max-video-preview:-1"},"canonical":"https:\/\/actualizando.site\/diablitos\/diablitos-aluminio\/","og_locale":"es_ES","og_type":"article","og_title":"Diablitos\u2122 Underwood\u2122 - Diablitos Underwood - Venezuela","og_description":"[vc_row css_animation=\u00bb\u00bb row_type=\u00bbrow\u00bb use_row_as_full_screen_section=\u00bbno\u00bb type=\u00bbfull_width\u00bb angled_section=\u00bbno\u00bb text_align=\u00bbleft\u00bb background_image_as_pattern=\u00bbwithout_pattern\u00bb css=\u00bb.vc_custom_1512497554047{background-color: #ffffff !important;}\u00bb el_class=\u00bbproduct-sec-1&#8243;][vc_column width=\u00bb1\/2&#8243; css=\u00bb.vc_custom_1616444502904{padding-right: 60px !important;padding-left: 60px !important;background-color: #ffffff !important;}\u00bb el_class=\u00bbps1-col-1&#8243;][vc_single_image image=\u00bb16679&#8243; img_size=\u00bbfull\u00bb alignment=\u00bbcenter\u00bb qode_css_animation=\u00bbelement_from_left\u00bb el_class=\u00bbimagen-producto\u00bb][vc_column_text] [\/vc_column_text][\/vc_column][vc_column css_animation=\u00bbright-to-left\u00bb width=\u00bb1\/2&#8243; css=\u00bb.vc_custom_1616444460040{padding-top:...","og_url":"https:\/\/actualizando.site\/diablitos\/diablitos-aluminio\/","og_site_name":"Diablitos Underwood - Venezuela","article_publisher":"https:\/\/www.facebook.com\/DiablitosUnderwoodVe","article_modified_time":"2021-03-22T20:30:05+00:00","twitter_card":"summary_large_image","twitter_site":"@DiablitosVzla","twitter_misc":{"Tiempo de lectura":"2 minutos"},"schema":{"@context":"https:\/\/schema.org","@graph":[{"@type":"WebPage","@id":"https:\/\/actualizando.site\/diablitos\/diablitos-aluminio\/","url":"https:\/\/actualizando.site\/diablitos\/diablitos-aluminio\/","name":"Diablitos\u2122 Underwood\u2122 - Diablitos Underwood - Venezuela","isPartOf":{"@id":"https:\/\/actualizando.site\/diablitos\/#website"},"datePublished":"2017-12-05T18:13:54+00:00","dateModified":"2021-03-22T20:30:05+00:00","breadcrumb":{"@id":"https:\/\/actualizando.site\/diablitos\/diablitos-aluminio\/#breadcrumb"},"inLanguage":"es","potentialAction":[{"@type":"ReadAction","target":["https:\/\/actualizando.site\/diablitos\/diablitos-aluminio\/"]}]},{"@type":"BreadcrumbList","@id":"https:\/\/actualizando.site\/diablitos\/diablitos-aluminio\/#breadcrumb","itemListElement":[{"@type":"ListItem","position":1,"name":"Portada","item":"https:\/\/actualizando.site\/diablitos\/"},{"@type":"ListItem","position":2,"name":"Diablitos\u2122 Underwood\u2122"}]},{"@type":"WebSite","@id":"https:\/\/actualizando.site\/diablitos\/#website","url":"https:\/\/actualizando.site\/diablitos\/","name":"Diablitos Underwood - Venezuela","description":"Alimenta tu vida","potentialAction":[{"@type":"SearchAction","target":{"@type":"EntryPoint","urlTemplate":"https:\/\/actualizando.site\/diablitos\/?s={search_term_string}"},"query-input":{"@type":"PropertyValueSpecification","valueRequired":true,"valueName":"search_term_string"}}],"inLanguage":"es"}]}},"_links":{"self":[{"href":"https:\/\/actualizando.site\/diablitos\/wp-json\/wp\/v2\/pages\/16683","targetHints":{"allow":["GET"]}}],"collection":[{"href":"https:\/\/actualizando.site\/diablitos\/wp-json\/wp\/v2\/pages"}],"about":[{"href":"https:\/\/actualizando.site\/diablitos\/wp-json\/wp\/v2\/types\/page"}],"author":[{"embeddable":true,"href":"https:\/\/actualizando.site\/diablitos\/wp-json\/wp\/v2\/users\/1"}],"replies":[{"embeddable":true,"href":"https:\/\/actualizando.site\/diablitos\/wp-json\/wp\/v2\/comments?post=16683"}],"version-history":[{"count":0,"href":"https:\/\/actualizando.site\/diablitos\/wp-json\/wp\/v2\/pages\/16683\/revisions"}],"wp:attachment":[{"href":"https:\/\/actualizando.site\/diablitos\/wp-json\/wp\/v2\/media?parent=16683"}],"curies":[{"name":"wp","href":"https:\/\/api.w.org\/{rel}","templated":true}]}}