{"id":16751,"date":"2017-12-06T01:42:54","date_gmt":"2017-12-06T01:42:54","guid":{"rendered":"http:\/\/diablitos.com\/?page_id=16751"},"modified":"2021-03-22T20:44:44","modified_gmt":"2021-03-22T20:44:44","slug":"dips-underwood-diablitos-picante","status":"publish","type":"page","link":"https:\/\/actualizando.site\/diablitos\/dips-underwood-diablitos-picante\/","title":{"rendered":"Dips Underwood de Diablitos\u2122 Picante"},"content":{"rendered":"<div class=\"wpb-content-wrapper\"><p>[vc_row css_animation=\u00bb\u00bb row_type=\u00bbrow\u00bb use_row_as_full_screen_section=\u00bbno\u00bb type=\u00bbfull_width\u00bb angled_section=\u00bbno\u00bb text_align=\u00bbleft\u00bb background_image_as_pattern=\u00bbwithout_pattern\u00bb css=\u00bb.vc_custom_1512497554047{background-color: #ffffff !important;}\u00bb el_class=\u00bbproduct-sec-1&#8243;][vc_column width=\u00bb1\/2&#8243; css=\u00bb.vc_custom_1616445855720{padding-right: 60px !important;padding-left: 60px !important;background-color: #ffffff !important;}\u00bb el_class=\u00bbps1-col-1&#8243;][vc_single_image image=\u00bb17573&#8243; img_size=\u00bbfull\u00bb alignment=\u00bbcenter\u00bb qode_css_animation=\u00bbelement_from_left\u00bb qode_hover_animation=\u00bbzoom_in\u00bb el_class=\u00bbimagen-producto\u00bb][vc_column_text]<\/p>\n<p style=\"text-align: center;\"><div class=\"addtoany_shortcode\"><div class=\"a2a_kit a2a_kit_size_32 addtoany_list\" data-a2a-url=\"https:\/\/actualizando.site\/diablitos\/dips-underwood-diablitos-picante\/\" data-a2a-title=\"Dips Underwood de Diablitos\u2122 Picante\"><a class=\"a2a_button_facebook\" href=\"https:\/\/www.addtoany.com\/add_to\/facebook?linkurl=https%3A%2F%2Factualizando.site%2Fdiablitos%2Fdips-underwood-diablitos-picante%2F&amp;linkname=Dips%20Underwood%20de%20Diablitos%E2%84%A2%20Picante\" title=\"Facebook\" rel=\"nofollow noopener\" target=\"_blank\"><\/a><a class=\"a2a_button_twitter\" href=\"https:\/\/www.addtoany.com\/add_to\/twitter?linkurl=https%3A%2F%2Factualizando.site%2Fdiablitos%2Fdips-underwood-diablitos-picante%2F&amp;linkname=Dips%20Underwood%20de%20Diablitos%E2%84%A2%20Picante\" title=\"Twitter\" rel=\"nofollow noopener\" target=\"_blank\"><\/a><a class=\"a2a_button_whatsapp\" href=\"https:\/\/www.addtoany.com\/add_to\/whatsapp?linkurl=https%3A%2F%2Factualizando.site%2Fdiablitos%2Fdips-underwood-diablitos-picante%2F&amp;linkname=Dips%20Underwood%20de%20Diablitos%E2%84%A2%20Picante\" title=\"WhatsApp\" rel=\"nofollow noopener\" target=\"_blank\"><\/a><a class=\"a2a_button_email\" href=\"https:\/\/www.addtoany.com\/add_to\/email?linkurl=https%3A%2F%2Factualizando.site%2Fdiablitos%2Fdips-underwood-diablitos-picante%2F&amp;linkname=Dips%20Underwood%20de%20Diablitos%E2%84%A2%20Picante\" title=\"Email\" rel=\"nofollow noopener\" target=\"_blank\"><\/a><\/div><\/div><\/p>\n<p>[\/vc_column_text][\/vc_column][vc_column css_animation=\u00bbright-to-left\u00bb width=\u00bb1\/2&#8243; css=\u00bb.vc_custom_1616445845910{padding-top: 60px !important;padding-right: 60px !important;padding-bottom: 40px !important;padding-left: 60px !important;background-color: #f2f0f1 !important;}\u00bb el_class=\u00bbps1-col-2&#8243;][vc_column_text]<\/p>\n<h2 style=\"text-align: center;\">Descripci\u00f3n<\/h2>\n<p>[\/vc_column_text][vc_separator type=\u00bbsmall\u00bb position=\u00bbcenter\u00bb gradient_color=\u00bbyes\u00bb color=\u00bb#ab1f23&#8243; thickness=\u00bb2&#8243; width=\u00bb50&#8243; up=\u00bb15&#8243; down=\u00bb15&#8243;][vc_column_text]<\/p>\n<p class=\"descr-prod-1\" style=\"text-align: center;\">Envase de Vidrio<\/p>\n<p class=\"descr-prod-2\" style=\"text-align: center;\">220gr<\/p>\n<p class=\"descr-prod-3\" style=\"text-align: justify;\">Deliciosas salsas para dipear en 3 sabores Diablitos\u2122, Diablitos\u2122 Picante y Pimientos Morrones ideales para compartir junto a familiares o amigos en cualquier ocasi\u00f3n especial, desde reunirse para conversar y picar algo hasta una celebraci\u00f3n e incluso al ver una pel\u00edcula o el partido en casa. Son el acompa\u00f1ante ideal de galletas, tortillas de ma\u00edz, se\u00f1oritas, pan, tostadas o cualquier otro snack que desees sumergir en el excelente sabor de estas 3 combinaciones.<\/p>\n<p>[\/vc_column_text][\/vc_column][\/vc_row][vc_row css_animation=\u00bb\u00bb row_type=\u00bbrow\u00bb use_row_as_full_screen_section=\u00bbno\u00bb type=\u00bbfull_width\u00bb angled_section=\u00bbno\u00bb text_align=\u00bbleft\u00bb background_image_as_pattern=\u00bbwithout_pattern\u00bb background_color=\u00bb#ab1f23&#8243; border_color=\u00bb#f2f0f1&#8243; el_class=\u00bbproduct-sec-2&#8243; css=\u00bb.vc_custom_1512499208891{background-color: #ab1f23 !important;}\u00bb][vc_column css_animation=\u00bbleft-to-right\u00bb width=\u00bb1\/2&#8243; css=\u00bb.vc_custom_1616445881861{padding-top: 60px !important;padding-right: 60px !important;padding-bottom: 40px !important;padding-left: 60px !important;background-color: #ab1f23 !important;}\u00bb el_class=\u00bbps2-col-1&#8243;][vc_column_text]<\/p>\n<h2 class=\"benef-linea-1\" style=\"text-align: center;\">Beneficios<\/h2>\n<p>[\/vc_column_text][vc_separator type=\u00bbsmall\u00bb position=\u00bbcenter\u00bb gradient_color=\u00bbyes\u00bb color=\u00bb#ffffff\u00bb thickness=\u00bb2&#8243; width=\u00bb50&#8243; up=\u00bb15&#8243; down=\u00bb15&#8243;]<div class='q_icon_with_title tiny custom_icon_image left_from_title '><div class=\"icon_text_holder\" style=\"\"><div class=\"icon_text_inner\" style=\"\"><div class=\"icon_title_holder\"><div class=\"icon_holder q_icon_animation\" style=\" transition-delay: .3ms; -webkit-transition-delay: .3ms; -moz-transition-delay: .3ms; -o-transition-delay: .3ms;\"><img itemprop=\"image\" style=\"\" src=\"https:\/\/actualizando.site\/diablitos\/wp-content\/uploads\/2017\/12\/people.png\" alt=\"\"><\/div><h5 class=\"icon_title\" style=\"color: #ffffff;font-weight: 400;\">Excelente sabor.<\/h5><\/div><p style=''><\/p><\/div><\/div><\/div><div class='q_icon_with_title tiny custom_icon_image left_from_title '><div class=\"icon_text_holder\" style=\"\"><div class=\"icon_text_inner\" style=\"\"><div class=\"icon_title_holder\"><div class=\"icon_holder q_icon_animation\" style=\" transition-delay: .3ms; -webkit-transition-delay: .3ms; -moz-transition-delay: .3ms; -o-transition-delay: .3ms;\"><img itemprop=\"image\" style=\"\" src=\"https:\/\/actualizando.site\/diablitos\/wp-content\/uploads\/2017\/12\/medal.png\" alt=\"\"><\/div><h5 class=\"icon_title\" style=\"color: #ffffff;font-weight: 400;\">Ingredientes de alta calidad.<\/h5><\/div><p style=''><\/p><\/div><\/div><\/div><div class='q_icon_with_title tiny custom_icon_image left_from_title '><div class=\"icon_text_holder\" style=\"\"><div class=\"icon_text_inner\" style=\"\"><div class=\"icon_title_holder\"><div class=\"icon_holder q_icon_animation\" style=\" transition-delay: .3ms; -webkit-transition-delay: .3ms; -moz-transition-delay: .3ms; -o-transition-delay: .3ms;\"><img itemprop=\"image\" style=\"\" src=\"https:\/\/actualizando.site\/diablitos\/wp-content\/uploads\/2017\/12\/seasoning.png\" alt=\"\"><\/div><h5 class=\"icon_title\" style=\"color: #ffffff;font-weight: 400;\">Variedad de sabores para todos los gustos.<\/h5><\/div><p style=''><\/p><\/div><\/div><\/div><div class='q_icon_with_title tiny custom_icon_image left_from_title '><div class=\"icon_text_holder\" style=\"\"><div class=\"icon_text_inner\" style=\"\"><div class=\"icon_title_holder\"><div class=\"icon_holder q_icon_animation\" style=\" transition-delay: .3ms; -webkit-transition-delay: .3ms; -moz-transition-delay: .3ms; -o-transition-delay: .3ms;\"><img itemprop=\"image\" style=\"\" src=\"https:\/\/actualizando.site\/diablitos\/wp-content\/uploads\/2017\/12\/facebook-like-hand-symbol-outline.png\" alt=\"\"><\/div><h5 class=\"icon_title\" style=\"color: #ffffff;font-weight: 400;\">Practicidad de empaque. Solo destapa y listo.<\/h5><\/div><p style=''><\/p><\/div><\/div><\/div><div class='q_icon_with_title tiny custom_icon_image left_from_title '><div class=\"icon_text_holder\" style=\"\"><div class=\"icon_text_inner\" style=\"\"><div class=\"icon_title_holder\"><div class=\"icon_holder q_icon_animation\" style=\" transition-delay: .3ms; -webkit-transition-delay: .3ms; -moz-transition-delay: .3ms; -o-transition-delay: .3ms;\"><img itemprop=\"image\" style=\"\" src=\"https:\/\/actualizando.site\/diablitos\/wp-content\/uploads\/2017\/12\/piggy-bank.png\" alt=\"\"><\/div><h5 class=\"icon_title\" style=\"color: #ffffff;font-weight: 400;\">Excelente relaci\u00f3n precio-valor.<\/h5><\/div><p style=''><\/p><\/div><\/div><\/div><div class='q_icon_with_title tiny custom_icon_image left_from_title '><div class=\"icon_text_holder\" style=\"\"><div class=\"icon_text_inner\" style=\"\"><div class=\"icon_title_holder\"><div class=\"icon_holder q_icon_animation\" style=\" transition-delay: .3ms; -webkit-transition-delay: .3ms; -moz-transition-delay: .3ms; -o-transition-delay: .3ms;\"><img itemprop=\"image\" style=\"\" src=\"https:\/\/actualizando.site\/diablitos\/wp-content\/uploads\/2017\/12\/two-fingers-of-a-hand.png\" alt=\"\"><\/div><h5 class=\"icon_title\" style=\"color: #ffffff;font-weight: 400;\">Vida \u00fatil de hasta 2 a\u00f1os.<\/h5><\/div><p style=''><\/p><\/div><\/div><\/div><div class='q_icon_with_title tiny custom_icon_image left_from_title '><div class=\"icon_text_holder\" style=\"\"><div class=\"icon_text_inner\" style=\"\"><div class=\"icon_title_holder\"><div class=\"icon_holder q_icon_animation\" style=\" transition-delay: .3ms; -webkit-transition-delay: .3ms; -moz-transition-delay: .3ms; -o-transition-delay: .3ms;\"><img itemprop=\"image\" style=\"\" src=\"https:\/\/actualizando.site\/diablitos\/wp-content\/uploads\/2017\/12\/biscuit.png\" alt=\"\"><\/div><h5 class=\"icon_title\" style=\"color: #ffffff;font-weight: 400;\">Rinde 35 porciones por envase.<\/h5><\/div><p style=''><\/p><\/div><\/div><\/div>[\/vc_column][vc_column css_animation=\u00bbright-to-left\u00bb width=\u00bb1\/2&#8243; el_class=\u00bbps2-col-2&#8243; css=\u00bb.vc_custom_1616445867816{padding-top: 60px !important;padding-right: 60px !important;padding-bottom: 40px !important;padding-left: 60px !important;background-color: #ffffff !important;}\u00bb][vc_column_text]<\/p>\n<h2 style=\"text-align: center;\">Tabla nutricional<\/h2>\n<p>[\/vc_column_text][vc_separator type=\u00bbsmall\u00bb position=\u00bbcenter\u00bb gradient_color=\u00bbyes\u00bb color=\u00bb#ab1f23&#8243; thickness=\u00bb2&#8243; width=\u00bb50&#8243; up=\u00bb15&#8243; down=\u00bb15&#8243;][vc_column_text]<\/p>\n<p class=\"ps2-col-2-linea-1\">Por cada 100g de producto:<\/p>\n<p>[\/vc_column_text][vc_column_text]<\/p>\n<table align=\"right\">\n<tbody>\n<tr class=\"thead\">\n<td>Energ\u00eda y\/o Nutrientes<\/td>\n<td>Valor<\/td>\n<td>%RID*<\/td>\n<\/tr>\n<tr class=\"even\">\n<td>Valor Energ\u00e9tico (Cal)<\/td>\n<td>120<\/td>\n<td>6<\/td>\n<\/tr>\n<tr class=\"odd\">\n<td>Prote\u00edna (g)<\/td>\n<td>6<\/td>\n<td>15<\/td>\n<\/tr>\n<tr class=\"even\">\n<td>Grasa (g)<\/td>\n<td>6<\/td>\n<td>10<\/td>\n<\/tr>\n<tr class=\"odd\">\n<td>Hidratos de Carbono (g)<\/td>\n<td>12<\/td>\n<td>4<\/td>\n<\/tr>\n<\/tbody>\n<\/table>\n<p>[\/vc_column_text][vc_column_text]<\/p>\n<p class=\"ps2-col-2-linea-2\">*Valor de referencia de energ\u00eda y nutrientes para la poblaci\u00f3n venezolana.<\/p>\n<p class=\"ps2-col-2-linea-3\">Revisi\u00f3n 2000<\/p>\n<p>[\/vc_column_text][\/vc_column][\/vc_row]<\/p>\n<\/div>","protected":false},"excerpt":{"rendered":"<p>[vc_row css_animation=\u00bb\u00bb row_type=\u00bbrow\u00bb use_row_as_full_screen_section=\u00bbno\u00bb type=\u00bbfull_width\u00bb angled_section=\u00bbno\u00bb text_align=\u00bbleft\u00bb background_image_as_pattern=\u00bbwithout_pattern\u00bb css=\u00bb.vc_custom_1512497554047{background-color: #ffffff !important;}\u00bb el_class=\u00bbproduct-sec-1&#8243;][vc_column width=\u00bb1\/2&#8243; css=\u00bb.vc_custom_1616445855720{padding-right: 60px !important;padding-left: 60px !important;background-color: #ffffff !important;}\u00bb el_class=\u00bbps1-col-1&#8243;][vc_single_image image=\u00bb17573&#8243; img_size=\u00bbfull\u00bb alignment=\u00bbcenter\u00bb qode_css_animation=\u00bbelement_from_left\u00bb qode_hover_animation=\u00bbzoom_in\u00bb el_class=\u00bbimagen-producto\u00bb][vc_column_text] [\/vc_column_text][\/vc_column][vc_column css_animation=\u00bbright-to-left\u00bb width=\u00bb1\/2&#8243;&#8230;<\/p>\n","protected":false},"author":1,"featured_media":0,"parent":0,"menu_order":0,"comment_status":"closed","ping_status":"closed","template":"full_width.php","meta":{"_acf_changed":false,"footnotes":""},"class_list":["post-16751","page","type-page","status-publish","hentry"],"acf":[],"yoast_head":"<!-- This site is optimized with the Yoast SEO plugin v26.9 - https:\/\/yoast.com\/product\/yoast-seo-wordpress\/ -->\n<title>Dips Underwood de Diablitos\u2122 Picante - Diablitos Underwood - Venezuela<\/title>\n<meta name=\"robots\" content=\"index, follow, max-snippet:-1, max-image-preview:large, max-video-preview:-1\" \/>\n<link rel=\"canonical\" href=\"https:\/\/actualizando.site\/diablitos\/dips-underwood-diablitos-picante\/\" \/>\n<meta property=\"og:locale\" content=\"es_ES\" \/>\n<meta property=\"og:type\" content=\"article\" \/>\n<meta property=\"og:title\" content=\"Dips Underwood de Diablitos\u2122 Picante - Diablitos Underwood - Venezuela\" \/>\n<meta property=\"og:description\" content=\"[vc_row css_animation=\u00bb\u00bb row_type=\u00bbrow\u00bb use_row_as_full_screen_section=\u00bbno\u00bb type=\u00bbfull_width\u00bb angled_section=\u00bbno\u00bb text_align=\u00bbleft\u00bb background_image_as_pattern=\u00bbwithout_pattern\u00bb css=\u00bb.vc_custom_1512497554047{background-color: #ffffff !important;}\u00bb el_class=\u00bbproduct-sec-1&#8243;][vc_column width=\u00bb1\/2&#8243; css=\u00bb.vc_custom_1616445855720{padding-right: 60px !important;padding-left: 60px !important;background-color: #ffffff !important;}\u00bb el_class=\u00bbps1-col-1&#8243;][vc_single_image image=\u00bb17573&#8243; img_size=\u00bbfull\u00bb alignment=\u00bbcenter\u00bb qode_css_animation=\u00bbelement_from_left\u00bb qode_hover_animation=\u00bbzoom_in\u00bb el_class=\u00bbimagen-producto\u00bb][vc_column_text] [\/vc_column_text][\/vc_column][vc_column css_animation=\u00bbright-to-left\u00bb width=\u00bb1\/2&#8243;...\" \/>\n<meta property=\"og:url\" content=\"https:\/\/actualizando.site\/diablitos\/dips-underwood-diablitos-picante\/\" \/>\n<meta property=\"og:site_name\" content=\"Diablitos Underwood - Venezuela\" \/>\n<meta property=\"article:publisher\" content=\"https:\/\/www.facebook.com\/DiablitosUnderwoodVe\" \/>\n<meta property=\"article:modified_time\" content=\"2021-03-22T20:44:44+00:00\" \/>\n<meta name=\"twitter:card\" content=\"summary_large_image\" \/>\n<meta name=\"twitter:site\" content=\"@DiablitosVzla\" \/>\n<meta name=\"twitter:label1\" content=\"Tiempo de lectura\" \/>\n\t<meta name=\"twitter:data1\" content=\"2 minutos\" \/>\n<script type=\"application\/ld+json\" class=\"yoast-schema-graph\">{\"@context\":\"https:\/\/schema.org\",\"@graph\":[{\"@type\":\"WebPage\",\"@id\":\"https:\/\/actualizando.site\/diablitos\/dips-underwood-diablitos-picante\/\",\"url\":\"https:\/\/actualizando.site\/diablitos\/dips-underwood-diablitos-picante\/\",\"name\":\"Dips Underwood de Diablitos\u2122 Picante - Diablitos Underwood - Venezuela\",\"isPartOf\":{\"@id\":\"https:\/\/actualizando.site\/diablitos\/#website\"},\"datePublished\":\"2017-12-06T01:42:54+00:00\",\"dateModified\":\"2021-03-22T20:44:44+00:00\",\"breadcrumb\":{\"@id\":\"https:\/\/actualizando.site\/diablitos\/dips-underwood-diablitos-picante\/#breadcrumb\"},\"inLanguage\":\"es\",\"potentialAction\":[{\"@type\":\"ReadAction\",\"target\":[\"https:\/\/actualizando.site\/diablitos\/dips-underwood-diablitos-picante\/\"]}]},{\"@type\":\"BreadcrumbList\",\"@id\":\"https:\/\/actualizando.site\/diablitos\/dips-underwood-diablitos-picante\/#breadcrumb\",\"itemListElement\":[{\"@type\":\"ListItem\",\"position\":1,\"name\":\"Portada\",\"item\":\"https:\/\/actualizando.site\/diablitos\/\"},{\"@type\":\"ListItem\",\"position\":2,\"name\":\"Dips Underwood de Diablitos\u2122 Picante\"}]},{\"@type\":\"WebSite\",\"@id\":\"https:\/\/actualizando.site\/diablitos\/#website\",\"url\":\"https:\/\/actualizando.site\/diablitos\/\",\"name\":\"Diablitos Underwood - Venezuela\",\"description\":\"Alimenta tu vida\",\"potentialAction\":[{\"@type\":\"SearchAction\",\"target\":{\"@type\":\"EntryPoint\",\"urlTemplate\":\"https:\/\/actualizando.site\/diablitos\/?s={search_term_string}\"},\"query-input\":{\"@type\":\"PropertyValueSpecification\",\"valueRequired\":true,\"valueName\":\"search_term_string\"}}],\"inLanguage\":\"es\"}]}<\/script>\n<!-- \/ Yoast SEO plugin. -->","yoast_head_json":{"title":"Dips Underwood de Diablitos\u2122 Picante - Diablitos Underwood - Venezuela","robots":{"index":"index","follow":"follow","max-snippet":"max-snippet:-1","max-image-preview":"max-image-preview:large","max-video-preview":"max-video-preview:-1"},"canonical":"https:\/\/actualizando.site\/diablitos\/dips-underwood-diablitos-picante\/","og_locale":"es_ES","og_type":"article","og_title":"Dips Underwood de Diablitos\u2122 Picante - Diablitos Underwood - Venezuela","og_description":"[vc_row css_animation=\u00bb\u00bb row_type=\u00bbrow\u00bb use_row_as_full_screen_section=\u00bbno\u00bb type=\u00bbfull_width\u00bb angled_section=\u00bbno\u00bb text_align=\u00bbleft\u00bb background_image_as_pattern=\u00bbwithout_pattern\u00bb css=\u00bb.vc_custom_1512497554047{background-color: #ffffff !important;}\u00bb el_class=\u00bbproduct-sec-1&#8243;][vc_column width=\u00bb1\/2&#8243; css=\u00bb.vc_custom_1616445855720{padding-right: 60px !important;padding-left: 60px !important;background-color: #ffffff !important;}\u00bb el_class=\u00bbps1-col-1&#8243;][vc_single_image image=\u00bb17573&#8243; img_size=\u00bbfull\u00bb alignment=\u00bbcenter\u00bb qode_css_animation=\u00bbelement_from_left\u00bb qode_hover_animation=\u00bbzoom_in\u00bb el_class=\u00bbimagen-producto\u00bb][vc_column_text] [\/vc_column_text][\/vc_column][vc_column css_animation=\u00bbright-to-left\u00bb width=\u00bb1\/2&#8243;...","og_url":"https:\/\/actualizando.site\/diablitos\/dips-underwood-diablitos-picante\/","og_site_name":"Diablitos Underwood - Venezuela","article_publisher":"https:\/\/www.facebook.com\/DiablitosUnderwoodVe","article_modified_time":"2021-03-22T20:44:44+00:00","twitter_card":"summary_large_image","twitter_site":"@DiablitosVzla","twitter_misc":{"Tiempo de lectura":"2 minutos"},"schema":{"@context":"https:\/\/schema.org","@graph":[{"@type":"WebPage","@id":"https:\/\/actualizando.site\/diablitos\/dips-underwood-diablitos-picante\/","url":"https:\/\/actualizando.site\/diablitos\/dips-underwood-diablitos-picante\/","name":"Dips Underwood de Diablitos\u2122 Picante - Diablitos Underwood - Venezuela","isPartOf":{"@id":"https:\/\/actualizando.site\/diablitos\/#website"},"datePublished":"2017-12-06T01:42:54+00:00","dateModified":"2021-03-22T20:44:44+00:00","breadcrumb":{"@id":"https:\/\/actualizando.site\/diablitos\/dips-underwood-diablitos-picante\/#breadcrumb"},"inLanguage":"es","potentialAction":[{"@type":"ReadAction","target":["https:\/\/actualizando.site\/diablitos\/dips-underwood-diablitos-picante\/"]}]},{"@type":"BreadcrumbList","@id":"https:\/\/actualizando.site\/diablitos\/dips-underwood-diablitos-picante\/#breadcrumb","itemListElement":[{"@type":"ListItem","position":1,"name":"Portada","item":"https:\/\/actualizando.site\/diablitos\/"},{"@type":"ListItem","position":2,"name":"Dips Underwood de Diablitos\u2122 Picante"}]},{"@type":"WebSite","@id":"https:\/\/actualizando.site\/diablitos\/#website","url":"https:\/\/actualizando.site\/diablitos\/","name":"Diablitos Underwood - Venezuela","description":"Alimenta tu vida","potentialAction":[{"@type":"SearchAction","target":{"@type":"EntryPoint","urlTemplate":"https:\/\/actualizando.site\/diablitos\/?s={search_term_string}"},"query-input":{"@type":"PropertyValueSpecification","valueRequired":true,"valueName":"search_term_string"}}],"inLanguage":"es"}]}},"_links":{"self":[{"href":"https:\/\/actualizando.site\/diablitos\/wp-json\/wp\/v2\/pages\/16751","targetHints":{"allow":["GET"]}}],"collection":[{"href":"https:\/\/actualizando.site\/diablitos\/wp-json\/wp\/v2\/pages"}],"about":[{"href":"https:\/\/actualizando.site\/diablitos\/wp-json\/wp\/v2\/types\/page"}],"author":[{"embeddable":true,"href":"https:\/\/actualizando.site\/diablitos\/wp-json\/wp\/v2\/users\/1"}],"replies":[{"embeddable":true,"href":"https:\/\/actualizando.site\/diablitos\/wp-json\/wp\/v2\/comments?post=16751"}],"version-history":[{"count":0,"href":"https:\/\/actualizando.site\/diablitos\/wp-json\/wp\/v2\/pages\/16751\/revisions"}],"wp:attachment":[{"href":"https:\/\/actualizando.site\/diablitos\/wp-json\/wp\/v2\/media?parent=16751"}],"curies":[{"name":"wp","href":"https:\/\/api.w.org\/{rel}","templated":true}]}}