{"id":16908,"date":"2017-12-19T02:07:12","date_gmt":"2017-12-19T02:07:12","guid":{"rendered":"http:\/\/diablitos.com\/?page_id=16908"},"modified":"2018-01-30T15:16:22","modified_gmt":"2018-01-30T15:16:22","slug":"politica-de-privacidad","status":"publish","type":"page","link":"https:\/\/actualizando.site\/diablitos\/politica-de-privacidad\/","title":{"rendered":"Pol\u00edtica de Privacidad"},"content":{"rendered":"<div class=\"wpb-content-wrapper\"><p>[vc_row css_animation=\u00bb\u00bb row_type=\u00bbrow\u00bb use_row_as_full_screen_section=\u00bbno\u00bb type=\u00bbgrid\u00bb angled_section=\u00bbno\u00bb text_align=\u00bbleft\u00bb background_image_as_pattern=\u00bbwithout_pattern\u00bb padding_top=\u00bb60&#8243; padding_bottom=\u00bb60&#8243;][vc_column][vc_column_text]En Alimentos Difresca, C.A, tenemos muy en cuenta las preocupaciones con respecto a la privacidad de los visitantes de todos nuestro sitio web, incluyendo nuestras p\u00e1ginas y aplicaciones en Redes Sociales. Sabemos que mantener su confianza requiere que protejamos su privacidad. Esta \u201cPol\u00edtica de Privacidad\u201d detalla nuestras pr\u00e1cticas relacionadas con la informaci\u00f3n y las elecciones que usted, como visitante de este sitio, puede hacer en relaci\u00f3n con la recopilaci\u00f3n y uso de su informaci\u00f3n.<\/p>\n<p>&nbsp;<\/p>\n<p><b>\u00bfCu\u00e1l informaci\u00f3n personal podemos preguntarle y qu\u00e9 uso le damos?<\/b><br \/>\nCuando usted visita nuestro sitio, recolectamos su informaci\u00f3n personal (por ejemplo, su nombre, direcci\u00f3n, n\u00famero de tel\u00e9fono, direcci\u00f3n de e-mail, etc.) solamente cuando usted nos la proporciona de forma voluntaria. Dependiendo del objetivo para el cual haya proporcionado dicha informaci\u00f3n, podemos utilizarla para comunicarnos con usted con respecto a nuestros productos, servicios y promociones, para ofrecerle cualquier otra informaci\u00f3n que usted solicite, para personalizar su experiencia en nuestro sitio y\/o para mejorar nuestras ofertas de productos y servicios.<\/p>\n<p>&nbsp;<\/p>\n<p>A continuaci\u00f3n enumeramos las circunstancias en las que podr\u00edamos solicitarle informaci\u00f3n personal a trav\u00e9s de nuestro sitio, as\u00ed como los tipos de informaci\u00f3n que obtenemos, y la forma en que la utilizamos:<\/p>\n<p>&nbsp;<\/p>\n<p>Si usted se comunica con uno de nuestros Representantes de Servicios al Cliente a trav\u00e9s de nuestro sitio, podr\u00edamos pedirle datos personales tales como su nombre, direcci\u00f3n, n\u00famero de tel\u00e9fono o direcci\u00f3n de e-mail, a fin de poder responder a sus preguntas o comentarios. (Por supuesto, si usted nos env\u00eda un e-mail, como m\u00ednimo, obtendremos su direcci\u00f3n de e-mail.)<\/p>\n<p>&nbsp;<\/p>\n<p><b>Se le podr\u00e1 pedir informaci\u00f3n personal si usted:<\/b><\/p>\n<p>Se registra para participar en un sorteo, un concurso u otra promoci\u00f3n;<\/p>\n<p>Se registra como usuario o publica contenido en nuestro sitio;<\/p>\n<p>Se registra para recibir cupones a trav\u00e9s de nuestro sitio;<\/p>\n<p>Participa en una encuesta, un panel de investigaci\u00f3n entre consumidores u otro tipo de actividad similar;<\/p>\n<p>Solicita que le enviemos un bolet\u00edn u otro tipo de informaci\u00f3n o material; o bien<\/p>\n<p>Participa en secciones de nuestro sitio web que soliciten informaci\u00f3n personal.<\/p>\n<p>&nbsp;<\/p>\n<p>Si usted compra o solicita un producto, una publicaci\u00f3n o un art\u00edculo de promoci\u00f3n, o bien si aprovecha una rebaja u otra oferta similar, se le podr\u00e1 pedir que proporcione su informaci\u00f3n de contacto y\/o pago (por ejemplo, un n\u00famero de tarjeta de cr\u00e9dito), a fin de que podamos procesar su solicitud.<\/p>\n<p>&nbsp;<\/p>\n<p>Su participaci\u00f3n en cualquiera de estas actividades (y por tanto, el suministro de datos personales) son totalmente voluntarios. Podemos utilizar la informaci\u00f3n que usted suministre para responder a sus preguntas o comentarios, para administrar nuestros sitios y promociones, para satisfacer su solicitud, suscripci\u00f3n, pedido, para proveerle una experiencia personalizada en nuestras webs o bien para suministrar o mejorar nuestros productos y servicios. No le enviaremos ning\u00fan bolet\u00edn ni comunicaci\u00f3n similar alguna por e-mail a menos que usted exprese su consentimiento. Si usted opta por recibir dichas comunicaciones por e-mail, siempre tendr\u00e1 la oportunidad de \u201cdarse de baja\u201d de la suscripci\u00f3n en cualquier momento.<\/p>\n<p>&nbsp;<\/p>\n<p><b>\u00bfC\u00f3mo utilizamos las \u201ccookies\u201d, \u201cweb beacons\u201d o tecnolog\u00edas similares?<\/b><\/p>\n<p>Podemos emplear en nuestro sitio la tecnolog\u00eda de \u201ccookies\u201d, \u201cweb beacons\u201d y dispositivos similares para facilitar la navegaci\u00f3n y administraci\u00f3n del mismo, as\u00ed como para comprender y potenciar la efectividad de nuestro sitio y ofrecer una experiencia superior a los visitantes. La informaci\u00f3n rastreada a trav\u00e9s de estos mecanismos incluye, a t\u00edtulo enunciativo, pero no limitativo: (1) la direcci\u00f3n IP de un usuario (por ejemplo, yahoo.com \u2013 192.168.1.1), (2) el tipo de navegador web (por ejemplo, Microsoft Internet Explorer) y de sistema operativo (por ejemplo, Windows o Linux) utilizado, (3) las p\u00e1ginas del sitio que un usuario visita y (4) otros sitios web que un usuario ha visitado antes de visitar el nuestro. La mayor\u00eda de los navegadores aceptan las \u201ccookies\u201d autom\u00e1ticamente, pero pueden configurarse para que no las aceptan, o bien avisarle al usuario cuando se env\u00eda alguna. Si usted quiere desactivar las \u201ccookies\u201d, rem\u00edtase al men\u00fa de ayuda de su navegador para aprender a hacerlo. Tenga en cuenta que si desactiva las \u201ccookies\u201d, quiz\u00e1s no pueda utilizar algunas funciones personalizadas de nuestro sitio. Las \u201ccookies\u201d no recopilan, ni contienen su nombre o direcci\u00f3n de e-mail.<\/p>\n<p>&nbsp;<\/p>\n<p>Los \u201cweb beacons\u201d son gr\u00e1ficos de 1\u00d71, de un solo pixel, que nos permiten contar el n\u00famero de usuarios que han visitado una p\u00e1gina web en particular, o bien obtener acceso a determinadas \u201ccookies\u201d. Podemos usar los \u201cweb beacons\u201d en nuestros sitios web para contar los usuarios, as\u00ed como para reconocer a los mismos al obtener acceso a nuestras \u201ccookies\u201d. Mediante el acceso a nuestras \u201ccookies\u201d, podemos personalizar nuestro sitio web, as\u00ed como mejorar su experiencia en el mismo. Tambi\u00e9n podemos incluir \u201cweb beacons\u201d en mensajes de e-mail formateados en HTML que enviamos para determinar cu\u00e1les han sido abiertos. Al igual que las \u201ccookies\u201d, los \u201cweb beacons\u201d no recopilan, ni contienen su nombre o direcci\u00f3n de e-mail.<\/p>\n<p>&nbsp;<\/p>\n<p><b>\u201cCookies\u201d y tecnolog\u00edas similares que usamos para \u201conline behavioral advertising\u201d \u2013 y su derecho a darse de baja.<\/b><br \/>\nTerceros involucrados sirviendo a otras agencias de publicidad o determinando cu\u00e1les publicidades usted podr\u00eda ver en otros sitios, pueden usar \u201ccookies\u201d para recopilar informaci\u00f3n (como, por ejemplo, las publicidades que ha visto, sitios web o p\u00e1ginas que ha visitado). Mediante el acceso a nuestras \u201ccookies\u201d podemos hacer una deducci\u00f3n sobre el tipo de contenido de publicidades en internet que podr\u00eda ser relevante para usted. Terceros pueden usar estas \u201ccookies\u201d mientras que usted visita nuestro sitio, y mediante estas \u201ccookies\u201d ellos pueden usar la informaci\u00f3n recopilada para mostrarle publicidades que creen ser relevante para usted cuando visita otros sitios web que no son nuestros. Este m\u00e9todo se llama \u201conline behavioral advertising\u201d.<\/p>\n<p>&nbsp;<\/p>\n<p>Si se da de baja, estas agencias se comprometen a no usar las \u201ccookies\u201d (ni tecnolog\u00edas similares) en esta forma con fin de recopilar informaci\u00f3n en cualquier sitio (no solo el nuestro) para realizar \u201conline behavioral advertising\u201d. Por favor, tenga en cuenta que el proceso de darse de baja en s\u00ed, requiere el uso de las \u201ccookies\u201d. En otras palabras, cuando se da de baja, se genera una \u201ccookie\u201d en el navegador que informa a los terceros que no deban usar \u201ccookies\u201d para realizar \u201conline behavioral advertising\u201d. Como consecuencia, si posteriormente usted borra las \u201ccookies\u201d de su navegador (como hace mucha gente de vez en cuando), su dada de baja estar\u00e1 perdida hasta que la reestablezca. Adem\u00e1s, por favor, tener en cuenta que el darse de baja no significa que ya no recibir\u00e1 publicidades \u2013 solo significa que no recibir\u00e1 publicidades que en otras circunstancias hubieran sido dirigidas a usted en base a las \u201ccookies\u201d de tu computadora.<\/p>\n<p>&nbsp;<\/p>\n<p><b>\u00bfCu\u00e1ndo podr\u00edamos proporcionar a terceros su informaci\u00f3n personal?<\/b><br \/>\nPodemos compartir su informaci\u00f3n personal con terceros, si usted nos autoriza a hacerlo.<br \/>\nTambi\u00e9n podemos proporcionar dicha informaci\u00f3n a terceros que prestan servicios en nombre nuestro. Dichos terceros s\u00f3lo podr\u00e1n utilizar tal informaci\u00f3n en conjunci\u00f3n con los servicios espec\u00edficos que prestan en nombre nuestro (por ejemplo, para satisfacer un pedido, responder a sus preguntas o comentarios, ofrecer un premio en un sorteo, llevar a cabo una encuesta entre consumidores, investigar una reclamo, etc.).<\/p>\n<p>&nbsp;<\/p>\n<p>Nos reservamos el derecho a divulgar cualquier informaci\u00f3n personal, seg\u00fan sea necesario, si dicha informaci\u00f3n es solicitada por organismos policiales, o en caso de que nos lo exija alguna ley, normativa, citaci\u00f3n, orden judicial o entidad gubernamental. Tambi\u00e9n podremos divulgar informaci\u00f3n personal a terceros, si tenemos raz\u00f3n para creer que la divulgaci\u00f3n de dicha informaci\u00f3n es necesaria para llevar a cabo investigaciones de posibles infracciones de la ley, para cooperar en alguna investigaci\u00f3n legal, o para identificar, contactar o entablar acci\u00f3n legal contra alguna persona que pudiera estar violando los t\u00e9rminos de uso de nuestro sitio.<\/p>\n<p>&nbsp;<\/p>\n<p><b>Informaci\u00f3n personal que podemos recibir de Servicios de Redes Sociales<\/b><br \/>\nSi elige usar o acceder a los servicios de terceros de Redes Sociales (como Facebook o Twitter), podemos recibir los datos que usted haya dispuesto mediante estos servicios, incluyendo informaci\u00f3n sobre sus contactos. Por ejemplo, algunas Redes Sociales permiten compartir contenido de nuestro sitio web con sus contactos, o extraer informaci\u00f3n sobre sus contactos para que usted pueda conectarse con ellos en nuestro sitio web. Pueden tambi\u00e9n, en algunos casos, facilitar su registro en nuestro sitio de web y mejorar o personalizar su experiencia en nuestro sitio de web. Su decisi\u00f3n de usar los servicios de las Redes Sociales es siempre voluntaria; sin embargo, debe asegurarse que est\u00e1 de acuerdo con la informaci\u00f3n que \u00e9stos pueden poner a nuestra disposici\u00f3n, visitando las \u201cPol\u00edticas de privacidad\u201d de estos servicios. La informaci\u00f3n personal recibida a trav\u00e9s de los Servicios de Redes Sociales podr\u00e1 ser usada en la manera descrita anteriormente.<\/p>\n<p>&nbsp;<\/p>\n<p><b>Enlaces a otros sitios<\/b><br \/>\nNuestro sitio puede contener enlaces a los sitios web de nuestras subsidiarias y afiliadas, as\u00ed como a sitios web que sean propiedad de terceros y operados por los mismos. Estos otros sitios web pueden tener sus propias pol\u00edticas de privacidad, y no regirse por la presente Pol\u00edtica de Privacidad. No somos responsables de las pr\u00e1cticas de privacidad ni del contenido de sitios web que sean propiedad de terceros y operados por los mismos. Otros sitios web pueden recopilar y manejar dicha informaci\u00f3n de forma diferente, por lo que le recomendamos que lea y examine con cuidado la pol\u00edtica de privacidad correspondiente a cada sitio web que usted visite.<\/p>\n<p>&nbsp;<\/p>\n<p><b>\u201cChat rooms\u201d y tableros de mensajes \/ anuncios electr\u00f3nicos<\/b><br \/>\nLos usuarios de \u201cchat rooms\u201d y tableros de mensajes \/ anuncios electr\u00f3nicos que puedan estar en nuestro sitio deben ser conscientes de que voluntariamente revelan informaci\u00f3n de identificaci\u00f3n personal (por ejemplo, nombre, direcci\u00f3n de correo electr\u00f3nico, etc.) para un tablero de mensajes, anuncios, un \u00e1rea de \u201cchat\u201d, u otras secciones interactivas en las que se puede publicar informaci\u00f3n personal. Esta informaci\u00f3n puede ser recogida y usada por otros usuarios de internet, lo que puede originar mensajes no solicitados enviados por otros anunciantes o terceras partes. Nosotros no hacemos representaciones ni tomamos responsabilidades en cuanto a la seguridad de la informaci\u00f3n que usted voluntariamente publica en \u201cchat rooms\u201d y tableros de mensajes \/ anuncios.<\/p>\n<p>&nbsp;<\/p>\n<p><b>Herramientas \u201cEnviar a un amigo\u201d<\/b><br \/>\nEste sitio puede, ocasionalmente, incluir una aplicaci\u00f3n de \u201cEnviar a un amigo\u201d que le facilitar\u00e1 a usted referir informaci\u00f3n o materiales desde nuestro sitio hacia el correo electr\u00f3nico de amigos o familiares. Para enviar su mensaje electr\u00f3nico, la aplicaci\u00f3n le solicitar\u00e1 que ingrese la direcci\u00f3n electr\u00f3nica del destinatario y\/o informaci\u00f3n similar (incluyendo la direcci\u00f3n electr\u00f3nica de usted). Esta informaci\u00f3n solamente es usada por la aplicaci\u00f3n para dirigir su mensaje correctamente. Alimentos Difresca, C.A no retiene ninguna parte de esta informaci\u00f3n con ning\u00fan otro prop\u00f3sito.<\/p>\n<p>&nbsp;<\/p>\n<p><b>Nuestro compromiso con la privacidad de los ni\u00f1os<\/b><br \/>\nNota especial para los padres: Este sitio no est\u00e1 destinado al uso de los ni\u00f1os y no solicitaremos ninguna informaci\u00f3n de ni\u00f1os menores de 13 a\u00f1os en este sitio. Alimentos Difresca, C.A tiene otros sitios Web que est\u00e1n destinados en su totalidad o parcialmente a la audiencia infantil. Nuestro compromiso con la privacidad de los ni\u00f1os est\u00e1 descrito con mayor detalle en las pol\u00edticas de privacidad de cada uno de esos sitios Web. Alimentos Difresca, C.A y sus empresas afiliadas prestan atenci\u00f3n especial a la privacidad de los ni\u00f1os menores de 13 a\u00f1os de edad. Hemos desarrollado nuestras pr\u00e1cticas de privacidad relacionadas con ni\u00f1os bas\u00e1ndonos en pautas establecidas por la Unidad de Revisi\u00f3n de Publicidad para Ni\u00f1os (CARU) y de conformidad con los requisitos establecidos por la Ley de 1998 de Protecci\u00f3n de Privacidad en L\u00ednea de los Ni\u00f1os (\u201cCOPPA\u201d). Adem\u00e1s recomendamos que los padres controlen las actividades de sus ni\u00f1os en Internet y que empleen software u otras herramientas que puedan ayudar a sus hijos a disfrutar de la diversi\u00f3n y el entretenimiento de una experiencia en l\u00ednea sin comprometer su seguridad personal ni permitirles usar Internet de una manera incoherente con las preferencias de sus padres.<\/p>\n<p>&nbsp;<\/p>\n<p><b>Cambios en nuestra pol\u00edtica de privacidad en l\u00ednea<\/b><br \/>\nNos reservamos el derecho de cambiar o reemplazar esta Pol\u00edtica de Privacidad a nuestra discreci\u00f3n en cualquier momento. Por favor, controle ocasionalmente para asegurarse de conocer cualquier actualizaci\u00f3n o cambio en esta Pol\u00edtica de Privacidad.<\/p>\n<p>&nbsp;<\/p>\n<p><b>Su consentimiento a los t\u00e9rminos de esta Pol\u00edtica de Privacidad<\/b><br \/>\nUsar este sitio Web implica su consentimiento y aceptaci\u00f3n a todos los t\u00e9rminos de esta Pol\u00edtica de Privacidad y de nuestras Condiciones de Uso. Si usted no est\u00e1 de acuerdo con alguno de los t\u00e9rminos de la presente Pol\u00edtica de Privacidad y Condiciones de Uso, por favor no utilice este sitio ni env\u00ede informaci\u00f3n de identificaci\u00f3n personal.<\/p>\n<p>&nbsp;<\/p>\n<p><b>C\u00f3mo contactarse con nosotros<\/b><br \/>\nSi usted tuviese preguntas o consultas sobre esta Pol\u00edtica de Privacidad o sobre nuestra recolecci\u00f3n o nuestro uso de informaci\u00f3n, por favor\u00a0<a href=\"https:\/\/actualizando.site\/diablitos\/contacto\/\" target=\"_blank\" rel=\"noopener noreferrer\">Cont\u00e1ctenos<\/a>[\/vc_column_text][\/vc_column][\/vc_row]<\/p>\n<\/div>","protected":false},"excerpt":{"rendered":"<p>[vc_row css_animation=\u00bb\u00bb row_type=\u00bbrow\u00bb use_row_as_full_screen_section=\u00bbno\u00bb type=\u00bbgrid\u00bb angled_section=\u00bbno\u00bb text_align=\u00bbleft\u00bb background_image_as_pattern=\u00bbwithout_pattern\u00bb padding_top=\u00bb60&#8243; padding_bottom=\u00bb60&#8243;][vc_column][vc_column_text]En Alimentos Difresca, C.A, tenemos muy en cuenta las preocupaciones con respecto a la privacidad de los visitantes de todos nuestro&#8230;<\/p>\n","protected":false},"author":1,"featured_media":0,"parent":0,"menu_order":0,"comment_status":"closed","ping_status":"closed","template":"full_width.php","meta":{"_acf_changed":false,"footnotes":""},"class_list":["post-16908","page","type-page","status-publish","hentry"],"acf":[],"yoast_head":"<!-- This site is optimized with the Yoast SEO plugin v26.9 - https:\/\/yoast.com\/product\/yoast-seo-wordpress\/ -->\n<title>Pol\u00edtica de Privacidad - Diablitos Underwood - Venezuela<\/title>\n<meta name=\"robots\" content=\"index, follow, max-snippet:-1, max-image-preview:large, max-video-preview:-1\" \/>\n<link rel=\"canonical\" href=\"https:\/\/actualizando.site\/diablitos\/politica-de-privacidad\/\" \/>\n<meta property=\"og:locale\" content=\"es_ES\" \/>\n<meta property=\"og:type\" content=\"article\" \/>\n<meta property=\"og:title\" content=\"Pol\u00edtica de Privacidad - Diablitos Underwood - Venezuela\" \/>\n<meta property=\"og:description\" content=\"[vc_row css_animation=\u00bb\u00bb row_type=\u00bbrow\u00bb use_row_as_full_screen_section=\u00bbno\u00bb type=\u00bbgrid\u00bb angled_section=\u00bbno\u00bb text_align=\u00bbleft\u00bb background_image_as_pattern=\u00bbwithout_pattern\u00bb padding_top=\u00bb60&#8243; padding_bottom=\u00bb60&#8243;][vc_column][vc_column_text]En Alimentos Difresca, C.A, tenemos muy en cuenta las preocupaciones con respecto a la privacidad de los visitantes de todos nuestro...\" \/>\n<meta property=\"og:url\" content=\"https:\/\/actualizando.site\/diablitos\/politica-de-privacidad\/\" \/>\n<meta property=\"og:site_name\" content=\"Diablitos Underwood - Venezuela\" \/>\n<meta property=\"article:publisher\" content=\"https:\/\/www.facebook.com\/DiablitosUnderwoodVe\" \/>\n<meta property=\"article:modified_time\" content=\"2018-01-30T15:16:22+00:00\" \/>\n<meta name=\"twitter:card\" content=\"summary_large_image\" \/>\n<meta name=\"twitter:site\" content=\"@DiablitosVzla\" \/>\n<meta name=\"twitter:label1\" content=\"Tiempo de lectura\" \/>\n\t<meta name=\"twitter:data1\" content=\"12 minutos\" \/>\n<script type=\"application\/ld+json\" class=\"yoast-schema-graph\">{\"@context\":\"https:\/\/schema.org\",\"@graph\":[{\"@type\":\"WebPage\",\"@id\":\"https:\/\/actualizando.site\/diablitos\/politica-de-privacidad\/\",\"url\":\"https:\/\/actualizando.site\/diablitos\/politica-de-privacidad\/\",\"name\":\"Pol\u00edtica de Privacidad - Diablitos Underwood - Venezuela\",\"isPartOf\":{\"@id\":\"https:\/\/actualizando.site\/diablitos\/#website\"},\"datePublished\":\"2017-12-19T02:07:12+00:00\",\"dateModified\":\"2018-01-30T15:16:22+00:00\",\"breadcrumb\":{\"@id\":\"https:\/\/actualizando.site\/diablitos\/politica-de-privacidad\/#breadcrumb\"},\"inLanguage\":\"es\",\"potentialAction\":[{\"@type\":\"ReadAction\",\"target\":[\"https:\/\/actualizando.site\/diablitos\/politica-de-privacidad\/\"]}]},{\"@type\":\"BreadcrumbList\",\"@id\":\"https:\/\/actualizando.site\/diablitos\/politica-de-privacidad\/#breadcrumb\",\"itemListElement\":[{\"@type\":\"ListItem\",\"position\":1,\"name\":\"Portada\",\"item\":\"https:\/\/actualizando.site\/diablitos\/\"},{\"@type\":\"ListItem\",\"position\":2,\"name\":\"Pol\u00edtica de Privacidad\"}]},{\"@type\":\"WebSite\",\"@id\":\"https:\/\/actualizando.site\/diablitos\/#website\",\"url\":\"https:\/\/actualizando.site\/diablitos\/\",\"name\":\"Diablitos Underwood - Venezuela\",\"description\":\"Alimenta tu vida\",\"potentialAction\":[{\"@type\":\"SearchAction\",\"target\":{\"@type\":\"EntryPoint\",\"urlTemplate\":\"https:\/\/actualizando.site\/diablitos\/?s={search_term_string}\"},\"query-input\":{\"@type\":\"PropertyValueSpecification\",\"valueRequired\":true,\"valueName\":\"search_term_string\"}}],\"inLanguage\":\"es\"}]}<\/script>\n<!-- \/ Yoast SEO plugin. -->","yoast_head_json":{"title":"Pol\u00edtica de Privacidad - Diablitos Underwood - Venezuela","robots":{"index":"index","follow":"follow","max-snippet":"max-snippet:-1","max-image-preview":"max-image-preview:large","max-video-preview":"max-video-preview:-1"},"canonical":"https:\/\/actualizando.site\/diablitos\/politica-de-privacidad\/","og_locale":"es_ES","og_type":"article","og_title":"Pol\u00edtica de Privacidad - Diablitos Underwood - Venezuela","og_description":"[vc_row css_animation=\u00bb\u00bb row_type=\u00bbrow\u00bb use_row_as_full_screen_section=\u00bbno\u00bb type=\u00bbgrid\u00bb angled_section=\u00bbno\u00bb text_align=\u00bbleft\u00bb background_image_as_pattern=\u00bbwithout_pattern\u00bb padding_top=\u00bb60&#8243; padding_bottom=\u00bb60&#8243;][vc_column][vc_column_text]En Alimentos Difresca, C.A, tenemos muy en cuenta las preocupaciones con respecto a la privacidad de los visitantes de todos nuestro...","og_url":"https:\/\/actualizando.site\/diablitos\/politica-de-privacidad\/","og_site_name":"Diablitos Underwood - Venezuela","article_publisher":"https:\/\/www.facebook.com\/DiablitosUnderwoodVe","article_modified_time":"2018-01-30T15:16:22+00:00","twitter_card":"summary_large_image","twitter_site":"@DiablitosVzla","twitter_misc":{"Tiempo de lectura":"12 minutos"},"schema":{"@context":"https:\/\/schema.org","@graph":[{"@type":"WebPage","@id":"https:\/\/actualizando.site\/diablitos\/politica-de-privacidad\/","url":"https:\/\/actualizando.site\/diablitos\/politica-de-privacidad\/","name":"Pol\u00edtica de Privacidad - Diablitos Underwood - Venezuela","isPartOf":{"@id":"https:\/\/actualizando.site\/diablitos\/#website"},"datePublished":"2017-12-19T02:07:12+00:00","dateModified":"2018-01-30T15:16:22+00:00","breadcrumb":{"@id":"https:\/\/actualizando.site\/diablitos\/politica-de-privacidad\/#breadcrumb"},"inLanguage":"es","potentialAction":[{"@type":"ReadAction","target":["https:\/\/actualizando.site\/diablitos\/politica-de-privacidad\/"]}]},{"@type":"BreadcrumbList","@id":"https:\/\/actualizando.site\/diablitos\/politica-de-privacidad\/#breadcrumb","itemListElement":[{"@type":"ListItem","position":1,"name":"Portada","item":"https:\/\/actualizando.site\/diablitos\/"},{"@type":"ListItem","position":2,"name":"Pol\u00edtica de Privacidad"}]},{"@type":"WebSite","@id":"https:\/\/actualizando.site\/diablitos\/#website","url":"https:\/\/actualizando.site\/diablitos\/","name":"Diablitos Underwood - Venezuela","description":"Alimenta tu vida","potentialAction":[{"@type":"SearchAction","target":{"@type":"EntryPoint","urlTemplate":"https:\/\/actualizando.site\/diablitos\/?s={search_term_string}"},"query-input":{"@type":"PropertyValueSpecification","valueRequired":true,"valueName":"search_term_string"}}],"inLanguage":"es"}]}},"_links":{"self":[{"href":"https:\/\/actualizando.site\/diablitos\/wp-json\/wp\/v2\/pages\/16908","targetHints":{"allow":["GET"]}}],"collection":[{"href":"https:\/\/actualizando.site\/diablitos\/wp-json\/wp\/v2\/pages"}],"about":[{"href":"https:\/\/actualizando.site\/diablitos\/wp-json\/wp\/v2\/types\/page"}],"author":[{"embeddable":true,"href":"https:\/\/actualizando.site\/diablitos\/wp-json\/wp\/v2\/users\/1"}],"replies":[{"embeddable":true,"href":"https:\/\/actualizando.site\/diablitos\/wp-json\/wp\/v2\/comments?post=16908"}],"version-history":[{"count":0,"href":"https:\/\/actualizando.site\/diablitos\/wp-json\/wp\/v2\/pages\/16908\/revisions"}],"wp:attachment":[{"href":"https:\/\/actualizando.site\/diablitos\/wp-json\/wp\/v2\/media?parent=16908"}],"curies":[{"name":"wp","href":"https:\/\/api.w.org\/{rel}","templated":true}]}}