{"id":16919,"date":"2017-12-19T02:40:27","date_gmt":"2017-12-19T02:40:27","guid":{"rendered":"http:\/\/diablitos.com\/?page_id=16919"},"modified":"2018-01-30T15:17:03","modified_gmt":"2018-01-30T15:17:03","slug":"terminos-de-uso","status":"publish","type":"page","link":"https:\/\/actualizando.site\/diablitos\/terminos-de-uso\/","title":{"rendered":"T\u00e9rminos de Uso"},"content":{"rendered":"<div class=\"wpb-content-wrapper\"><p>[vc_row css_animation=\u00bb\u00bb row_type=\u00bbrow\u00bb use_row_as_full_screen_section=\u00bbno\u00bb type=\u00bbgrid\u00bb angled_section=\u00bbno\u00bb text_align=\u00bbleft\u00bb background_image_as_pattern=\u00bbwithout_pattern\u00bb padding_top=\u00bb60&#8243; padding_bottom=\u00bb60&#8243;][vc_column][vc_column_text]Estos t\u00e9rminos aplican a todo el contenido publicado o subido a nuestros sitios (o a otros foros online, redes sociales o aplicaciones que administremos), incluido el siguiente tipo de contenido:<\/p>\n<p>&nbsp;<\/p>\n<ul>\n<li>Comentarios o publicaciones escritas;<\/li>\n<li>Fotos;<\/li>\n<li>Grabaciones de audio; y<\/li>\n<li>Videos.<\/li>\n<li>Antes de publicar contenido, debe seguir las siguientes reglas:<\/li>\n<li>No publicar contenido que sea:\n<ul>\n<li style=\"list-style-type: none;\">\n<ul>\n<li>Difamatorio;<\/li>\n<li>Acosador, amenazante, o violento;<\/li>\n<li>Ilegal;<\/li>\n<li>Obsceno, pornogr\u00e1fico, u ofensivo;<\/li>\n<li>Religioso; y\/o<\/li>\n<li>Pol\u00edtico;<\/li>\n<\/ul>\n<\/li>\n<\/ul>\n<\/li>\n<li>No publicar este tipo de contenido:\n<ul>\n<li style=\"list-style-type: none;\">\n<ul>\n<li>Publicidades;<\/li>\n<li>Solicitudes de caridad o donaciones;<\/li>\n<li>Material que pertenezca a otra persona (incluidas fotos, videos, m\u00fasica, marcas registradas u otro material con derechos de autor), sin la autorizaci\u00f3n de dicha persona;<\/li>\n<li>Fotos o videos profesionales, sin la autorizaci\u00f3n de dicha persona;<\/li>\n<li>Im\u00e1genes o grabaciones ajenas, sin la autorizaci\u00f3n de la persona a quien pertenezca;<\/li>\n<li>Informaci\u00f3n que pertenezca a otra persona, sin su autorizaci\u00f3n;<\/li>\n<\/ul>\n<\/li>\n<\/ul>\n<\/li>\n<li>No publicar informaci\u00f3n de contacto personal como apellidos, domicilios, correos electr\u00f3nicos, n\u00fameros de tel\u00e9fono o cualquier otro tipo de informaci\u00f3n que lo identifique como individuo;<\/li>\n<li>No hacerse pasar por otra persona;<\/li>\n<li>No publicar informaci\u00f3n falsa o enga\u00f1osa;<\/li>\n<li>No publicar mensajes que tengan significados ocultos o ambiguos, o fuera de contenido o contexto; y<\/li>\n<li>No trasmitir o publicar ning\u00fan contenido con virus o \u00a0que pueda causar da\u00f1os.<\/li>\n<li>Adem\u00e1s, antes de publicar contenido, por favor aseg\u00farese de leer y aceptar que Alimentos Difresca, C.A:<\/li>\n<li>Tienen todos los derechos sobre el material que se publica. Podemos utilizar el contenido (o las ideas o elementos dentro del contenido) para cualquier fin, como copiarlo o modificarlo para utilizarlo en otro lugar. Podemos decidir prohibir (o eliminar) cualquier contenido en cualquier momento.<\/li>\n<li>Nos reservamos el derecho de modificar cualquiera de estos t\u00e9rminos en cualquier momento. Todos los cambios ser\u00e1n efectivos al ser publicados y Ud. estar\u00e1 de acuerdo con dichos cambios al continuar utilizando el sitio web, el foro, la p\u00e1gina de la red social o la aplicaci\u00f3n.<\/li>\n<li>Le ofrecemos nuestros sitios web, foros, redes sociales y aplicaciones solo a aquellas personas que acepten el siguiente descargo de responsabilidad:<\/li>\n<\/ul>\n<p>&nbsp;<\/p>\n<p><b>DESCARGO<\/b>.\u00a0Diablitos.com\u00a0y Alimentos Difresca, C.A NO SER\u00c1N RESPONSABLES POR NING\u00daN DA\u00d1O, INCLUIDOS DA\u00d1OS DIRECTOS, INDIRECTOS, INCIDENTALES O PUNITIVOS DERIVADOS DE O EN RELACI\u00d3N CON ESTAS NORMAS COMUNITARIAS O CON EL USO DE CUALQUIER SITIO WEB, FORO, RED SOCIAL, O APLICACI\u00d3N SUJETA A ESTAS REGLAS, SEAN EN CONTRATO O EN AGRAVIO, INCLUSO SI SE NOS HA ADVERTIDO SOBRE LA POSIBILIDAD DE TALES DA\u00d1OS.<\/p>\n<p>&nbsp;<\/p>\n<p>Estas reglas acompa\u00f1an la\u00a0<a href=\"https:\/\/actualizando.site\/diablitos\/politica-de-privacidad\/\">Pol\u00edtica de Privacidad<\/a><b>\u00a0<\/b>y los\u00a0T\u00e9rminos de Uso<b>\u00a0<\/b>publicados en\u00a0Diablitos.com\u00a0y Alimentos Difresca, C.A. Al utilizar dicho sitio, confirma haber le\u00eddo y aceptado todos los t\u00e9rminos de la\u00a0<a href=\"https:\/\/actualizando.site\/diablitos\/politica-de-privacidad\/\">Pol\u00edtica de Privacidad<\/a><b>\u00a0<\/b>y los\u00a0T\u00e9rminos de Uso, junto con estas Reglas de Comunidad; y aceptado espec\u00edficamente que toda informaci\u00f3n, im\u00e1genes, sugerencias, ideas u otro material provisto (para ser publicado en el sitio o utilizado de otra forma) puede ser utilizado por nosotros sin compensaci\u00f3n, y que ser\u00e1 de nuestra propiedad una vez que se entregue.[\/vc_column_text][\/vc_column][\/vc_row]<\/p>\n<\/div>","protected":false},"excerpt":{"rendered":"<p>[vc_row css_animation=\u00bb\u00bb row_type=\u00bbrow\u00bb use_row_as_full_screen_section=\u00bbno\u00bb type=\u00bbgrid\u00bb angled_section=\u00bbno\u00bb text_align=\u00bbleft\u00bb background_image_as_pattern=\u00bbwithout_pattern\u00bb padding_top=\u00bb60&#8243; padding_bottom=\u00bb60&#8243;][vc_column][vc_column_text]Estos t\u00e9rminos aplican a todo el contenido publicado o subido a nuestros sitios (o a otros foros online, redes sociales o&#8230;<\/p>\n","protected":false},"author":1,"featured_media":0,"parent":0,"menu_order":0,"comment_status":"closed","ping_status":"closed","template":"full_width.php","meta":{"_acf_changed":false,"footnotes":""},"class_list":["post-16919","page","type-page","status-publish","hentry"],"acf":[],"yoast_head":"<!-- This site is optimized with the Yoast SEO plugin v26.9 - https:\/\/yoast.com\/product\/yoast-seo-wordpress\/ -->\n<title>T\u00e9rminos de Uso - Diablitos Underwood - Venezuela<\/title>\n<meta name=\"robots\" content=\"index, follow, max-snippet:-1, max-image-preview:large, max-video-preview:-1\" \/>\n<link rel=\"canonical\" href=\"https:\/\/actualizando.site\/diablitos\/terminos-de-uso\/\" \/>\n<meta property=\"og:locale\" content=\"es_ES\" \/>\n<meta property=\"og:type\" content=\"article\" \/>\n<meta property=\"og:title\" content=\"T\u00e9rminos de Uso - Diablitos Underwood - Venezuela\" \/>\n<meta property=\"og:description\" content=\"[vc_row css_animation=\u00bb\u00bb row_type=\u00bbrow\u00bb use_row_as_full_screen_section=\u00bbno\u00bb type=\u00bbgrid\u00bb angled_section=\u00bbno\u00bb text_align=\u00bbleft\u00bb background_image_as_pattern=\u00bbwithout_pattern\u00bb padding_top=\u00bb60&#8243; padding_bottom=\u00bb60&#8243;][vc_column][vc_column_text]Estos t\u00e9rminos aplican a todo el contenido publicado o subido a nuestros sitios (o a otros foros online, redes sociales o...\" \/>\n<meta property=\"og:url\" content=\"https:\/\/actualizando.site\/diablitos\/terminos-de-uso\/\" \/>\n<meta property=\"og:site_name\" content=\"Diablitos Underwood - Venezuela\" \/>\n<meta property=\"article:publisher\" content=\"https:\/\/www.facebook.com\/DiablitosUnderwoodVe\" \/>\n<meta property=\"article:modified_time\" content=\"2018-01-30T15:17:03+00:00\" \/>\n<meta name=\"twitter:card\" content=\"summary_large_image\" \/>\n<meta name=\"twitter:site\" content=\"@DiablitosVzla\" \/>\n<meta name=\"twitter:label1\" content=\"Tiempo de lectura\" \/>\n\t<meta name=\"twitter:data1\" content=\"3 minutos\" \/>\n<script type=\"application\/ld+json\" class=\"yoast-schema-graph\">{\"@context\":\"https:\/\/schema.org\",\"@graph\":[{\"@type\":\"WebPage\",\"@id\":\"https:\/\/actualizando.site\/diablitos\/terminos-de-uso\/\",\"url\":\"https:\/\/actualizando.site\/diablitos\/terminos-de-uso\/\",\"name\":\"T\u00e9rminos de Uso - Diablitos Underwood - Venezuela\",\"isPartOf\":{\"@id\":\"https:\/\/actualizando.site\/diablitos\/#website\"},\"datePublished\":\"2017-12-19T02:40:27+00:00\",\"dateModified\":\"2018-01-30T15:17:03+00:00\",\"breadcrumb\":{\"@id\":\"https:\/\/actualizando.site\/diablitos\/terminos-de-uso\/#breadcrumb\"},\"inLanguage\":\"es\",\"potentialAction\":[{\"@type\":\"ReadAction\",\"target\":[\"https:\/\/actualizando.site\/diablitos\/terminos-de-uso\/\"]}]},{\"@type\":\"BreadcrumbList\",\"@id\":\"https:\/\/actualizando.site\/diablitos\/terminos-de-uso\/#breadcrumb\",\"itemListElement\":[{\"@type\":\"ListItem\",\"position\":1,\"name\":\"Portada\",\"item\":\"https:\/\/actualizando.site\/diablitos\/\"},{\"@type\":\"ListItem\",\"position\":2,\"name\":\"T\u00e9rminos de Uso\"}]},{\"@type\":\"WebSite\",\"@id\":\"https:\/\/actualizando.site\/diablitos\/#website\",\"url\":\"https:\/\/actualizando.site\/diablitos\/\",\"name\":\"Diablitos Underwood - Venezuela\",\"description\":\"Alimenta tu vida\",\"potentialAction\":[{\"@type\":\"SearchAction\",\"target\":{\"@type\":\"EntryPoint\",\"urlTemplate\":\"https:\/\/actualizando.site\/diablitos\/?s={search_term_string}\"},\"query-input\":{\"@type\":\"PropertyValueSpecification\",\"valueRequired\":true,\"valueName\":\"search_term_string\"}}],\"inLanguage\":\"es\"}]}<\/script>\n<!-- \/ Yoast SEO plugin. -->","yoast_head_json":{"title":"T\u00e9rminos de Uso - Diablitos Underwood - Venezuela","robots":{"index":"index","follow":"follow","max-snippet":"max-snippet:-1","max-image-preview":"max-image-preview:large","max-video-preview":"max-video-preview:-1"},"canonical":"https:\/\/actualizando.site\/diablitos\/terminos-de-uso\/","og_locale":"es_ES","og_type":"article","og_title":"T\u00e9rminos de Uso - Diablitos Underwood - Venezuela","og_description":"[vc_row css_animation=\u00bb\u00bb row_type=\u00bbrow\u00bb use_row_as_full_screen_section=\u00bbno\u00bb type=\u00bbgrid\u00bb angled_section=\u00bbno\u00bb text_align=\u00bbleft\u00bb background_image_as_pattern=\u00bbwithout_pattern\u00bb padding_top=\u00bb60&#8243; padding_bottom=\u00bb60&#8243;][vc_column][vc_column_text]Estos t\u00e9rminos aplican a todo el contenido publicado o subido a nuestros sitios (o a otros foros online, redes sociales o...","og_url":"https:\/\/actualizando.site\/diablitos\/terminos-de-uso\/","og_site_name":"Diablitos Underwood - Venezuela","article_publisher":"https:\/\/www.facebook.com\/DiablitosUnderwoodVe","article_modified_time":"2018-01-30T15:17:03+00:00","twitter_card":"summary_large_image","twitter_site":"@DiablitosVzla","twitter_misc":{"Tiempo de lectura":"3 minutos"},"schema":{"@context":"https:\/\/schema.org","@graph":[{"@type":"WebPage","@id":"https:\/\/actualizando.site\/diablitos\/terminos-de-uso\/","url":"https:\/\/actualizando.site\/diablitos\/terminos-de-uso\/","name":"T\u00e9rminos de Uso - Diablitos Underwood - Venezuela","isPartOf":{"@id":"https:\/\/actualizando.site\/diablitos\/#website"},"datePublished":"2017-12-19T02:40:27+00:00","dateModified":"2018-01-30T15:17:03+00:00","breadcrumb":{"@id":"https:\/\/actualizando.site\/diablitos\/terminos-de-uso\/#breadcrumb"},"inLanguage":"es","potentialAction":[{"@type":"ReadAction","target":["https:\/\/actualizando.site\/diablitos\/terminos-de-uso\/"]}]},{"@type":"BreadcrumbList","@id":"https:\/\/actualizando.site\/diablitos\/terminos-de-uso\/#breadcrumb","itemListElement":[{"@type":"ListItem","position":1,"name":"Portada","item":"https:\/\/actualizando.site\/diablitos\/"},{"@type":"ListItem","position":2,"name":"T\u00e9rminos de Uso"}]},{"@type":"WebSite","@id":"https:\/\/actualizando.site\/diablitos\/#website","url":"https:\/\/actualizando.site\/diablitos\/","name":"Diablitos Underwood - Venezuela","description":"Alimenta tu vida","potentialAction":[{"@type":"SearchAction","target":{"@type":"EntryPoint","urlTemplate":"https:\/\/actualizando.site\/diablitos\/?s={search_term_string}"},"query-input":{"@type":"PropertyValueSpecification","valueRequired":true,"valueName":"search_term_string"}}],"inLanguage":"es"}]}},"_links":{"self":[{"href":"https:\/\/actualizando.site\/diablitos\/wp-json\/wp\/v2\/pages\/16919","targetHints":{"allow":["GET"]}}],"collection":[{"href":"https:\/\/actualizando.site\/diablitos\/wp-json\/wp\/v2\/pages"}],"about":[{"href":"https:\/\/actualizando.site\/diablitos\/wp-json\/wp\/v2\/types\/page"}],"author":[{"embeddable":true,"href":"https:\/\/actualizando.site\/diablitos\/wp-json\/wp\/v2\/users\/1"}],"replies":[{"embeddable":true,"href":"https:\/\/actualizando.site\/diablitos\/wp-json\/wp\/v2\/comments?post=16919"}],"version-history":[{"count":0,"href":"https:\/\/actualizando.site\/diablitos\/wp-json\/wp\/v2\/pages\/16919\/revisions"}],"wp:attachment":[{"href":"https:\/\/actualizando.site\/diablitos\/wp-json\/wp\/v2\/media?parent=16919"}],"curies":[{"name":"wp","href":"https:\/\/api.w.org\/{rel}","templated":true}]}}