{"id":1134,"date":"2018-09-24T15:49:16","date_gmt":"2018-09-24T15:49:16","guid":{"rendered":"https:\/\/actualizando.site\/fospuca\/?page_id=1134"},"modified":"2019-02-04T20:11:54","modified_gmt":"2019-02-04T20:11:54","slug":"fundacion-fospuca","status":"publish","type":"page","link":"https:\/\/actualizando.site\/fospuca\/fundacion-fospuca\/","title":{"rendered":"Fundaci\u00f3n Fospuca"},"content":{"rendered":"<p>[vc_row css_animation=\u00bb\u00bb row_type=\u00bbrow\u00bb use_row_as_full_screen_section=\u00bbno\u00bb type=\u00bbgrid\u00bb angled_section=\u00bbno\u00bb text_align=\u00bbleft\u00bb background_image_as_pattern=\u00bbwithout_pattern\u00bb z_index=\u00bb\u00bb][vc_column][vc_row_inner row_type=\u00bbrow\u00bb type=\u00bbfull_width\u00bb text_align=\u00bbleft\u00bb css_animation=\u00bb\u00bb css=\u00bb.vc_custom_1544799009233{padding-top: 100px !important;padding-bottom: 100px !important;}\u00bb el_class=\u00bbinfo_wrapper\u00bb][vc_column_inner width=\u00bb1\/2&#8243;][vc_column_text]<strong>Fundaci\u00f3n Fospuca impulsa conciencia y amor por el ambiente<\/strong><\/p>\n<p>Fospuca es mucho m\u00e1s que una empresa de recolecci\u00f3n de desechos s\u00f3lidos, somos una organizaci\u00f3n con vocaci\u00f3n de servicio ambiental, valores de preservaci\u00f3n del planeta y un alto sentido de vinculaci\u00f3n con las comunidades.<\/p>\n<p>Bajo estos principios, Fundaci\u00f3n Fospuca nace con la visi\u00f3n de impulsar la conservaci\u00f3n del medio ambiente, a trav\u00e9s del acompa\u00f1amiento e implementaci\u00f3n de proyectos de educaci\u00f3n ambiental en todos los niveles educativos del pa\u00eds.[\/vc_column_text][\/vc_column_inner][vc_column_inner width=\u00bb1\/2&#8243;][vc_column_text]De la mano con las comunidades donde brindamos servicio, nuestra Fundaci\u00f3n promueve la realizaci\u00f3n de eventos deportivos y culturales, as\u00ed como actividades orientadas al reciclaje y cualquier otra jornada que impulse la conservaci\u00f3n del planeta.<\/p>\n<p>En Fospuca, sentimos el deber de construir un modelo de servicio de Aseo Urbano que promueva la conciencia ciudadana. Por ello, vamos a las comunidades, a las escuelas, a los centros deportivos, entre otros espacios, para sembrar el futuro ecol\u00f3gico que merece Venezuela.[\/vc_column_text][\/vc_column_inner][\/vc_row_inner][vc_row_inner row_type=\u00bbrow\u00bb type=\u00bbgrid\u00bb text_align=\u00bbleft\u00bb css_animation=\u00bb\u00bb css=\u00bb.vc_custom_1537801840236{padding-bottom: 50px !important;}\u00bb][vc_column_inner]<div class=\"qode-accordion-holder clearfix qode-accordion qode-initial \">\n\t<h3 class=\"clearfix qode-title-holder\">\n<span class=\"qode-tab-title\">\n\t    <span class=\"qode-tab-title-inner\">\n        Campa\u00f1a Educativa ``La Escuela Recicla``    <\/span>\n<\/span>\n<span class=\"qode-accordion-mark\">\n    <span class=\"qode-accordion-mark-icon\">\n        <span class=\"icon_plus\"><\/span>\n        <span class=\"icon_minus-06\"><\/span>\n    <\/span>\n<\/span>\n<\/h3>\n<div  class=\"qode-accordion-content \" >\n    <div class=\"qode-accordion-content-inner\">\n        [vc_column_text]Una muestra de lo que hemos hecho es la campa\u00f1a educativa \u201cLa Escuela Recicla\u201d<\/p>\n<p>Con el objetivo de educar, concienciar y sensibilizar a ni\u00f1as y ni\u00f1os de educaci\u00f3n b\u00e1sica sobre los riesgos que corre la vida en el planeta, Fundaci\u00f3n Fospuca ide\u00f3 una campa\u00f1a que hace \u00e9nfasis en el impacto que tiene la generaci\u00f3n de los desechos s\u00f3lidos en el hogar y la escuela.<\/p>\n<p>Bajo esta din\u00e1mica, los estudiantes conocen el camino al reciclaje a trav\u00e9s de las \u201c3R\u201d (Reducir, Reutilizar y Reciclar) y la formaci\u00f3n de una conducta de responsable frente al entorno com\u00fan y frente al futuro del planeta.[\/vc_column_text]    <\/div>\n<\/div><h3 class=\"clearfix qode-title-holder\">\n<span class=\"qode-tab-title\">\n\t    <span class=\"qode-tab-title-inner\">\n        Transformamos la Basura en Cultura    <\/span>\n<\/span>\n<span class=\"qode-accordion-mark\">\n    <span class=\"qode-accordion-mark-icon\">\n        <span class=\"icon_plus\"><\/span>\n        <span class=\"icon_minus-06\"><\/span>\n    <\/span>\n<\/span>\n<\/h3>\n<div  class=\"qode-accordion-content \" >\n    <div class=\"qode-accordion-content-inner\">\n        [vc_column_text]En su af\u00e1n por dar uso y destino \u00fatil a los desechos s\u00f3lidos, Fundaci\u00f3n Fospuca realiz\u00f3 una alianza con el Instituto de Dise\u00f1o de Caracas que se tradujo en una muestra expositiva, realizada en el Teatro Trasnocho de Baruta, donde se plasmaron obras de arte realizadas con material de desecho.<\/p>\n<p>En esta exposici\u00f3n qued\u00f3 demostrado que muchos materiales no son basura, sino que se pueden reutilizar y crear piezas de arte \u00fanicas o confeccionar objetos y prendas para diversos fines.[\/vc_column_text]    <\/div>\n<\/div><h3 class=\"clearfix qode-title-holder\">\n<span class=\"qode-tab-title\">\n\t    <span class=\"qode-tab-title-inner\">\n        Donativo de Juguetes     <\/span>\n<\/span>\n<span class=\"qode-accordion-mark\">\n    <span class=\"qode-accordion-mark-icon\">\n        <span class=\"icon_plus\"><\/span>\n        <span class=\"icon_minus-06\"><\/span>\n    <\/span>\n<\/span>\n<\/h3>\n<div  class=\"qode-accordion-content \" >\n    <div class=\"qode-accordion-content-inner\">\n        [vc_column_text]Fundaci\u00f3n Fospuca regal\u00f3 m\u00e1s de 600 juguetes a ni\u00f1as y ni\u00f1os del Hospital J.M. de Los R\u00edos, en una actividad que dio muestra de la preocupaci\u00f3n de la Empresa por el bienestar de los m\u00e1s peque\u00f1os del pa\u00eds.[\/vc_column_text]    <\/div>\n<\/div><h3 class=\"clearfix qode-title-holder\">\n<span class=\"qode-tab-title\">\n\t    <span class=\"qode-tab-title-inner\">\n        Apoyamos la literatura    <\/span>\n<\/span>\n<span class=\"qode-accordion-mark\">\n    <span class=\"qode-accordion-mark-icon\">\n        <span class=\"icon_plus\"><\/span>\n        <span class=\"icon_minus-06\"><\/span>\n    <\/span>\n<\/span>\n<\/h3>\n<div  class=\"qode-accordion-content \" >\n    <div class=\"qode-accordion-content-inner\">\n        [vc_column_text]Fundaci\u00f3n Fospuca apoya e impulsa la cultura venezolana, mediante el patrocinio en la producci\u00f3n y desarrollo de obras literarias que contribuyan a formar a la comunidad social y responsablemente.[\/vc_column_text]    <\/div>\n<\/div><h3 class=\"clearfix qode-title-holder\">\n<span class=\"qode-tab-title\">\n\t    <span class=\"qode-tab-title-inner\">\n        Inauguraci\u00f3n Torneo Zonal    <\/span>\n<\/span>\n<span class=\"qode-accordion-mark\">\n    <span class=\"qode-accordion-mark-icon\">\n        <span class=\"icon_plus\"><\/span>\n        <span class=\"icon_minus-06\"><\/span>\n    <\/span>\n<\/span>\n<\/h3>\n<div  class=\"qode-accordion-content \" >\n    <div class=\"qode-accordion-content-inner\">\n        [vc_column_text]Colaboramos en la dotaci\u00f3n de uniformes e indumentaria para equipos deportivos que practiquen sus disciplinas en el Municipio Baruta, apoyando al deporte como forma de vida y rescate de la juventud en Venezuela.<\/p>\n<div class=\"row\">\n<div class=\"col-sm-4\"><\/div>\n<\/div>\n<p>[\/vc_column_text]    <\/div>\n<\/div><\/div>[\/vc_column_inner][\/vc_row_inner][\/vc_column][\/vc_row]<\/p>\n","protected":false},"excerpt":{"rendered":"<p>[vc_row css_animation=\u00bb\u00bb row_type=\u00bbrow\u00bb use_row_as_full_screen_section=\u00bbno\u00bb type=\u00bbgrid\u00bb angled_section=\u00bbno\u00bb text_align=\u00bbleft\u00bb background_image_as_pattern=\u00bbwithout_pattern\u00bb z_index=\u00bb\u00bb][vc_column][vc_row_inner row_type=\u00bbrow\u00bb type=\u00bbfull_width\u00bb text_align=\u00bbleft\u00bb css_animation=\u00bb\u00bb css=\u00bb.vc_custom_1544799009233{padding-top: 100px !important;padding-bottom: 100px !important;}\u00bb el_class=\u00bbinfo_wrapper\u00bb][vc_column_inner width=\u00bb1\/2&#8243;][vc_column_text]Fundaci\u00f3n Fospuca impulsa conciencia y amor por el ambiente Fospuca es mucho m\u00e1s que una empresa de recolecci\u00f3n de desechos s\u00f3lidos, somos una organizaci\u00f3n con vocaci\u00f3n&#8230;<\/p>\n","protected":false},"author":1,"featured_media":0,"parent":0,"menu_order":0,"comment_status":"closed","ping_status":"closed","template":"full_width.php","meta":{"footnotes":""},"class_list":["post-1134","page","type-page","status-publish","hentry"],"_links":{"self":[{"href":"https:\/\/actualizando.site\/fospuca\/wp-json\/wp\/v2\/pages\/1134","targetHints":{"allow":["GET"]}}],"collection":[{"href":"https:\/\/actualizando.site\/fospuca\/wp-json\/wp\/v2\/pages"}],"about":[{"href":"https:\/\/actualizando.site\/fospuca\/wp-json\/wp\/v2\/types\/page"}],"author":[{"embeddable":true,"href":"https:\/\/actualizando.site\/fospuca\/wp-json\/wp\/v2\/users\/1"}],"replies":[{"embeddable":true,"href":"https:\/\/actualizando.site\/fospuca\/wp-json\/wp\/v2\/comments?post=1134"}],"version-history":[{"count":0,"href":"https:\/\/actualizando.site\/fospuca\/wp-json\/wp\/v2\/pages\/1134\/revisions"}],"wp:attachment":[{"href":"https:\/\/actualizando.site\/fospuca\/wp-json\/wp\/v2\/media?parent=1134"}],"curies":[{"name":"wp","href":"https:\/\/api.w.org\/{rel}","templated":true}]}}