{"id":1172,"date":"2018-09-24T19:55:40","date_gmt":"2018-09-24T19:55:40","guid":{"rendered":"https:\/\/actualizando.site\/fospuca\/?page_id=1172"},"modified":"2021-03-16T20:24:09","modified_gmt":"2021-03-16T20:24:09","slug":"inversiones-fospuca-el-hatillo-c-a","status":"publish","type":"page","link":"https:\/\/actualizando.site\/fospuca\/inversiones-fospuca-el-hatillo-c-a\/","title":{"rendered":"INVERSIONES FOSPUCA EL HATILLO C.A."},"content":{"rendered":"<p>[vc_row css_animation=\u00bb\u00bb row_type=\u00bbrow\u00bb use_row_as_full_screen_section=\u00bbno\u00bb type=\u00bbgrid\u00bb angled_section=\u00bbno\u00bb text_align=\u00bbleft\u00bb background_image_as_pattern=\u00bbwithout_pattern\u00bb z_index=\u00bb\u00bb el_class=\u00bbcentrar-vertical\u00bb css=\u00bb.vc_custom_1537813426960{padding-top: 50px !important;padding-bottom: 50px !important;}\u00bb][vc_column width=\u00bb1\/2&#8243; offset=\u00bbvc_hidden-sm vc_hidden-xs\u00bb][vc_single_image image=\u00bb1698&#8243; img_size=\u00bbfull\u00bb alignment=\u00bbright\u00bb qode_css_animation=\u00bb\u00bb][\/vc_column][vc_column width=\u00bb1\/2&#8243;][vc_column_text css=\u00bb.vc_custom_1549573455395{padding-bottom: 20px !important;}\u00bb]<\/p>\n<div class=\"row\">\n<div class=\"col-md-12\">\n<div class=\"home-\">\n<div class=\"row\">\n<div class=\"col-md-12\">\n<div class=\"home-\">\n<div class=\"row texto\">\n<div class=\"col-md-12\">\n<h1 style=\"text-align: center;\">INVERSIONES FOSPUCA EL HATILLO C.A.<\/h1>\n<\/div>\n<\/div>\n<\/div>\n<\/div>\n<\/div>\n<\/div>\n<\/div>\n<\/div>\n<p>[\/vc_column_text][vc_column_text]Para el retiro de chatarra y cachivaches que hayan sido desincorporados de inmuebles residenciales o comerciales. Tambi\u00e9n realizamos servicios adicionales, \u00fanicamente bajo la solicitud y coordinaci\u00f3n del Instituto Aut\u00f3nomo de Gesti\u00f3n Ambiental (IAGA), entre ellos tenemos el retiro y traslado de escombros, desechos vegetales como troncos y ramas, material industrial, as\u00ed como restos de animales peque\u00f1os. Con responsabilidad y un alto sentido de la preservaci\u00f3n ambiental, nuestros trabajadores se distribuyen en los 81 KM2 que comprenden el municipio El Hatillo del estado Miranda, para garantizar el servicio integral de Aseo Urbano en esta jurisdicci\u00f3n que, por su valor arquitect\u00f3nico y espacios coloniales, ha sido catalogada como uno de los Patrimonios Hist\u00f3ricos de Venezuela.<\/p>\n<p>&nbsp;<\/p>\n<p>Para brindar una atenci\u00f3n especializada a nuestros usuarios, en Fospuca estudiamos las caracter\u00edsticas demogr\u00e1ficas de la localidad, y sobre la base de estos resultados, trazamos un plan operativo de 10 rutas, recorridas por una flota compuesta por 11 unidades de distintos modelos y caracter\u00edsticas, dotadas de tecnolog\u00eda de punta y operarios altamente calificados.<\/p>\n<p>&nbsp;<\/p>\n<p>De esta manera, garantizamos la recolecci\u00f3n y traslado hacia su destino final de 20.000 toneladas m\u00e9tricas anuales de desperdicios s\u00f3lidos, provenientes de zonas residenciales y sectores comerciales, tanto p\u00fablicos como privados, que hacen vida en El Hatillo.<\/p>\n<p>&nbsp;<\/p>\n<p>Asimismo, honrando nuestro compromiso con el Municipio y sus habitantes, disponemos de un equipo conformado por m\u00e1s de 50 barredores que recorren esta jurisdicci\u00f3n, a lo largo de 29 sectores, realizando barrido manual en brocales, aceras y dem\u00e1s \u00e1reas peatonales p\u00fablicas, anexas a la vialidad.<\/p>\n<p>&nbsp;<\/p>\n<p>En Fospuca El Hatillo C.A activamos operativos trimestrales Estamos comprometidos con fomentar un ambiente sano en las localidades donde prestamos servicios. Una tarea que ejecutamos a cabalidad en el municipio El Hatillo, para contribuir al desarrollo y la calidad de vida de los habitantes, trabajadores y visitantes de esta emblem\u00e1tica localidad mirandina.[\/vc_column_text][\/vc_column][\/vc_row][vc_row css_animation=\u00bb\u00bb row_type=\u00bbrow\u00bb use_row_as_full_screen_section=\u00bbno\u00bb type=\u00bbfull_width\u00bb angled_section=\u00bbno\u00bb text_align=\u00bbleft\u00bb background_image_as_pattern=\u00bbwithout_pattern\u00bb el_class=\u00bbocultar\u00bb z_index=\u00bb\u00bb][vc_column][vc_row_inner row_type=\u00bbrow\u00bb type=\u00bbgrid\u00bb text_align=\u00bbleft\u00bb css_animation=\u00bb\u00bb css=\u00bb.vc_custom_1537801840236{padding-bottom: 50px !important;}\u00bb][vc_column_inner offset=\u00bbvc_hidden-sm vc_hidden-xs\u00bb][vc_column_text css=\u00bb.vc_custom_1537817258372{padding-bottom: 30px !important;}\u00bb]<\/p>\n<div class=\"row texto\">\n<div class=\"col-sm-6 col-md-5\">\n<h2 class=\"text-center\" style=\"text-align: center;\">Flota de Camiones<\/h2>\n<\/div>\n<\/div>\n<p>[\/vc_column_text][vc_column_text][masterslider id=\u00bb4&#8243;][\/vc_column_text][\/vc_column_inner][\/vc_row_inner][\/vc_column][\/vc_row][vc_row css_animation=\u00bb\u00bb row_type=\u00bbrow\u00bb use_row_as_full_screen_section=\u00bbno\u00bb type=\u00bbfull_width\u00bb angled_section=\u00bbno\u00bb text_align=\u00bbleft\u00bb background_image_as_pattern=\u00bbwithout_pattern\u00bb][vc_column][vc_row_inner row_type=\u00bbrow\u00bb type=\u00bbgrid\u00bb text_align=\u00bbleft\u00bb css_animation=\u00bb\u00bb css=\u00bb.vc_custom_1539015903014{padding-bottom: 50px !important;}\u00bb el_class=\u00bbempresas_grupo\u00bb][vc_column_inner width=\u00bb1\/2&#8243;]<div class=\"custom_font_holder\" style=\" font-size: 26px; line-height: 26px; font-style: normal; font-weight: 300; color: #ffffff; text-decoration: none; background-color: #4cb700; padding: 20px; text-align: left;\">Compromiso con la Calidad<\/div>[vc_column_text]Es nuestro compromiso la prestaci\u00f3n de los servicios de recolecci\u00f3n de desechos s\u00f3lidos y limpieza urbana, de forma oportuna, continua, confiable, socialmente responsable, en armon\u00eda con el medio ambiente y dentro del marco legal, satisfaciendo las necesidades y expectativas de los clientes, a trav\u00e9s del mejoramiento continuo del Sistema de Gesti\u00f3n de Calidad, contando actualmente con servicios de Atenci\u00f3n al Usuario y sistema documental QWEB Documents.[\/vc_column_text][\/vc_column_inner][vc_column_inner width=\u00bb1\/2&#8243;]<div class=\"custom_font_holder\" style=\" font-size: 26px; line-height: 26px; font-style: normal; font-weight: 300; color: #ffffff; text-decoration: none; background-color: #4cb700; padding: 20px; text-align: left;\">Pol\u00edtica SSA<\/div>[vc_column_text]Es pol\u00edtica de Fospuca asegurar que sus diferentes actividades de trabajo se realicen tomando en consideraci\u00f3n los riesgos asociados al tipo y caracter\u00edsticas operacionales de la empresa, con el objetivo de garantizar la integridad f\u00edsica y la salud de todos sus trabajadores, proteger sus activos e instalaciones y evitar la contaminaci\u00f3n del medio ambiente.[\/vc_column_text][\/vc_column_inner][\/vc_row_inner][vc_row_inner row_type=\u00bbrow\u00bb type=\u00bbgrid\u00bb text_align=\u00bbleft\u00bb css_animation=\u00bb\u00bb css=\u00bb.vc_custom_1539015906742{padding-bottom: 50px !important;}\u00bb el_class=\u00bbempresas_grupo\u00bb][vc_column_inner]<div class=\"custom_font_holder\" style=\" font-size: 26px; line-height: 26px; font-style: normal; font-weight: 300; color: #ffffff; text-decoration: none; background-color: #4cb700; padding: 20px; text-align: left;\">Infraestructura Tecnol\u00f3gica<\/div>[vc_column_text]<\/p>\n<div class=\"col-sm-6 col-md-6\">\n<section class=\"contenido\">\n<div class=\"container\">\n<div class=\"row\">\n<div class=\"col-md-10 col-md-offset-1\">\n<div class=\"row texto\">\n<div class=\"col-sm-6 col-md-6\">\n<p>Fospuca cuenta en su oficina principal con una infraestructura IT, la cual le permite comunicarse y prestar servicio a sus oficinas for\u00e1neas a trav\u00e9s de un enlace de microondas y una conexi\u00f3n a Internet, este enlace permite la conexi\u00f3n punto a punto de los servidores y de las centrales telef\u00f3nicas IP.<\/p>\n<p>Poseemos un servidor de dominio, correo, archivos y de aplicaciones que dan servicio a los usuarios internos y remotos, a trav\u00e9s de la VPN e Internet, tambi\u00e9n contamos con modernos equipos de control de acceso a las instalaciones, circuitos cerrados de televisi\u00f3n (CCTV) que brinda seguridad a los activos de la empresa. Las conexiones entrantes y salientes est\u00e1n protegidas, se filtran a los usuarios y a los sitios que estos pueden acceder.<\/p>\n<p>Nuestra sala de servidores est\u00e1 conformada por una moderna infraestructura tecnol\u00f3gica que cuenta con las configuraciones y capacidades necesarias para soportar las operaciones de las empresas considerando la capacidad necesaria para un crecimiento futuro.<\/p><\/div>\n<\/div>\n<\/div>\n<\/div>\n<\/div>\n<\/section>\n<section class=\"trayectoria text-center\"><\/section>\n<\/div>\n<p>[\/vc_column_text][\/vc_column_inner][\/vc_row_inner][\/vc_column][\/vc_row]<\/p>\n","protected":false},"excerpt":{"rendered":"<p>[vc_row css_animation=\u00bb\u00bb row_type=\u00bbrow\u00bb use_row_as_full_screen_section=\u00bbno\u00bb type=\u00bbgrid\u00bb angled_section=\u00bbno\u00bb text_align=\u00bbleft\u00bb background_image_as_pattern=\u00bbwithout_pattern\u00bb z_index=\u00bb\u00bb el_class=\u00bbcentrar-vertical\u00bb css=\u00bb.vc_custom_1537813426960{padding-top: 50px !important;padding-bottom: 50px !important;}\u00bb][vc_column width=\u00bb1\/2&#8243; offset=\u00bbvc_hidden-sm vc_hidden-xs\u00bb][vc_single_image image=\u00bb1698&#8243; img_size=\u00bbfull\u00bb alignment=\u00bbright\u00bb qode_css_animation=\u00bb\u00bb][\/vc_column][vc_column width=\u00bb1\/2&#8243;][vc_column_text css=\u00bb.vc_custom_1549573455395{padding-bottom: 20px !important;}\u00bb] INVERSIONES FOSPUCA EL HATILLO C.A. [\/vc_column_text][vc_column_text]Para el retiro de chatarra y cachivaches que hayan sido desincorporados de inmuebles residenciales&#8230;<\/p>\n","protected":false},"author":1,"featured_media":0,"parent":0,"menu_order":0,"comment_status":"closed","ping_status":"closed","template":"full_width.php","meta":{"footnotes":""},"class_list":["post-1172","page","type-page","status-publish","hentry"],"_links":{"self":[{"href":"https:\/\/actualizando.site\/fospuca\/wp-json\/wp\/v2\/pages\/1172","targetHints":{"allow":["GET"]}}],"collection":[{"href":"https:\/\/actualizando.site\/fospuca\/wp-json\/wp\/v2\/pages"}],"about":[{"href":"https:\/\/actualizando.site\/fospuca\/wp-json\/wp\/v2\/types\/page"}],"author":[{"embeddable":true,"href":"https:\/\/actualizando.site\/fospuca\/wp-json\/wp\/v2\/users\/1"}],"replies":[{"embeddable":true,"href":"https:\/\/actualizando.site\/fospuca\/wp-json\/wp\/v2\/comments?post=1172"}],"version-history":[{"count":3,"href":"https:\/\/actualizando.site\/fospuca\/wp-json\/wp\/v2\/pages\/1172\/revisions"}],"predecessor-version":[{"id":2926,"href":"https:\/\/actualizando.site\/fospuca\/wp-json\/wp\/v2\/pages\/1172\/revisions\/2926"}],"wp:attachment":[{"href":"https:\/\/actualizando.site\/fospuca\/wp-json\/wp\/v2\/media?parent=1172"}],"curies":[{"name":"wp","href":"https:\/\/api.w.org\/{rel}","templated":true}]}}