{"id":1183,"date":"2018-09-24T20:15:28","date_gmt":"2018-09-24T20:15:28","guid":{"rendered":"https:\/\/actualizando.site\/fospuca\/?page_id=1183"},"modified":"2019-05-15T02:05:22","modified_gmt":"2019-05-15T02:05:22","slug":"trabaja-con-nosotros","status":"publish","type":"page","link":"https:\/\/actualizando.site\/fospuca\/trabaja-con-nosotros\/","title":{"rendered":"Trabaja con nosotros"},"content":{"rendered":"<p>[vc_row css_animation=\u00bb\u00bb row_type=\u00bbrow\u00bb use_row_as_full_screen_section=\u00bbno\u00bb type=\u00bbfull_width\u00bb angled_section=\u00bbno\u00bb text_align=\u00bbleft\u00bb background_image_as_pattern=\u00bbwithout_pattern\u00bb css=\u00bb.vc_custom_1544795556887{margin-top: 60px !important;margin-bottom: 50px !important;}\u00bb z_index=\u00bb\u00bb el_class=\u00bbinfo_wrapper\u00bb][vc_column width=\u00bb1\/2&#8243;][vc_column_text]En Fospuca, creamos oportunidades de empleo que no solo transforman la vida de quienes se suman a nuestra Empresa, sino que convierten a los empleados en agentes de cambio para una sociedad en equilibrio con el ambiente.[\/vc_column_text][\/vc_column][vc_column width=\u00bb1\/2&#8243;][vc_column_text el_class=\u00bbspecial_text\u00bb]\u00bfTe gustar\u00eda ser parte de nuestro equipo? Nosotros estar\u00edamos encantados de contar con gente como t\u00fa. Revisa las vacantes que tenemos en cada regi\u00f3n del pa\u00eds y \u00fanete a Fospuca.[\/vc_column_text][\/vc_column][\/vc_row][vc_row css_animation=\u00bb\u00bb row_type=\u00bbrow\u00bb use_row_as_full_screen_section=\u00bbno\u00bb type=\u00bbgrid\u00bb angled_section=\u00bbno\u00bb text_align=\u00bbleft\u00bb background_image_as_pattern=\u00bbwithout_pattern\u00bb z_index=\u00bb\u00bb css=\u00bb.vc_custom_1544792142551{padding-top: 50px !important;padding-bottom: 50px !important;}\u00bb el_class=\u00bbcontact_content work_us\u00bb][vc_column width=\u00bb1\/2&#8243; el_class=\u00bbimage_us\u00bb][vc_single_image image=\u00bb1198&#8243; img_size=\u00bb447&#215;450&#8243; alignment=\u00bbcenter\u00bb qode_css_animation=\u00bb\u00bb][\/vc_column][vc_column width=\u00bb1\/2&#8243; el_class=\u00bbresponsive_column\u00bb][vc_column_text el_class=\u00bbform_title\u00bb]<\/p>\n<h2>Vacantes disponibles<\/h2>\n<p>[\/vc_column_text][vc_column_text css=\u00bb.vc_custom_1549641818771{margin-bottom: 20px !important;}\u00bb]<\/p>\n<p style=\"color: #4cb700; font-weight: bold;\">Selecciona tu ciudad:<\/p>\n<p>&nbsp;<\/p>\n<p>Aplica para uno de nuestros puestos disponibles en el campo \u00abSeleccionar vacante\u00bb .<\/p>\n<p>[\/vc_column_text]<div class=\"qode-accordion-holder clearfix qode-toggle qode-initial \">\n\t<h2 class=\"clearfix qode-title-holder\">\n<span class=\"qode-tab-title\">\n\t    <span class=\"qode-tab-title-inner\">\n        Caracas    <\/span>\n<\/span>\n<span class=\"qode-accordion-mark\">\n    <span class=\"qode-accordion-mark-icon\">\n        <span class=\"icon_plus\"><\/span>\n        <span class=\"icon_minus-06\"><\/span>\n    <\/span>\n<\/span>\n<\/h2>\n<div  class=\"qode-accordion-content \" >\n    <div class=\"qode-accordion-content-inner\">\n        [contact-form-7 id=\u00bb1190&#8243; html_class=\u00bbdefault\u00bb]    <\/div>\n<\/div><h2 class=\"clearfix qode-title-holder\">\n<span class=\"qode-tab-title\">\n\t    <span class=\"qode-tab-title-inner\">\n        Barquisimeto    <\/span>\n<\/span>\n<span class=\"qode-accordion-mark\">\n    <span class=\"qode-accordion-mark-icon\">\n        <span class=\"icon_plus\"><\/span>\n        <span class=\"icon_minus-06\"><\/span>\n    <\/span>\n<\/span>\n<\/h2>\n<div  class=\"qode-accordion-content \" >\n    <div class=\"qode-accordion-content-inner\">\n        [contact-form-7 id=\u00bb1482&#8243; html_class=\u00bbdefault\u00bb]    <\/div>\n<\/div><\/div>[vc_column_text css=\u00bb.vc_custom_1557885909229{margin-top: 20px !important;}\u00bb]En caso de requerir informaci\u00f3n adicional puede comunicarse al n\u00famero de tel\u00e9fono (0414) 912.90.44.[\/vc_column_text][\/vc_column][\/vc_row]<\/p>\n","protected":false},"excerpt":{"rendered":"<p>[vc_row css_animation=\u00bb\u00bb row_type=\u00bbrow\u00bb use_row_as_full_screen_section=\u00bbno\u00bb type=\u00bbfull_width\u00bb angled_section=\u00bbno\u00bb text_align=\u00bbleft\u00bb background_image_as_pattern=\u00bbwithout_pattern\u00bb css=\u00bb.vc_custom_1544795556887{margin-top: 60px !important;margin-bottom: 50px !important;}\u00bb z_index=\u00bb\u00bb el_class=\u00bbinfo_wrapper\u00bb][vc_column width=\u00bb1\/2&#8243;][vc_column_text]En Fospuca, creamos oportunidades de empleo que no solo transforman la vida de quienes se suman a nuestra Empresa, sino que convierten a los empleados en agentes de cambio para&#8230;<\/p>\n","protected":false},"author":1,"featured_media":0,"parent":0,"menu_order":0,"comment_status":"closed","ping_status":"closed","template":"full_width.php","meta":{"footnotes":""},"class_list":["post-1183","page","type-page","status-publish","hentry"],"_links":{"self":[{"href":"https:\/\/actualizando.site\/fospuca\/wp-json\/wp\/v2\/pages\/1183","targetHints":{"allow":["GET"]}}],"collection":[{"href":"https:\/\/actualizando.site\/fospuca\/wp-json\/wp\/v2\/pages"}],"about":[{"href":"https:\/\/actualizando.site\/fospuca\/wp-json\/wp\/v2\/types\/page"}],"author":[{"embeddable":true,"href":"https:\/\/actualizando.site\/fospuca\/wp-json\/wp\/v2\/users\/1"}],"replies":[{"embeddable":true,"href":"https:\/\/actualizando.site\/fospuca\/wp-json\/wp\/v2\/comments?post=1183"}],"version-history":[{"count":0,"href":"https:\/\/actualizando.site\/fospuca\/wp-json\/wp\/v2\/pages\/1183\/revisions"}],"wp:attachment":[{"href":"https:\/\/actualizando.site\/fospuca\/wp-json\/wp\/v2\/media?parent=1183"}],"curies":[{"name":"wp","href":"https:\/\/api.w.org\/{rel}","templated":true}]}}