{"id":1318,"date":"2018-12-05T15:18:59","date_gmt":"2018-12-05T15:18:59","guid":{"rendered":"https:\/\/actualizando.site\/fospuca\/?page_id=1318"},"modified":"2019-02-04T18:15:40","modified_gmt":"2019-02-04T18:15:40","slug":"recoleccion-de-desecho-solidos","status":"publish","type":"page","link":"https:\/\/actualizando.site\/fospuca\/recoleccion-de-desecho-solidos\/","title":{"rendered":"Recolecci\u00f3n de desechos s\u00f3lidos"},"content":{"rendered":"<p>[vc_row css_animation=\u00bb\u00bb row_type=\u00bbrow\u00bb use_row_as_full_screen_section=\u00bbno\u00bb type=\u00bbfull_width\u00bb angled_section=\u00bbno\u00bb text_align=\u00bbleft\u00bb background_image_as_pattern=\u00bbwithout_pattern\u00bb css=\u00bb.vc_custom_1544029446435{margin-bottom: 150px !important;}\u00bb z_index=\u00bb\u00bb el_class=\u00bbcontent_info\u00bb][vc_column css_animation=\u00bbnone\u00bb width=\u00bb1\/2&#8243; el_class=\u00bbrow_column_cont\u00bb][vc_single_image image=\u00bb1548&#8243; img_size=\u00bb447&#215;450&#8243; qode_css_animation=\u00bb\u00bb][\/vc_column][vc_column width=\u00bb1\/2&#8243; el_class=\u00bbrow_column_cont\u00bb][vc_column_text]<\/p>\n<h2 style=\"text-align: left;\">Recolecci\u00f3n de desechos s\u00f3lidos<\/h2>\n<p>El retiro de los desechos s\u00f3lidos generados por inmuebles de uso residencial y jur\u00eddico, tanto p\u00fablico como privado, es una de las principales labores que desarrolla Fospuca en las jurisdicciones que diariamente recorren nuestros trabajadores.<\/p>\n<p>Trasladamos toneladas de desperdicios comunes y de distintos materiales como papel, cart\u00f3n, alimentos, pl\u00e1sticos, vidrios y dem\u00e1s residuos urbanos, que por sus caracter\u00edsticas requieren ser retirados hacia su destino final.[\/vc_column_text][\/vc_column][\/vc_row]<\/p>\n","protected":false},"excerpt":{"rendered":"<p>[vc_row css_animation=\u00bb\u00bb row_type=\u00bbrow\u00bb use_row_as_full_screen_section=\u00bbno\u00bb type=\u00bbfull_width\u00bb angled_section=\u00bbno\u00bb text_align=\u00bbleft\u00bb background_image_as_pattern=\u00bbwithout_pattern\u00bb css=\u00bb.vc_custom_1544029446435{margin-bottom: 150px !important;}\u00bb z_index=\u00bb\u00bb el_class=\u00bbcontent_info\u00bb][vc_column css_animation=\u00bbnone\u00bb width=\u00bb1\/2&#8243; el_class=\u00bbrow_column_cont\u00bb][vc_single_image image=\u00bb1548&#8243; img_size=\u00bb447&#215;450&#8243; qode_css_animation=\u00bb\u00bb][\/vc_column][vc_column width=\u00bb1\/2&#8243; el_class=\u00bbrow_column_cont\u00bb][vc_column_text] Recolecci\u00f3n de desechos s\u00f3lidos El retiro de los desechos s\u00f3lidos generados por inmuebles de uso residencial y jur\u00eddico, tanto p\u00fablico como privado, es una&#8230;<\/p>\n","protected":false},"author":1,"featured_media":0,"parent":0,"menu_order":0,"comment_status":"closed","ping_status":"closed","template":"full_width.php","meta":{"footnotes":""},"class_list":["post-1318","page","type-page","status-publish","hentry"],"_links":{"self":[{"href":"https:\/\/actualizando.site\/fospuca\/wp-json\/wp\/v2\/pages\/1318","targetHints":{"allow":["GET"]}}],"collection":[{"href":"https:\/\/actualizando.site\/fospuca\/wp-json\/wp\/v2\/pages"}],"about":[{"href":"https:\/\/actualizando.site\/fospuca\/wp-json\/wp\/v2\/types\/page"}],"author":[{"embeddable":true,"href":"https:\/\/actualizando.site\/fospuca\/wp-json\/wp\/v2\/users\/1"}],"replies":[{"embeddable":true,"href":"https:\/\/actualizando.site\/fospuca\/wp-json\/wp\/v2\/comments?post=1318"}],"version-history":[{"count":0,"href":"https:\/\/actualizando.site\/fospuca\/wp-json\/wp\/v2\/pages\/1318\/revisions"}],"wp:attachment":[{"href":"https:\/\/actualizando.site\/fospuca\/wp-json\/wp\/v2\/media?parent=1318"}],"curies":[{"name":"wp","href":"https:\/\/api.w.org\/{rel}","templated":true}]}}