{"id":1339,"date":"2018-12-05T17:02:07","date_gmt":"2018-12-05T17:02:07","guid":{"rendered":"https:\/\/actualizando.site\/fospuca\/?page_id=1339"},"modified":"2019-02-04T19:52:52","modified_gmt":"2019-02-04T19:52:52","slug":"recoleccion-de-desechos-patologicos","status":"publish","type":"page","link":"https:\/\/actualizando.site\/fospuca\/recoleccion-de-desechos-patologicos\/","title":{"rendered":"Recolecci\u00f3n de desechos patol\u00f3gicos"},"content":{"rendered":"<p>[vc_row css_animation=\u00bb\u00bb row_type=\u00bbrow\u00bb use_row_as_full_screen_section=\u00bbno\u00bb type=\u00bbfull_width\u00bb angled_section=\u00bbno\u00bb text_align=\u00bbleft\u00bb background_image_as_pattern=\u00bbwithout_pattern\u00bb el_class=\u00bbcontent_info\u00bb z_index=\u00bb\u00bb css=\u00bb.vc_custom_1544031478934{margin-bottom: 150px !important;}\u00bb][vc_column width=\u00bb1\/2&#8243; el_class=\u00bbrow_column_cont\u00bb][vc_single_image image=\u00bb1560&#8243; img_size=\u00bb447&#215;450&#8243; alignment=\u00bbcenter\u00bb qode_css_animation=\u00bb\u00bb][\/vc_column][vc_column width=\u00bb1\/2&#8243; el_class=\u00bbrow_column_cont\u00bb][vc_column_text]<\/p>\n<h2>Recolecci\u00f3n de desechos patol\u00f3gicos<\/h2>\n<p>En Fospuca ejecutamos, previo acuerdo con las autoridades municipales, la recolecci\u00f3n y traslado de desechos patol\u00f3gicos, generados por instituciones y centros de salud, p\u00fablicos y privados, localizados dentro de las jurisdicciones donde desarrollamos operaciones.<\/p>\n<p>Este tipo de residuos exigen un tratamiento particular y espec\u00edfico, ya que son<br \/>\npotencialmente infecciosos y susceptibles a producir enfermedades en la colectividad. Esta es otra tarea que realizamos bajo nuestra orientaci\u00f3n de cuidado al ambiente, responsabilidad con la ciudadan\u00eda y salud p\u00fablica.<\/p>\n<p>A trav\u00e9s del 0501-FOSPUCA (0501-3677822) ponemos a disposici\u00f3n de nuestros usuarios un equipo de atenci\u00f3n telef\u00f3nica, que brinda toda la informaci\u00f3n necesaria para gestionar, ante los entes correspondientes, las jornadas especiales de recolecci\u00f3n de desechos patol\u00f3gicos.[\/vc_column_text][\/vc_column][\/vc_row]<\/p>\n","protected":false},"excerpt":{"rendered":"<p>[vc_row css_animation=\u00bb\u00bb row_type=\u00bbrow\u00bb use_row_as_full_screen_section=\u00bbno\u00bb type=\u00bbfull_width\u00bb angled_section=\u00bbno\u00bb text_align=\u00bbleft\u00bb background_image_as_pattern=\u00bbwithout_pattern\u00bb el_class=\u00bbcontent_info\u00bb z_index=\u00bb\u00bb css=\u00bb.vc_custom_1544031478934{margin-bottom: 150px !important;}\u00bb][vc_column width=\u00bb1\/2&#8243; el_class=\u00bbrow_column_cont\u00bb][vc_single_image image=\u00bb1560&#8243; img_size=\u00bb447&#215;450&#8243; alignment=\u00bbcenter\u00bb qode_css_animation=\u00bb\u00bb][\/vc_column][vc_column width=\u00bb1\/2&#8243; el_class=\u00bbrow_column_cont\u00bb][vc_column_text] Recolecci\u00f3n de desechos patol\u00f3gicos En Fospuca ejecutamos, previo acuerdo con las autoridades municipales, la recolecci\u00f3n y traslado de desechos patol\u00f3gicos, generados por instituciones y&#8230;<\/p>\n","protected":false},"author":1,"featured_media":0,"parent":0,"menu_order":0,"comment_status":"closed","ping_status":"closed","template":"full_width.php","meta":{"footnotes":""},"class_list":["post-1339","page","type-page","status-publish","hentry"],"_links":{"self":[{"href":"https:\/\/actualizando.site\/fospuca\/wp-json\/wp\/v2\/pages\/1339","targetHints":{"allow":["GET"]}}],"collection":[{"href":"https:\/\/actualizando.site\/fospuca\/wp-json\/wp\/v2\/pages"}],"about":[{"href":"https:\/\/actualizando.site\/fospuca\/wp-json\/wp\/v2\/types\/page"}],"author":[{"embeddable":true,"href":"https:\/\/actualizando.site\/fospuca\/wp-json\/wp\/v2\/users\/1"}],"replies":[{"embeddable":true,"href":"https:\/\/actualizando.site\/fospuca\/wp-json\/wp\/v2\/comments?post=1339"}],"version-history":[{"count":0,"href":"https:\/\/actualizando.site\/fospuca\/wp-json\/wp\/v2\/pages\/1339\/revisions"}],"wp:attachment":[{"href":"https:\/\/actualizando.site\/fospuca\/wp-json\/wp\/v2\/media?parent=1339"}],"curies":[{"name":"wp","href":"https:\/\/api.w.org\/{rel}","templated":true}]}}