{"id":1349,"date":"2018-12-05T17:34:58","date_gmt":"2018-12-05T17:34:58","guid":{"rendered":"https:\/\/actualizando.site\/fospuca\/?page_id=1349"},"modified":"2019-02-04T18:09:07","modified_gmt":"2019-02-04T18:09:07","slug":"limpieza-urbana","status":"publish","type":"page","link":"https:\/\/actualizando.site\/fospuca\/limpieza-urbana\/","title":{"rendered":"Limpieza urbana"},"content":{"rendered":"<p>[vc_row css_animation=\u00bb\u00bb row_type=\u00bbrow\u00bb use_row_as_full_screen_section=\u00bbno\u00bb type=\u00bbfull_width\u00bb angled_section=\u00bbno\u00bb text_align=\u00bbleft\u00bb background_image_as_pattern=\u00bbwithout_pattern\u00bb el_class=\u00bbcontent_info\u00bb css=\u00bb.vc_custom_1544032623905{margin-bottom: 150px !important;}\u00bb z_index=\u00bb\u00bb][vc_column width=\u00bb1\/2&#8243; el_class=\u00bbrow_column_cont\u00bb][vc_single_image image=\u00bb1556&#8243; img_size=\u00bb447&#215;450&#8243; alignment=\u00bbcenter\u00bb qode_css_animation=\u00bb\u00bb][\/vc_column][vc_column width=\u00bb1\/2&#8243; el_class=\u00bbrow_column_cont\u00bb][vc_column_text]<\/p>\n<h2>Limpieza Urbana<\/h2>\n<p>En Fospuca velamos por la limpieza de calles, avenidas, bulevares, plazas, islas y aceras de los municipios donde estamos presentes. Para ello contamos con un talento humano comprometido con el saneamiento ambiental y dotado de las mejores herramientas para garantizar esta tarea.<\/p>\n<p>De igual modo, realizamos el lavado de \u00e1reas p\u00fablicas mediante el baldeo de baja y alta presi\u00f3n, la recolecci\u00f3n de deyecciones caninas, as\u00ed como el retiro de desechos s\u00f3lidos urbanos y el traslado de estos residuos hasta su destino final.<\/p>\n<p>Estas acciones las ejecutamos con la convicci\u00f3n de contribuir con la calidad de vida de los ciudadanos, siendo constructores de una ciudad limpia y en armon\u00eda con el ambiente.[\/vc_column_text][\/vc_column][\/vc_row]<\/p>\n","protected":false},"excerpt":{"rendered":"<p>[vc_row css_animation=\u00bb\u00bb row_type=\u00bbrow\u00bb use_row_as_full_screen_section=\u00bbno\u00bb type=\u00bbfull_width\u00bb angled_section=\u00bbno\u00bb text_align=\u00bbleft\u00bb background_image_as_pattern=\u00bbwithout_pattern\u00bb el_class=\u00bbcontent_info\u00bb css=\u00bb.vc_custom_1544032623905{margin-bottom: 150px !important;}\u00bb z_index=\u00bb\u00bb][vc_column width=\u00bb1\/2&#8243; el_class=\u00bbrow_column_cont\u00bb][vc_single_image image=\u00bb1556&#8243; img_size=\u00bb447&#215;450&#8243; alignment=\u00bbcenter\u00bb qode_css_animation=\u00bb\u00bb][\/vc_column][vc_column width=\u00bb1\/2&#8243; el_class=\u00bbrow_column_cont\u00bb][vc_column_text] Limpieza Urbana En Fospuca velamos por la limpieza de calles, avenidas, bulevares, plazas, islas y aceras de los municipios donde estamos presentes. Para ello&#8230;<\/p>\n","protected":false},"author":1,"featured_media":0,"parent":0,"menu_order":0,"comment_status":"closed","ping_status":"closed","template":"full_width.php","meta":{"footnotes":""},"class_list":["post-1349","page","type-page","status-publish","hentry"],"_links":{"self":[{"href":"https:\/\/actualizando.site\/fospuca\/wp-json\/wp\/v2\/pages\/1349","targetHints":{"allow":["GET"]}}],"collection":[{"href":"https:\/\/actualizando.site\/fospuca\/wp-json\/wp\/v2\/pages"}],"about":[{"href":"https:\/\/actualizando.site\/fospuca\/wp-json\/wp\/v2\/types\/page"}],"author":[{"embeddable":true,"href":"https:\/\/actualizando.site\/fospuca\/wp-json\/wp\/v2\/users\/1"}],"replies":[{"embeddable":true,"href":"https:\/\/actualizando.site\/fospuca\/wp-json\/wp\/v2\/comments?post=1349"}],"version-history":[{"count":0,"href":"https:\/\/actualizando.site\/fospuca\/wp-json\/wp\/v2\/pages\/1349\/revisions"}],"wp:attachment":[{"href":"https:\/\/actualizando.site\/fospuca\/wp-json\/wp\/v2\/media?parent=1349"}],"curies":[{"name":"wp","href":"https:\/\/api.w.org\/{rel}","templated":true}]}}