{"id":1363,"date":"2018-12-05T19:01:28","date_gmt":"2018-12-05T19:01:28","guid":{"rendered":"https:\/\/actualizando.site\/fospuca\/?page_id=1363"},"modified":"2019-04-24T21:54:28","modified_gmt":"2019-04-24T21:54:28","slug":"recoleccion-extraordinaria-de-desechos","status":"publish","type":"page","link":"https:\/\/actualizando.site\/fospuca\/recoleccion-extraordinaria-de-desechos\/","title":{"rendered":"Recolecci\u00f3n extraordinaria de desechos"},"content":{"rendered":"<p>[vc_row css_animation=\u00bb\u00bb row_type=\u00bbrow\u00bb use_row_as_full_screen_section=\u00bbno\u00bb type=\u00bbfull_width\u00bb angled_section=\u00bbno\u00bb text_align=\u00bbleft\u00bb background_image_as_pattern=\u00bbwithout_pattern\u00bb el_class=\u00bbcontent_info\u00bb css=\u00bb.vc_custom_1544037833328{margin-bottom: 150px !important;}\u00bb z_index=\u00bb\u00bb][vc_column width=\u00bb1\/2&#8243; el_class=\u00bbrow_column_cont\u00bb][vc_single_image image=\u00bb1550&#8243; img_size=\u00bb447&#215;450&#8243; alignment=\u00bbcenter\u00bb qode_css_animation=\u00bb\u00bb][\/vc_column][vc_column width=\u00bb1\/2&#8243; el_class=\u00bbrow_column_cont\u00bb][vc_column_text]<\/p>\n<h2>Recolecci\u00f3n extraordinaria de desechos<\/h2>\n<p>La recolecci\u00f3n de residuos y desechos es una de las labores que ejecutamos, previa solicitud y coordinaci\u00f3n con las autoridades municipales donde estamos presentes.<\/p>\n<p>Esta tarea comprende el retiro y traslado de escombros, desechos vegetales como troncos y ramas, material industrial, cachivaches y chatarra, restos de animales peque\u00f1os y el transporte de sustancias qu\u00edmicas o biol\u00f3gicas que pueden producir da\u00f1os a la salud, a la propiedad o al ambiente, entre otros.<\/p>\n<p>A trav\u00e9s del 0501-FOSPUCA (0501-3677822) ponemos a disposici\u00f3n de nuestros usuarios un equipo de atenci\u00f3n telef\u00f3nica que brinda toda la informaci\u00f3n necesaria para gestionar, ante los entes correspondientes, las jornadas especiales de recolecci\u00f3n de desechos extraordinarios.[\/vc_column_text][\/vc_column][\/vc_row]<\/p>\n","protected":false},"excerpt":{"rendered":"<p>[vc_row css_animation=\u00bb\u00bb row_type=\u00bbrow\u00bb use_row_as_full_screen_section=\u00bbno\u00bb type=\u00bbfull_width\u00bb angled_section=\u00bbno\u00bb text_align=\u00bbleft\u00bb background_image_as_pattern=\u00bbwithout_pattern\u00bb el_class=\u00bbcontent_info\u00bb css=\u00bb.vc_custom_1544037833328{margin-bottom: 150px !important;}\u00bb z_index=\u00bb\u00bb][vc_column width=\u00bb1\/2&#8243; el_class=\u00bbrow_column_cont\u00bb][vc_single_image image=\u00bb1550&#8243; img_size=\u00bb447&#215;450&#8243; alignment=\u00bbcenter\u00bb qode_css_animation=\u00bb\u00bb][\/vc_column][vc_column width=\u00bb1\/2&#8243; el_class=\u00bbrow_column_cont\u00bb][vc_column_text] Recolecci\u00f3n extraordinaria de desechos La recolecci\u00f3n de residuos y desechos es una de las labores que ejecutamos, previa solicitud y coordinaci\u00f3n con las autoridades&#8230;<\/p>\n","protected":false},"author":1,"featured_media":0,"parent":0,"menu_order":0,"comment_status":"closed","ping_status":"closed","template":"full_width.php","meta":{"footnotes":""},"class_list":["post-1363","page","type-page","status-publish","hentry"],"_links":{"self":[{"href":"https:\/\/actualizando.site\/fospuca\/wp-json\/wp\/v2\/pages\/1363","targetHints":{"allow":["GET"]}}],"collection":[{"href":"https:\/\/actualizando.site\/fospuca\/wp-json\/wp\/v2\/pages"}],"about":[{"href":"https:\/\/actualizando.site\/fospuca\/wp-json\/wp\/v2\/types\/page"}],"author":[{"embeddable":true,"href":"https:\/\/actualizando.site\/fospuca\/wp-json\/wp\/v2\/users\/1"}],"replies":[{"embeddable":true,"href":"https:\/\/actualizando.site\/fospuca\/wp-json\/wp\/v2\/comments?post=1363"}],"version-history":[{"count":0,"href":"https:\/\/actualizando.site\/fospuca\/wp-json\/wp\/v2\/pages\/1363\/revisions"}],"wp:attachment":[{"href":"https:\/\/actualizando.site\/fospuca\/wp-json\/wp\/v2\/media?parent=1363"}],"curies":[{"name":"wp","href":"https:\/\/api.w.org\/{rel}","templated":true}]}}