{"id":1370,"date":"2018-12-05T19:19:02","date_gmt":"2018-12-05T19:19:02","guid":{"rendered":"https:\/\/actualizando.site\/fospuca\/?page_id=1370"},"modified":"2019-02-04T19:47:36","modified_gmt":"2019-02-04T19:47:36","slug":"eventos-especiales","status":"publish","type":"page","link":"https:\/\/actualizando.site\/fospuca\/eventos-especiales\/","title":{"rendered":"Eventos Especiales"},"content":{"rendered":"<p>[vc_row css_animation=\u00bb\u00bb row_type=\u00bbrow\u00bb use_row_as_full_screen_section=\u00bbno\u00bb type=\u00bbfull_width\u00bb angled_section=\u00bbno\u00bb text_align=\u00bbleft\u00bb background_image_as_pattern=\u00bbwithout_pattern\u00bb el_class=\u00bbcontent_info\u00bb css=\u00bb.vc_custom_1544039152080{margin-bottom: 150px !important;}\u00bb z_index=\u00bb\u00bb][vc_column width=\u00bb1\/2&#8243; el_class=\u00bbrow_column_cont\u00bb][vc_single_image image=\u00bb1558&#8243; img_size=\u00bb447&#215;450&#8243; qode_css_animation=\u00bb\u00bb][\/vc_column][vc_column width=\u00bb1\/2&#8243; el_class=\u00bbrow_column_cont\u00bb][vc_column_text]<\/p>\n<h2>Recolecci\u00f3n de desechos en eventos especiales<\/h2>\n<p>Garantizamos la limpieza y recolecci\u00f3n de desechos s\u00f3lidos en espacios p\u00fablicos y privados, luego de la realizaci\u00f3n de actividades o eventos especiales dirigidos a la recreaci\u00f3n y esparcimiento de la poblaci\u00f3n que habita los municipios donde desarrollamos<br \/>\noperaciones.<\/p>\n<p>Estas labores de limpieza se realizan previa planificaci\u00f3n y acuerdo con las autoridades municipales y representan una muestra m\u00e1s del compromiso de Fospuca, por propiciar lugares limpios, acordes y en consonancia con el equilibrio ambiental.<\/p>\n<p>A trav\u00e9s del 0501-FOSPUCA (0501-3677822) ponemos a disposici\u00f3n de nuestros usuarios un equipo de atenci\u00f3n telef\u00f3nica, que brinda toda la informaci\u00f3n necesaria para gestionar el servicio que prestamos en eventos especiales.[\/vc_column_text][\/vc_column][\/vc_row]<\/p>\n","protected":false},"excerpt":{"rendered":"<p>[vc_row css_animation=\u00bb\u00bb row_type=\u00bbrow\u00bb use_row_as_full_screen_section=\u00bbno\u00bb type=\u00bbfull_width\u00bb angled_section=\u00bbno\u00bb text_align=\u00bbleft\u00bb background_image_as_pattern=\u00bbwithout_pattern\u00bb el_class=\u00bbcontent_info\u00bb css=\u00bb.vc_custom_1544039152080{margin-bottom: 150px !important;}\u00bb z_index=\u00bb\u00bb][vc_column width=\u00bb1\/2&#8243; el_class=\u00bbrow_column_cont\u00bb][vc_single_image image=\u00bb1558&#8243; img_size=\u00bb447&#215;450&#8243; qode_css_animation=\u00bb\u00bb][\/vc_column][vc_column width=\u00bb1\/2&#8243; el_class=\u00bbrow_column_cont\u00bb][vc_column_text] Recolecci\u00f3n de desechos en eventos especiales Garantizamos la limpieza y recolecci\u00f3n de desechos s\u00f3lidos en espacios p\u00fablicos y privados, luego de la realizaci\u00f3n de actividades&#8230;<\/p>\n","protected":false},"author":1,"featured_media":0,"parent":0,"menu_order":0,"comment_status":"closed","ping_status":"closed","template":"full_width.php","meta":{"footnotes":""},"class_list":["post-1370","page","type-page","status-publish","hentry"],"_links":{"self":[{"href":"https:\/\/actualizando.site\/fospuca\/wp-json\/wp\/v2\/pages\/1370","targetHints":{"allow":["GET"]}}],"collection":[{"href":"https:\/\/actualizando.site\/fospuca\/wp-json\/wp\/v2\/pages"}],"about":[{"href":"https:\/\/actualizando.site\/fospuca\/wp-json\/wp\/v2\/types\/page"}],"author":[{"embeddable":true,"href":"https:\/\/actualizando.site\/fospuca\/wp-json\/wp\/v2\/users\/1"}],"replies":[{"embeddable":true,"href":"https:\/\/actualizando.site\/fospuca\/wp-json\/wp\/v2\/comments?post=1370"}],"version-history":[{"count":0,"href":"https:\/\/actualizando.site\/fospuca\/wp-json\/wp\/v2\/pages\/1370\/revisions"}],"wp:attachment":[{"href":"https:\/\/actualizando.site\/fospuca\/wp-json\/wp\/v2\/media?parent=1370"}],"curies":[{"name":"wp","href":"https:\/\/api.w.org\/{rel}","templated":true}]}}