{"id":1386,"date":"2018-12-05T21:03:39","date_gmt":"2018-12-05T21:03:39","guid":{"rendered":"https:\/\/actualizando.site\/fospuca\/?page_id=1386"},"modified":"2021-03-16T20:23:58","modified_gmt":"2021-03-16T20:23:58","slug":"fospuca-chacao-c-a","status":"publish","type":"page","link":"https:\/\/actualizando.site\/fospuca\/fospuca-chacao-c-a\/","title":{"rendered":"FOSPUCA CHACAO C.A."},"content":{"rendered":"<p>[vc_row css_animation=\u00bb\u00bb row_type=\u00bbrow\u00bb use_row_as_full_screen_section=\u00bbno\u00bb type=\u00bbgrid\u00bb angled_section=\u00bbno\u00bb text_align=\u00bbleft\u00bb background_image_as_pattern=\u00bbwithout_pattern\u00bb z_index=\u00bb\u00bb el_class=\u00bbcentrar-vertical\u00bb css=\u00bb.vc_custom_1537813426960{padding-top: 50px !important;padding-bottom: 50px !important;}\u00bb][vc_column width=\u00bb1\/2&#8243; offset=\u00bbvc_hidden-sm vc_hidden-xs\u00bb][vc_single_image image=\u00bb1696&#8243; img_size=\u00bbfull\u00bb alignment=\u00bbcenter\u00bb qode_css_animation=\u00bb\u00bb][\/vc_column][vc_column width=\u00bb1\/2&#8243;][vc_column_text css=\u00bb.vc_custom_1550785297973{padding-bottom: 20px !important;}\u00bb]<\/p>\n<h1 style=\"text-align: center;\">FOSPUCA CHACAO C.A.<\/h1>\n<p>[\/vc_column_text][vc_column_text]Tenemos un compromiso con el saneamiento ambiental de distintos sectores que conforman el \u00c1rea Metropolitana de Caracas. Una de ellos es el municipio Chacao, donde ofrecemos el servicio integral de Aseo Urbano a cerca de 120.000 habitantes, a trav\u00e9s de un plan de recolecci\u00f3n de desechos s\u00f3lidos que garantiza la limpieza de calles, avenidas, zonas residenciales y comerciales de esta jurisdicci\u00f3n.<\/p>\n<p>&nbsp;<\/p>\n<p>Para desarrollar este plan de atenci\u00f3n, contamos con una flota compuesta por 13 unidades, de distintos modelos y caracter\u00edsticas, operadas por talento humano calificado, que se encarga del retiro y traslado hasta su destino final de aproximadamente 27 mil toneladas m\u00e9tricas de residuos urbanos al a\u00f1o.<br \/>\nAdicionalmente, conscientes de la din\u00e1mica econ\u00f3mica y comercial que caracteriza a Chacao, desplegamos nuestro talento humano para garantizar el barrido manual y la limpieza en 32 sectores del Municipio. Adem\u00e1s, como parte de nuestro servicio integral, ejecutamos el lavado de calles y \u00e1reas p\u00fablicas, mediante el baldeo de baja y alta presi\u00f3n, labor que realizamos con maquinaria de alta tecnolog\u00eda y un equipo comprometido con el cuidado del ambiente.<\/p>\n<p>&nbsp;<\/p>\n<p>En Fospuca Chacao C.A realizamos tambi\u00e9n servicios adicionales, \u00fanicamente bajo la solicitud y coordinaci\u00f3n del Instituto Municipal de Ambiente de Chacao (IMAC) . Esta labor comprende el retiro y traslado de restos de animales, cachivaches y chatarra, desechos vegetales como troncos y ramas, sustancias qu\u00edmicas y biol\u00f3gicas que puedan producir da\u00f1os a la salud, a la propiedad o al ambiente.<\/p>\n<p>&nbsp;<\/p>\n<p>Nuestra experiencia en cuidado del ambiente, nos ha consolidado como una empresa responsable y eficiente, valores con los que contribuimos a brindar una mejor calidad de vida a los residentes y visitantes que hacen vida en el municipio Chacao.[\/vc_column_text][\/vc_column][\/vc_row][vc_row css_animation=\u00bb\u00bb row_type=\u00bbrow\u00bb use_row_as_full_screen_section=\u00bbno\u00bb type=\u00bbfull_width\u00bb angled_section=\u00bbno\u00bb text_align=\u00bbleft\u00bb background_image_as_pattern=\u00bbwithout_pattern\u00bb el_class=\u00bbocultar\u00bb z_index=\u00bb\u00bb][vc_column][vc_row_inner row_type=\u00bbrow\u00bb type=\u00bbgrid\u00bb text_align=\u00bbleft\u00bb css_animation=\u00bb\u00bb css=\u00bb.vc_custom_1537801840236{padding-bottom: 50px !important;}\u00bb][vc_column_inner offset=\u00bbvc_hidden-sm vc_hidden-xs\u00bb][vc_column_text css=\u00bb.vc_custom_1537817258372{padding-bottom: 30px !important;}\u00bb]<\/p>\n<div class=\"row texto\">\n<div class=\"col-sm-6 col-md-5\">\n<h2 class=\"text-center\" style=\"text-align: center;\">Flota de Camiones<\/h2>\n<\/div>\n<\/div>\n<p>[\/vc_column_text][vc_column_text][masterslider id=\u00bb6&#8243;][\/vc_column_text][\/vc_column_inner][\/vc_row_inner][\/vc_column][\/vc_row][vc_row css_animation=\u00bb\u00bb row_type=\u00bbrow\u00bb use_row_as_full_screen_section=\u00bbno\u00bb type=\u00bbfull_width\u00bb angled_section=\u00bbno\u00bb text_align=\u00bbleft\u00bb background_image_as_pattern=\u00bbwithout_pattern\u00bb][vc_column][vc_row_inner row_type=\u00bbrow\u00bb type=\u00bbgrid\u00bb text_align=\u00bbleft\u00bb css_animation=\u00bb\u00bb css=\u00bb.vc_custom_1539022650761{padding-bottom: 50px !important;}\u00bb el_class=\u00bbempresas_grupo\u00bb][vc_column_inner width=\u00bb1\/2&#8243;]<div class=\"custom_font_holder\" style=\" font-size: 26px; line-height: 26px; font-style: normal; font-weight: 300; color: #ffffff; text-decoration: none; background-color: #4cb700; padding: 20px; text-align: left;\">Compromiso con la Calidad<\/div>[vc_column_text]Es nuestro compromiso la prestaci\u00f3n de los servicios de recolecci\u00f3n de desechos s\u00f3lidos y limpieza urbana, de forma oportuna, continua, confiable, socialmente responsable, en armon\u00eda con el medio ambiente y dentro del marco legal, satisfaciendo las necesidades y expectativas de los clientes, a trav\u00e9s del mejoramiento continuo del Sistema de Gesti\u00f3n de Calidad, contando actualmente con servicios de Atenci\u00f3n al Usuario y sistema documental QWEB Documents.[\/vc_column_text][\/vc_column_inner][vc_column_inner width=\u00bb1\/2&#8243;]<div class=\"custom_font_holder\" style=\" font-size: 26px; line-height: 26px; font-style: normal; font-weight: 300; color: #ffffff; text-decoration: none; background-color: #4cb700; padding: 20px; text-align: left;\">Pol\u00edtica SSA<\/div>[vc_column_text]Es pol\u00edtica de Fospuca asegurar que sus diferentes actividades de trabajo se realicen tomando en consideraci\u00f3n los riesgos asociados al tipo y caracter\u00edsticas operacionales de la empresa, con el objetivo de garantizar la integridad f\u00edsica y la salud de todos sus trabajadores, proteger sus activos e instalaciones y evitar la contaminaci\u00f3n del medio ambiente.[\/vc_column_text][\/vc_column_inner][\/vc_row_inner][vc_row_inner row_type=\u00bbrow\u00bb type=\u00bbgrid\u00bb text_align=\u00bbleft\u00bb css_animation=\u00bb\u00bb css=\u00bb.vc_custom_1539022646632{padding-bottom: 50px !important;}\u00bb el_class=\u00bbempresas_grupo\u00bb][vc_column_inner]<div class=\"custom_font_holder\" style=\" font-size: 26px; line-height: 26px; font-style: normal; font-weight: 300; color: #ffffff; text-decoration: none; background-color: #4cb700; padding: 20px; text-align: left;\">Infraestructura Tecnol\u00f3gica<\/div>[vc_column_text]<\/p>\n<div class=\"col-sm-6 col-md-6\">\n<section class=\"contenido\">\n<div class=\"container\">\n<div class=\"row\">\n<div class=\"col-md-10 col-md-offset-1\">\n<div class=\"row texto\">\n<div class=\"col-sm-6 col-md-6\">\n<p>Fospuca cuenta en su oficina principal con una infraestructura IT, la cual le permite comunicarse y prestar servicio a sus oficinas for\u00e1neas a trav\u00e9s de un enlace de microondas y una conexi\u00f3n a Internet, este enlace permite la conexi\u00f3n punto a punto de los servidores y de las centrales telef\u00f3nicas IP.<\/p>\n<p>Poseemos un servidor de dominio, correo, archivos y de aplicaciones que dan servicio a los usuarios internos y remotos, a trav\u00e9s de la VPN e Internet, tambi\u00e9n contamos con modernos equipos de control de acceso a las instalaciones, circuitos cerrados de televisi\u00f3n (CCTV) que brinda seguridad a los activos de la empresa. Las conexiones entrantes y salientes est\u00e1n protegidas, se filtran a los usuarios y a los sitios que estos pueden acceder.<\/p>\n<p>Nuestra sala de servidores est\u00e1 conformada por una moderna infraestructura tecnol\u00f3gica que cuenta con las configuraciones y capacidades necesarias para soportar las operaciones de las empresas considerando la capacidad necesaria para un crecimiento futuro.<\/p><\/div>\n<\/div>\n<\/div>\n<\/div>\n<\/div>\n<\/section>\n<section class=\"trayectoria text-center\"><\/section>\n<\/div>\n<p>[\/vc_column_text][\/vc_column_inner][\/vc_row_inner][\/vc_column][\/vc_row][vc_row css_animation=\u00bb\u00bb row_type=\u00bbrow\u00bb use_row_as_full_screen_section=\u00bbno\u00bb type=\u00bbfull_width\u00bb angled_section=\u00bbno\u00bb text_align=\u00bbleft\u00bb background_image_as_pattern=\u00bbwithout_pattern\u00bb][vc_column][vc_column_text]<\/p>\n<p>[\/vc_column_text][\/vc_column][\/vc_row]<\/p>\n","protected":false},"excerpt":{"rendered":"<p>[vc_row css_animation=\u00bb\u00bb row_type=\u00bbrow\u00bb use_row_as_full_screen_section=\u00bbno\u00bb type=\u00bbgrid\u00bb angled_section=\u00bbno\u00bb text_align=\u00bbleft\u00bb background_image_as_pattern=\u00bbwithout_pattern\u00bb z_index=\u00bb\u00bb el_class=\u00bbcentrar-vertical\u00bb css=\u00bb.vc_custom_1537813426960{padding-top: 50px !important;padding-bottom: 50px !important;}\u00bb][vc_column width=\u00bb1\/2&#8243; offset=\u00bbvc_hidden-sm vc_hidden-xs\u00bb][vc_single_image image=\u00bb1696&#8243; img_size=\u00bbfull\u00bb alignment=\u00bbcenter\u00bb qode_css_animation=\u00bb\u00bb][\/vc_column][vc_column width=\u00bb1\/2&#8243;][vc_column_text css=\u00bb.vc_custom_1550785297973{padding-bottom: 20px !important;}\u00bb] FOSPUCA CHACAO C.A. [\/vc_column_text][vc_column_text]Tenemos un compromiso con el saneamiento ambiental de distintos sectores que conforman el \u00c1rea Metropolitana de&#8230;<\/p>\n","protected":false},"author":1,"featured_media":0,"parent":0,"menu_order":0,"comment_status":"closed","ping_status":"closed","template":"full_width.php","meta":{"footnotes":""},"class_list":["post-1386","page","type-page","status-publish","hentry"],"_links":{"self":[{"href":"https:\/\/actualizando.site\/fospuca\/wp-json\/wp\/v2\/pages\/1386","targetHints":{"allow":["GET"]}}],"collection":[{"href":"https:\/\/actualizando.site\/fospuca\/wp-json\/wp\/v2\/pages"}],"about":[{"href":"https:\/\/actualizando.site\/fospuca\/wp-json\/wp\/v2\/types\/page"}],"author":[{"embeddable":true,"href":"https:\/\/actualizando.site\/fospuca\/wp-json\/wp\/v2\/users\/1"}],"replies":[{"embeddable":true,"href":"https:\/\/actualizando.site\/fospuca\/wp-json\/wp\/v2\/comments?post=1386"}],"version-history":[{"count":3,"href":"https:\/\/actualizando.site\/fospuca\/wp-json\/wp\/v2\/pages\/1386\/revisions"}],"predecessor-version":[{"id":2925,"href":"https:\/\/actualizando.site\/fospuca\/wp-json\/wp\/v2\/pages\/1386\/revisions\/2925"}],"wp:attachment":[{"href":"https:\/\/actualizando.site\/fospuca\/wp-json\/wp\/v2\/media?parent=1386"}],"curies":[{"name":"wp","href":"https:\/\/api.w.org\/{rel}","templated":true}]}}