{"id":2062,"date":"2019-07-03T13:25:10","date_gmt":"2019-07-03T13:25:10","guid":{"rendered":"https:\/\/actualizando.site\/fospuca\/?page_id=2062"},"modified":"2020-07-30T22:14:03","modified_gmt":"2020-07-30T22:14:03","slug":"preguntas-frecuentes-generales","status":"publish","type":"page","link":"https:\/\/actualizando.site\/fospuca\/preguntas-frecuentes-generales\/","title":{"rendered":"FAQ Generales"},"content":{"rendered":"<p>[vc_row css_animation=\u00bb\u00bb row_type=\u00bbrow\u00bb use_row_as_full_screen_section=\u00bbno\u00bb type=\u00bbfull_width\u00bb angled_section=\u00bbno\u00bb text_align=\u00bbleft\u00bb background_image_as_pattern=\u00bbwithout_pattern\u00bb][vc_column][vc_column_text el_class=\u00bbabout_text\u00bb css=\u00bb.vc_custom_1544802390614{margin-top: 30px !important;margin-bottom: 50px !important;}\u00bb]<\/p>\n<p style=\"text-align: center;\">Para nosotros, en Fospuca, la atenci\u00f3n al usuario es una tarea primordial, por ello nos abocamos a responder las inquietudes que tiene la ciudadan\u00eda, en las jurisdicciones donde prestamos servicio integral de Aseo Urbano.<\/p>\n<p style=\"text-align: center;\">Por esta raz\u00f3n, presentamos las interrogantes m\u00e1s comunes que han manifestado los usuarios, referente a nuestros servicios:<\/p>\n<p>[\/vc_column_text][\/vc_column][\/vc_row][vc_row css_animation=\u00bb\u00bb row_type=\u00bbrow\u00bb use_row_as_full_screen_section=\u00bbno\u00bb type=\u00bbfull_width\u00bb angled_section=\u00bbno\u00bb text_align=\u00bbleft\u00bb background_image_as_pattern=\u00bbwithout_pattern\u00bb css=\u00bb.vc_custom_1544805700204{margin-top: 30px !important;margin-bottom: 50px !important;}\u00bb z_index=\u00bb\u00bb][vc_column width=\u00bb1\/2&#8243;]<div class=\"qode-accordion-holder clearfix qode-accordion qode-initial \">\n\t<h2 class=\"clearfix qode-title-holder\">\n<span class=\"qode-tab-title\">\n\t    <span class=\"qode-tab-title-inner\">\n        \u00bfFospuca tiene servicio de recolecci\u00f3n de escombros?    <\/span>\n<\/span>\n<span class=\"qode-accordion-mark\">\n    <span class=\"qode-accordion-mark-icon\">\n        <span class=\"icon_plus\"><\/span>\n        <span class=\"icon_minus-06\"><\/span>\n    <\/span>\n<\/span>\n<\/h2>\n<div  class=\"qode-accordion-content \" >\n    <div class=\"qode-accordion-content-inner\">\n        [vc_column_text]Brindamos un servicio de recolecci\u00f3n de desechos extraordinarios que solo se ejecuta previa evaluaci\u00f3n y aprobaci\u00f3n de las autoridades municipales. No ofrecemos un servicio de recolecci\u00f3n de escombros para atender solicitudes particulares.<\/p>\n<p>&nbsp;<\/p>\n<p>En este sentido, el usuario debe contratar un servicio privado que le garantice el traslado de escombros hasta su destino final y no hasta los contenedores locales.[\/vc_column_text]    <\/div>\n<\/div><h2 class=\"clearfix qode-title-holder\">\n<span class=\"qode-tab-title\">\n\t    <span class=\"qode-tab-title-inner\">\n        \u00bfFospuca tiene un servicio de recolecci\u00f3n de cachivaches y chatarra?    <\/span>\n<\/span>\n<span class=\"qode-accordion-mark\">\n    <span class=\"qode-accordion-mark-icon\">\n        <span class=\"icon_plus\"><\/span>\n        <span class=\"icon_minus-06\"><\/span>\n    <\/span>\n<\/span>\n<\/h2>\n<div  class=\"qode-accordion-content \" >\n    <div class=\"qode-accordion-content-inner\">\n        [vc_column_text]El retiro de chatarra y cachivaches forma parte del servicio de recolecci\u00f3n de desechos extraordinarios que brindamos en Fospuca, el cual se ejecuta, \u00fanicamente, previa solicitud y coordinaci\u00f3n de las autoridades municipales con las que laboramos.<\/p>\n<p>&nbsp;<\/p>\n<p>El algunas jurisdicciones como Baruta y El Hatillo, estado Miranda, realizamos operativos trimestrales para la recolecci\u00f3n de este tipo de materiales desincorporados, jornadas que son planificadas, gestionadas y pautadas por las alcald\u00edas.[\/vc_column_text]    <\/div>\n<\/div><h2 class=\"clearfix qode-title-holder\">\n<span class=\"qode-tab-title\">\n\t    <span class=\"qode-tab-title-inner\">\n        \u00bfPuede un usuario solicitar el retiro de restos de animales peque\u00f1os?    <\/span>\n<\/span>\n<span class=\"qode-accordion-mark\">\n    <span class=\"qode-accordion-mark-icon\">\n        <span class=\"icon_plus\"><\/span>\n        <span class=\"icon_minus-06\"><\/span>\n    <\/span>\n<\/span>\n<\/h2>\n<div  class=\"qode-accordion-content \" >\n    <div class=\"qode-accordion-content-inner\">\n        [vc_column_text]Solo en el Municipio Baruta disponemos de una unidad especial para retirar restos de animales peque\u00f1os, sin ning\u00fan costo adicional. El usuario debe llamar al 0501-Fospuca (3677822) y debe indicar su nombre, apellido y la direcci\u00f3n donde se encuentran los restos.[\/vc_column_text]    <\/div>\n<\/div><\/div>[\/vc_column][vc_column width=\u00bb1\/2&#8243;]<div class=\"qode-accordion-holder clearfix qode-accordion qode-initial \">\n\t<h2 class=\"clearfix qode-title-holder\">\n<span class=\"qode-tab-title\">\n\t    <span class=\"qode-tab-title-inner\">\n        \u00bfFospuca realiza la recolecci\u00f3n de desechos vegetales residenciales?    <\/span>\n<\/span>\n<span class=\"qode-accordion-mark\">\n    <span class=\"qode-accordion-mark-icon\">\n        <span class=\"icon_plus\"><\/span>\n        <span class=\"icon_minus-06\"><\/span>\n    <\/span>\n<\/span>\n<\/h2>\n<div  class=\"qode-accordion-content \" >\n    <div class=\"qode-accordion-content-inner\">\n        [vc_column_text]S\u00ed. Si la unidad asignada posee la capacidad y el supervisor de la ruta lo estima posible al momento de la solicitud podemos retirar hasta cuatro bolsas de basura de jard\u00edn que se produzcan en inmuebles residenciales o comerciales. Del mismo modo, bajo la misma premisa estamos capacitados para retirar ramas debidamente apiladas y amarradas cuyo tama\u00f1o no supere un metro.<\/p>\n<p>&nbsp;<\/p>\n<p>Si hay un n\u00famero mayor a cuatro bolsas o ramas de mayor magnitud, el supervisor de la Empresa evaluar\u00e1 las cantidades y decidir\u00e1 si retirarlos o no. En el caso de que los desechos sean de gran tama\u00f1o el usuario o la comunidad deber\u00e1 contratar un servicio privado, que le garantice el traslado de este tipo de desechos hasta su destino final y no hasta los contenedores locales.[\/vc_column_text]    <\/div>\n<\/div><h2 class=\"clearfix qode-title-holder\">\n<span class=\"qode-tab-title\">\n\t    <span class=\"qode-tab-title-inner\">\n        \u00bfFospuca realiza baldeo de calles en todos los municipios donde presta operaciones?    <\/span>\n<\/span>\n<span class=\"qode-accordion-mark\">\n    <span class=\"qode-accordion-mark-icon\">\n        <span class=\"icon_plus\"><\/span>\n        <span class=\"icon_minus-06\"><\/span>\n    <\/span>\n<\/span>\n<\/h2>\n<div  class=\"qode-accordion-content \" >\n    <div class=\"qode-accordion-content-inner\">\n        [vc_column_text]Las labores de baldeo de baja y alta presi\u00f3n solo se realizan, de manera planificada y previo acuerdo con las autoridades municipales, en las jurisdicciones Chacao y Baruta, estado Miranda.<\/p>\n<p>&nbsp;<\/p>\n<p>Para resolver cualquier inquietud, invitamos a nuestros usuarios a llamar al\u00a0 0501-FOSPUCA (0501-3677822) donde ponemos a disposici\u00f3n un equipo de atenci\u00f3n telef\u00f3nica que brinda toda la informaci\u00f3n referente a nuestros servicios; as\u00ed como para gestionar, ante los entes correspondientes, cualquier solicitud adicional que tenga la comunidad.[\/vc_column_text]    <\/div>\n<\/div><\/div>[\/vc_column][\/vc_row]<\/p>\n","protected":false},"excerpt":{"rendered":"<p>[vc_row css_animation=\u00bb\u00bb row_type=\u00bbrow\u00bb use_row_as_full_screen_section=\u00bbno\u00bb type=\u00bbfull_width\u00bb angled_section=\u00bbno\u00bb text_align=\u00bbleft\u00bb background_image_as_pattern=\u00bbwithout_pattern\u00bb][vc_column][vc_column_text el_class=\u00bbabout_text\u00bb css=\u00bb.vc_custom_1544802390614{margin-top: 30px !important;margin-bottom: 50px !important;}\u00bb] Para nosotros, en Fospuca, la atenci\u00f3n al usuario es una tarea primordial, por ello nos abocamos a responder las inquietudes que tiene la ciudadan\u00eda, en las jurisdicciones donde prestamos servicio integral&#8230;<\/p>\n","protected":false},"author":1,"featured_media":0,"parent":0,"menu_order":0,"comment_status":"closed","ping_status":"closed","template":"","meta":{"footnotes":""},"class_list":["post-2062","page","type-page","status-publish","hentry"],"_links":{"self":[{"href":"https:\/\/actualizando.site\/fospuca\/wp-json\/wp\/v2\/pages\/2062","targetHints":{"allow":["GET"]}}],"collection":[{"href":"https:\/\/actualizando.site\/fospuca\/wp-json\/wp\/v2\/pages"}],"about":[{"href":"https:\/\/actualizando.site\/fospuca\/wp-json\/wp\/v2\/types\/page"}],"author":[{"embeddable":true,"href":"https:\/\/actualizando.site\/fospuca\/wp-json\/wp\/v2\/users\/1"}],"replies":[{"embeddable":true,"href":"https:\/\/actualizando.site\/fospuca\/wp-json\/wp\/v2\/comments?post=2062"}],"version-history":[{"count":0,"href":"https:\/\/actualizando.site\/fospuca\/wp-json\/wp\/v2\/pages\/2062\/revisions"}],"wp:attachment":[{"href":"https:\/\/actualizando.site\/fospuca\/wp-json\/wp\/v2\/media?parent=2062"}],"curies":[{"name":"wp","href":"https:\/\/api.w.org\/{rel}","templated":true}]}}