{"id":2424,"date":"2020-03-03T23:32:38","date_gmt":"2020-03-03T23:32:38","guid":{"rendered":"https:\/\/actualizando.site\/fospuca\/?page_id=2424"},"modified":"2020-03-04T13:48:44","modified_gmt":"2020-03-04T13:48:44","slug":"fospuca-maneiro-c-a","status":"publish","type":"page","link":"https:\/\/actualizando.site\/fospuca\/fospuca-maneiro-c-a\/","title":{"rendered":"FOSPUCA MANEIRO C.A."},"content":{"rendered":"<p>[vc_row css_animation=\u00bb\u00bb row_type=\u00bbrow\u00bb use_row_as_full_screen_section=\u00bbno\u00bb type=\u00bbgrid\u00bb angled_section=\u00bbno\u00bb text_align=\u00bbleft\u00bb background_image_as_pattern=\u00bbwithout_pattern\u00bb z_index=\u00bb\u00bb el_class=\u00bbcentrar-vertical\u00bb css=\u00bb.vc_custom_1537813426960{padding-top: 50px !important;padding-bottom: 50px !important;}\u00bb][vc_column width=\u00bb1\/2&#8243; offset=\u00bbvc_hidden-sm vc_hidden-xs\u00bb][vc_column_text][masterslider id=\u00bb7&#8243;][\/vc_column_text][\/vc_column][vc_column width=\u00bb1\/2&#8243;][vc_column_text css=\u00bb.vc_custom_1583278126001{padding-bottom: 20px !important;}\u00bb]<\/p>\n<h1 style=\"text-align: center;\">FOSPUCA MANEIRO C.A.<\/h1>\n<p>[\/vc_column_text][vc_column_text]<span style=\"font-weight: 300;\">Ubicado al este de la tur\u00edstica Isla de Margarita, el Municipio Maneiro cuenta con el servicio integral de Aseo Urbano de Fospuca para que sus habitantes, visitantes y fuerzas productivas convivan en armon\u00eda con el ambiente.<\/span><\/p>\n<p>&nbsp;<\/p>\n<p><span style=\"font-weight: 300;\">Tenemos una capacidad de recolecci\u00f3n de 60 toneladas diarias de residuos s\u00f3lidos, generados por los 20 mil inmuebles de uso residencial y casi 2 mil de uso jur\u00eddico, tanto p\u00fablicos como privados; as\u00ed como el traslado de estos desechos hasta su destino final.<\/span><\/p>\n<p>&nbsp;<\/p>\n<p><span style=\"font-weight: 300;\">Nuestras operaciones abarcan toda la jurisdicci\u00f3n de este importante municipio neoespartano, que alberga sitios tur\u00edsticos de alta afluencia como playas, castillos, fortines y centros comerciales. Nos ocupamos de la salubridad urbana de m\u00e1s de 45 mil habitantes y una poblaci\u00f3n flotante de 12 mil visitantes.<\/span><\/p>\n<p>&nbsp;<\/p>\n<p><span style=\"font-weight: 300;\">Para garantizar el mejor servicio de Aseo Urbano, contamos con un personal directo e indirecto de m\u00e1s de 150 personas, comprometidas con el saneamiento ambiental de los 47 Km2 que conforman el Municipio Maneiro.<\/span><\/p>\n<p>&nbsp;<\/p>\n<p><span style=\"font-weight: 300;\">Son cinco unidades de dos modelos diferentes, dotadas de tecnolog\u00eda de punta y operarios calificados, que se despliegan por cinco rutas del municipio con jornadas diurnas que se llevan a cabo los 7 d\u00edas a la semana de forma ininterrumpida.<\/span>[\/vc_column_text][\/vc_column][\/vc_row][vc_row css_animation=\u00bb\u00bb row_type=\u00bbrow\u00bb use_row_as_full_screen_section=\u00bbno\u00bb type=\u00bbfull_width\u00bb angled_section=\u00bbno\u00bb text_align=\u00bbleft\u00bb background_image_as_pattern=\u00bbwithout_pattern\u00bb el_class=\u00bbocultar\u00bb z_index=\u00bb\u00bb][vc_column][vc_row_inner row_type=\u00bbrow\u00bb type=\u00bbgrid\u00bb text_align=\u00bbleft\u00bb css_animation=\u00bb\u00bb css=\u00bb.vc_custom_1537801840236{padding-bottom: 50px !important;}\u00bb][vc_column_inner offset=\u00bbvc_hidden-sm vc_hidden-xs\u00bb][vc_column_text css=\u00bb.vc_custom_1537817258372{padding-bottom: 30px !important;}\u00bb]<\/p>\n<div class=\"row texto\">\n<div class=\"col-sm-6 col-md-5\">\n<h2 class=\"text-center\" style=\"text-align: center;\">Flota de Camiones<\/h2>\n<\/div>\n<\/div>\n<p>[\/vc_column_text][vc_column_text][masterslider id=\u00bb6&#8243;][\/vc_column_text][\/vc_column_inner][\/vc_row_inner][\/vc_column][\/vc_row][vc_row css_animation=\u00bb\u00bb row_type=\u00bbrow\u00bb use_row_as_full_screen_section=\u00bbno\u00bb type=\u00bbfull_width\u00bb angled_section=\u00bbno\u00bb text_align=\u00bbleft\u00bb background_image_as_pattern=\u00bbwithout_pattern\u00bb][vc_column][vc_row_inner row_type=\u00bbrow\u00bb type=\u00bbgrid\u00bb text_align=\u00bbleft\u00bb css_animation=\u00bb\u00bb css=\u00bb.vc_custom_1539022650761{padding-bottom: 50px !important;}\u00bb el_class=\u00bbempresas_grupo\u00bb][vc_column_inner width=\u00bb1\/2&#8243;]<div class=\"custom_font_holder\" style=\" font-size: 26px; line-height: 26px; font-style: normal; font-weight: 300; color: #ffffff; text-decoration: none; background-color: #4cb700; padding: 20px; text-align: left;\">Compromiso con la Calidad<\/div>[vc_column_text]Es nuestro compromiso la prestaci\u00f3n de los servicios de recolecci\u00f3n de desechos s\u00f3lidos y limpieza urbana, de forma oportuna, continua, confiable, socialmente responsable, en armon\u00eda con el medio ambiente y dentro del marco legal, satisfaciendo las necesidades y expectativas de los clientes, a trav\u00e9s del mejoramiento continuo del Sistema de Gesti\u00f3n de Calidad, contando actualmente con servicios de Atenci\u00f3n al Usuario y sistema documental QWEB Documents.[\/vc_column_text][\/vc_column_inner][vc_column_inner width=\u00bb1\/2&#8243;]<div class=\"custom_font_holder\" style=\" font-size: 26px; line-height: 26px; font-style: normal; font-weight: 300; color: #ffffff; text-decoration: none; background-color: #4cb700; padding: 20px; text-align: left;\">Pol\u00edtica SSA<\/div>[vc_column_text]Es pol\u00edtica de Fospuca asegurar que sus diferentes actividades de trabajo se realicen tomando en consideraci\u00f3n los riesgos asociados al tipo y caracter\u00edsticas operacionales de la empresa, con el objetivo de garantizar la integridad f\u00edsica y la salud de todos sus trabajadores, proteger sus activos e instalaciones y evitar la contaminaci\u00f3n del medio ambiente.[\/vc_column_text][\/vc_column_inner][\/vc_row_inner][vc_row_inner row_type=\u00bbrow\u00bb type=\u00bbgrid\u00bb text_align=\u00bbleft\u00bb css_animation=\u00bb\u00bb css=\u00bb.vc_custom_1539022646632{padding-bottom: 50px !important;}\u00bb el_class=\u00bbempresas_grupo\u00bb][vc_column_inner]<div class=\"custom_font_holder\" style=\" font-size: 26px; line-height: 26px; font-style: normal; font-weight: 300; color: #ffffff; text-decoration: none; background-color: #4cb700; padding: 20px; text-align: left;\">Infraestructura Tecnol\u00f3gica<\/div>[vc_column_text]<\/p>\n<div class=\"col-sm-6 col-md-6\">\n<section class=\"contenido\">\n<div class=\"container\">\n<div class=\"row\">\n<div class=\"col-md-10 col-md-offset-1\">\n<div class=\"row texto\">\n<div class=\"col-sm-6 col-md-6\">\n<p>Fospuca cuenta en su oficina principal con una infraestructura IT, la cual le permite comunicarse y prestar servicio a sus oficinas for\u00e1neas a trav\u00e9s de un enlace de microondas y una conexi\u00f3n a Internet, este enlace permite la conexi\u00f3n punto a punto de los servidores y de las centrales telef\u00f3nicas IP.<\/p>\n<p>Poseemos un servidor de dominio, correo, archivos y de aplicaciones que dan servicio a los usuarios internos y remotos, a trav\u00e9s de la VPN e Internet, tambi\u00e9n contamos con modernos equipos de control de acceso a las instalaciones, circuitos cerrados de televisi\u00f3n (CCTV) que brinda seguridad a los activos de la empresa. Las conexiones entrantes y salientes est\u00e1n protegidas, se filtran a los usuarios y a los sitios que estos pueden acceder.<\/p>\n<p>Nuestra sala de servidores est\u00e1 conformada por una moderna infraestructura tecnol\u00f3gica que cuenta con las configuraciones y capacidades necesarias para soportar las operaciones de las empresas considerando la capacidad necesaria para un crecimiento futuro.<\/p>\n<\/div>\n<\/div>\n<\/div>\n<\/div>\n<\/div>\n<\/section>\n<section class=\"trayectoria text-center\"><\/section>\n<\/div>\n<p>[\/vc_column_text][\/vc_column_inner][\/vc_row_inner][\/vc_column][\/vc_row][vc_row css_animation=\u00bb\u00bb row_type=\u00bbrow\u00bb use_row_as_full_screen_section=\u00bbno\u00bb type=\u00bbfull_width\u00bb angled_section=\u00bbno\u00bb text_align=\u00bbleft\u00bb background_image_as_pattern=\u00bbwithout_pattern\u00bb][vc_column][vc_column_text]<\/p>\n<p>[\/vc_column_text][\/vc_column][\/vc_row]<\/p>\n","protected":false},"excerpt":{"rendered":"<p>[vc_row css_animation=\u00bb\u00bb row_type=\u00bbrow\u00bb use_row_as_full_screen_section=\u00bbno\u00bb type=\u00bbgrid\u00bb angled_section=\u00bbno\u00bb text_align=\u00bbleft\u00bb background_image_as_pattern=\u00bbwithout_pattern\u00bb z_index=\u00bb\u00bb el_class=\u00bbcentrar-vertical\u00bb css=\u00bb.vc_custom_1537813426960{padding-top: 50px !important;padding-bottom: 50px !important;}\u00bb][vc_column width=\u00bb1\/2&#8243; offset=\u00bbvc_hidden-sm vc_hidden-xs\u00bb][vc_column_text][masterslider id=\u00bb7&#8243;][\/vc_column_text][\/vc_column][vc_column width=\u00bb1\/2&#8243;][vc_column_text css=\u00bb.vc_custom_1583278126001{padding-bottom: 20px !important;}\u00bb] FOSPUCA MANEIRO C.A. [\/vc_column_text][vc_column_text]Ubicado al este de la tur\u00edstica Isla de Margarita, el Municipio Maneiro cuenta con el servicio integral de Aseo&#8230;<\/p>\n","protected":false},"author":1,"featured_media":0,"parent":0,"menu_order":0,"comment_status":"closed","ping_status":"closed","template":"full_width.php","meta":{"footnotes":""},"class_list":["post-2424","page","type-page","status-publish","hentry"],"_links":{"self":[{"href":"https:\/\/actualizando.site\/fospuca\/wp-json\/wp\/v2\/pages\/2424","targetHints":{"allow":["GET"]}}],"collection":[{"href":"https:\/\/actualizando.site\/fospuca\/wp-json\/wp\/v2\/pages"}],"about":[{"href":"https:\/\/actualizando.site\/fospuca\/wp-json\/wp\/v2\/types\/page"}],"author":[{"embeddable":true,"href":"https:\/\/actualizando.site\/fospuca\/wp-json\/wp\/v2\/users\/1"}],"replies":[{"embeddable":true,"href":"https:\/\/actualizando.site\/fospuca\/wp-json\/wp\/v2\/comments?post=2424"}],"version-history":[{"count":0,"href":"https:\/\/actualizando.site\/fospuca\/wp-json\/wp\/v2\/pages\/2424\/revisions"}],"wp:attachment":[{"href":"https:\/\/actualizando.site\/fospuca\/wp-json\/wp\/v2\/media?parent=2424"}],"curies":[{"name":"wp","href":"https:\/\/api.w.org\/{rel}","templated":true}]}}