{"id":2943,"date":"2021-03-19T14:21:01","date_gmt":"2021-03-19T14:21:01","guid":{"rendered":"https:\/\/actualizando.site\/fospuca\/?page_id=2943"},"modified":"2021-03-19T14:52:59","modified_gmt":"2021-03-19T14:52:59","slug":"fospuca-san-diego-c-a","status":"publish","type":"page","link":"https:\/\/actualizando.site\/fospuca\/fospuca-san-diego-c-a\/","title":{"rendered":"FOSPUCA SAN DIEGO C.A."},"content":{"rendered":"<p>[vc_row css_animation=\u00bb\u00bb row_type=\u00bbrow\u00bb use_row_as_full_screen_section=\u00bbno\u00bb type=\u00bbgrid\u00bb angled_section=\u00bbno\u00bb text_align=\u00bbleft\u00bb background_image_as_pattern=\u00bbwithout_pattern\u00bb z_index=\u00bb\u00bb el_class=\u00bbcentrar-vertical\u00bb css=\u00bb.vc_custom_1537813426960{padding-top: 50px !important;padding-bottom: 50px !important;}\u00bb][vc_column width=\u00bb1\/2&#8243; offset=\u00bbvc_hidden-sm vc_hidden-xs\u00bb][vc_column_text][masterslider id=\u00bb8&#8243;][\/vc_column_text][\/vc_column][vc_column width=\u00bb1\/2&#8243;][vc_column_text css=\u00bb.vc_custom_1616164094198{padding-bottom: 20px !important;}\u00bb]<\/p>\n<h1 style=\"text-align: center;\">FOSPUCA SAN DIEGO C.A.<\/h1>\n<p>[\/vc_column_text][vc_column_text]<span style=\"font-weight: 300;\">Con una flota conformada por 14 unidades, Fospuca presta un servicio integral de aseo urbano en el municipio San Diego del estado Carabobo, donde realiza labores de recolecci\u00f3n de desechos s\u00f3lidos y \u00a0saneamiento ambiental en los 112 kil\u00f3metros cuadrados que conforman su superficie.<\/span><\/p>\n<p>&nbsp;<\/p>\n<p><span style=\"font-weight: 300;\">M\u00e1s de 150 trabajadores, entre recolectores, conductores y personal de barrido, son los encargados de mantener limpias las calles y espacios p\u00fablicos de ese importante distrito carabobe\u00f1o, uno de los 14 municipios que conforman la entidad y en el que hacen vida unos 3.000 comercios y empresas y donde residen actualmente 126 mil habitantes.<\/span><\/p>\n<p>&nbsp;<\/p>\n<p><span style=\"font-weight: 300;\">Cinco compactadoras de 20 yardas, tres minimatics, dos \u00a0camiones volteos y cuatro unidades de supervisi\u00f3n cumplir\u00e1n diariamente con el objetivo de recolectar 87 toneladas m\u00e9tricas de desechos s\u00f3lidos y vegetales en esa jurisdicci\u00f3n ubicada al norte del Lago de Valencia.<\/span><\/p>\n<p>&nbsp;<\/p>\n<p><span style=\"font-weight: 300;\">Al servicio de recolecci\u00f3n diaria en las ocho rutas designadas en el contrato operativo se suman las labores de barrido diarias y los frecuentes operativos de limpieza y desmalezado de \u00e1reas verdes, tareas con las que garantizamos el mantenimiento y cuidado de todo su territorio, especialmente de las calles del casco viejo de San Diego, dispuesto alrededor de su iglesia principal y rodeado de interesantes construcciones coloniales que representan su principal atractivo tur\u00edstico.<\/span>[\/vc_column_text][\/vc_column][\/vc_row][vc_row css_animation=\u00bb\u00bb row_type=\u00bbrow\u00bb use_row_as_full_screen_section=\u00bbno\u00bb type=\u00bbfull_width\u00bb angled_section=\u00bbno\u00bb text_align=\u00bbleft\u00bb background_image_as_pattern=\u00bbwithout_pattern\u00bb el_class=\u00bbocultar\u00bb z_index=\u00bb\u00bb][vc_column][vc_row_inner row_type=\u00bbrow\u00bb type=\u00bbgrid\u00bb text_align=\u00bbleft\u00bb css_animation=\u00bb\u00bb css=\u00bb.vc_custom_1537801840236{padding-bottom: 50px !important;}\u00bb][vc_column_inner offset=\u00bbvc_hidden-sm vc_hidden-xs\u00bb][vc_column_text css=\u00bb.vc_custom_1537817258372{padding-bottom: 30px !important;}\u00bb]<\/p>\n<div class=\"row texto\">\n<div class=\"col-sm-6 col-md-5\">\n<h2 class=\"text-center\" style=\"text-align: center;\">Flota de Camiones<\/h2>\n<\/div>\n<\/div>\n<p>[\/vc_column_text][vc_column_text][masterslider id=\u00bb6&#8243;][\/vc_column_text][\/vc_column_inner][\/vc_row_inner][\/vc_column][\/vc_row][vc_row css_animation=\u00bb\u00bb row_type=\u00bbrow\u00bb use_row_as_full_screen_section=\u00bbno\u00bb type=\u00bbfull_width\u00bb angled_section=\u00bbno\u00bb text_align=\u00bbleft\u00bb background_image_as_pattern=\u00bbwithout_pattern\u00bb][vc_column][vc_row_inner row_type=\u00bbrow\u00bb type=\u00bbgrid\u00bb text_align=\u00bbleft\u00bb css_animation=\u00bb\u00bb css=\u00bb.vc_custom_1539022650761{padding-bottom: 50px !important;}\u00bb el_class=\u00bbempresas_grupo\u00bb][vc_column_inner width=\u00bb1\/2&#8243;]<div class=\"custom_font_holder\" style=\" font-size: 26px; line-height: 26px; font-style: normal; font-weight: 300; color: #ffffff; text-decoration: none; background-color: #4cb700; padding: 20px; text-align: left;\">Compromiso con la Calidad<\/div>[vc_column_text]Es nuestro compromiso la prestaci\u00f3n de los servicios de recolecci\u00f3n de desechos s\u00f3lidos y limpieza urbana, de forma oportuna, continua, confiable, socialmente responsable, en armon\u00eda con el medio ambiente y dentro del marco legal, satisfaciendo las necesidades y expectativas de los clientes, a trav\u00e9s del mejoramiento continuo del Sistema de Gesti\u00f3n de Calidad, contando actualmente con servicios de Atenci\u00f3n al Usuario y sistema documental QWEB Documents.[\/vc_column_text][\/vc_column_inner][vc_column_inner width=\u00bb1\/2&#8243;]<div class=\"custom_font_holder\" style=\" font-size: 26px; line-height: 26px; font-style: normal; font-weight: 300; color: #ffffff; text-decoration: none; background-color: #4cb700; padding: 20px; text-align: left;\">Pol\u00edtica SSA<\/div>[vc_column_text]Es pol\u00edtica de Fospuca asegurar que sus diferentes actividades de trabajo se realicen tomando en consideraci\u00f3n los riesgos asociados al tipo y caracter\u00edsticas operacionales de la empresa, con el objetivo de garantizar la integridad f\u00edsica y la salud de todos sus trabajadores, proteger sus activos e instalaciones y evitar la contaminaci\u00f3n del medio ambiente.[\/vc_column_text][\/vc_column_inner][\/vc_row_inner][vc_row_inner row_type=\u00bbrow\u00bb type=\u00bbgrid\u00bb text_align=\u00bbleft\u00bb css_animation=\u00bb\u00bb css=\u00bb.vc_custom_1539022646632{padding-bottom: 50px !important;}\u00bb el_class=\u00bbempresas_grupo\u00bb][vc_column_inner]<div class=\"custom_font_holder\" style=\" font-size: 26px; line-height: 26px; font-style: normal; font-weight: 300; color: #ffffff; text-decoration: none; background-color: #4cb700; padding: 20px; text-align: left;\">Infraestructura Tecnol\u00f3gica<\/div>[vc_column_text]<\/p>\n<div class=\"col-sm-6 col-md-6\">\n<section class=\"contenido\">\n<div class=\"container\">\n<div class=\"row\">\n<div class=\"col-md-10 col-md-offset-1\">\n<div class=\"row texto\">\n<div class=\"col-sm-6 col-md-6\">\n<p>Fospuca cuenta en su oficina principal con una infraestructura IT, la cual le permite comunicarse y prestar servicio a sus oficinas for\u00e1neas a trav\u00e9s de un enlace de microondas y una conexi\u00f3n a Internet, este enlace permite la conexi\u00f3n punto a punto de los servidores y de las centrales telef\u00f3nicas IP.<\/p>\n<p>Poseemos un servidor de dominio, correo, archivos y de aplicaciones que dan servicio a los usuarios internos y remotos, a trav\u00e9s de la VPN e Internet, tambi\u00e9n contamos con modernos equipos de control de acceso a las instalaciones, circuitos cerrados de televisi\u00f3n (CCTV) que brinda seguridad a los activos de la empresa. Las conexiones entrantes y salientes est\u00e1n protegidas, se filtran a los usuarios y a los sitios que estos pueden acceder.<\/p>\n<p>Nuestra sala de servidores est\u00e1 conformada por una moderna infraestructura tecnol\u00f3gica que cuenta con las configuraciones y capacidades necesarias para soportar las operaciones de las empresas considerando la capacidad necesaria para un crecimiento futuro.<\/p>\n<\/div>\n<\/div>\n<\/div>\n<\/div>\n<\/div>\n<\/section>\n<section class=\"trayectoria text-center\"><\/section>\n<\/div>\n<p>[\/vc_column_text][\/vc_column_inner][\/vc_row_inner][\/vc_column][\/vc_row][vc_row css_animation=\u00bb\u00bb row_type=\u00bbrow\u00bb use_row_as_full_screen_section=\u00bbno\u00bb type=\u00bbfull_width\u00bb angled_section=\u00bbno\u00bb text_align=\u00bbleft\u00bb background_image_as_pattern=\u00bbwithout_pattern\u00bb][vc_column][vc_column_text]<\/p>\n<p>[\/vc_column_text][\/vc_column][\/vc_row]<\/p>\n","protected":false},"excerpt":{"rendered":"<p>[vc_row css_animation=\u00bb\u00bb row_type=\u00bbrow\u00bb use_row_as_full_screen_section=\u00bbno\u00bb type=\u00bbgrid\u00bb angled_section=\u00bbno\u00bb text_align=\u00bbleft\u00bb background_image_as_pattern=\u00bbwithout_pattern\u00bb z_index=\u00bb\u00bb el_class=\u00bbcentrar-vertical\u00bb css=\u00bb.vc_custom_1537813426960{padding-top: 50px !important;padding-bottom: 50px !important;}\u00bb][vc_column width=\u00bb1\/2&#8243; offset=\u00bbvc_hidden-sm vc_hidden-xs\u00bb][vc_column_text][masterslider id=\u00bb8&#8243;][\/vc_column_text][\/vc_column][vc_column width=\u00bb1\/2&#8243;][vc_column_text css=\u00bb.vc_custom_1616164094198{padding-bottom: 20px !important;}\u00bb] FOSPUCA SAN DIEGO C.A. [\/vc_column_text][vc_column_text]Con una flota conformada por 14 unidades, Fospuca presta un servicio integral de aseo urbano en el municipio&#8230;<\/p>\n","protected":false},"author":12,"featured_media":0,"parent":0,"menu_order":0,"comment_status":"closed","ping_status":"closed","template":"full_width.php","meta":{"footnotes":""},"class_list":["post-2943","page","type-page","status-publish","hentry"],"_links":{"self":[{"href":"https:\/\/actualizando.site\/fospuca\/wp-json\/wp\/v2\/pages\/2943","targetHints":{"allow":["GET"]}}],"collection":[{"href":"https:\/\/actualizando.site\/fospuca\/wp-json\/wp\/v2\/pages"}],"about":[{"href":"https:\/\/actualizando.site\/fospuca\/wp-json\/wp\/v2\/types\/page"}],"author":[{"embeddable":true,"href":"https:\/\/actualizando.site\/fospuca\/wp-json\/wp\/v2\/users\/12"}],"replies":[{"embeddable":true,"href":"https:\/\/actualizando.site\/fospuca\/wp-json\/wp\/v2\/comments?post=2943"}],"version-history":[{"count":4,"href":"https:\/\/actualizando.site\/fospuca\/wp-json\/wp\/v2\/pages\/2943\/revisions"}],"predecessor-version":[{"id":2952,"href":"https:\/\/actualizando.site\/fospuca\/wp-json\/wp\/v2\/pages\/2943\/revisions\/2952"}],"wp:attachment":[{"href":"https:\/\/actualizando.site\/fospuca\/wp-json\/wp\/v2\/media?parent=2943"}],"curies":[{"name":"wp","href":"https:\/\/api.w.org\/{rel}","templated":true}]}}