{"id":15693,"date":"2017-06-06T13:22:50","date_gmt":"2017-06-06T17:22:50","guid":{"rendered":"https:\/\/actualizando.site\/kimiceg\/?page_id=15693"},"modified":"2017-07-14T18:05:26","modified_gmt":"2017-07-14T22:05:26","slug":"nosotros","status":"publish","type":"page","link":"https:\/\/actualizando.site\/kimiceg\/nosotros\/","title":{"rendered":"Qui\u00e9nes Somos"},"content":{"rendered":"<div class=\"wpb-content-wrapper\"><p>[vc_row css_animation=&#8221;&#8221; row_type=&#8221;row&#8221; use_row_as_full_screen_section=&#8221;no&#8221; type=&#8221;full_width&#8221; angled_section=&#8221;no&#8221; text_align=&#8221;left&#8221; background_image_as_pattern=&#8221;without_pattern&#8221; css=&#8221;.vc_custom_1496783306146{margin-bottom: 30px !important;}&#8221;][vc_column width=&#8221;1\/3&#8243; css=&#8221;.vc_custom_1496783506876{margin-bottom: 10px !important;}&#8221;][vc_single_image image=&#8221;15840&#8243; img_size=&#8221;full&#8221; qode_css_animation=&#8221;&#8221;][\/vc_column][vc_column width=&#8221;2\/3&#8243;][vc_column_text]<\/p>\n<h3><strong>Rese\u00f1a<\/strong><\/h3>\n<p>[\/vc_column_text][vc_separator type=&#8221;normal&#8221; color=&#8221;#00af2b&#8221; down=&#8221;20&#8243;][vc_column_text]<span style=\"font-weight: 400;\">Laboratorios KIMICEG fundada en el a\u00f1o 1964, comenz\u00f3 a fabricar medicamentos para otros laboratorios de la \u00e9poca hasta que en 1986, fue adquirida por sus actuales socios, quienes tomaron la decisi\u00f3n de desarrollar medicamentos del tipo gen\u00e9rico para as\u00ed contribuir con las necesidades del p\u00fablico consumidor Venezolano, interesado por esta categor\u00eda de productos.<\/span><\/p>\n<p><span style=\"font-weight: 400;\">En sus primeros a\u00f1os de operaci\u00f3n, el desarrollo de la empresa hizo que la edificaci\u00f3n resultara insuficiente, por lo cual se adquiri\u00f3 un terreno en la ciudad de Maracay con el objeto de edificar una planta id\u00f3nea, de acuerdo a las normas especificadas para este tipo de industria y poder dar cumplimiento a las buenas pr\u00e1cticas de manufactura farmac\u00e9utica que nos exige nuestra actividad.<\/span>[\/vc_column_text][\/vc_column][\/vc_row][vc_row css_animation=&#8221;&#8221; row_type=&#8221;row&#8221; use_row_as_full_screen_section=&#8221;no&#8221; type=&#8221;full_width&#8221; angled_section=&#8221;no&#8221; text_align=&#8221;left&#8221; background_image_as_pattern=&#8221;without_pattern&#8221; css=&#8221;.vc_custom_1496783317667{margin-bottom: 30px !important;}&#8221;][vc_column width=&#8221;1\/3&#8243; css=&#8221;.vc_custom_1496783486683{margin-bottom: 10px !important;}&#8221;][vc_single_image image=&#8221;15705&#8243; img_size=&#8221;full&#8221; qode_css_animation=&#8221;&#8221;][\/vc_column][vc_column width=&#8221;2\/3&#8243;][vc_column_text]<\/p>\n<h3><b>Instalaciones<\/b><\/h3>\n<p>[\/vc_column_text][vc_separator type=&#8221;normal&#8221; color=&#8221;#00af2b&#8221; down=&#8221;20&#8243;][vc_column_text]<span style=\"font-weight: 400;\">Actualmente la empresa dispone de una edificaci\u00f3n propia de 2.650 mts2 distribuidos en dos pisos, sobre un terreno de 5.365 mts2, donde producimos en promedio 9 millones de unidades de medicamentos gen\u00e9ricos anualmente.<\/span><\/p>\n<p><span style=\"font-weight: 400;\">Contamos con 2 sedes una en Maracay, Edo. Aragua, d\u00f3nde est\u00e1 ubicada la planta con el \u00e1rea operativa y de log\u00edstica; y la segunda que se encuentra en Caracas, donde funcionan nuestras oficinas administrativas, Ventas, Mercadeo y Comercializaci\u00f3n.<\/span>[\/vc_column_text][\/vc_column][\/vc_row][vc_row css_animation=&#8221;&#8221; row_type=&#8221;row&#8221; use_row_as_full_screen_section=&#8221;no&#8221; type=&#8221;full_width&#8221; angled_section=&#8221;no&#8221; text_align=&#8221;left&#8221; background_image_as_pattern=&#8221;without_pattern&#8221; css=&#8221;.vc_custom_1496783331867{margin-bottom: 30px !important;}&#8221;][vc_column width=&#8221;1\/3&#8243; css=&#8221;.vc_custom_1496783471659{margin-bottom: 10px !important;}&#8221;][vc_single_image image=&#8221;15839&#8243; img_size=&#8221;full&#8221; qode_css_animation=&#8221;&#8221;][\/vc_column][vc_column width=&#8221;2\/3&#8243;][vc_column_text]<\/p>\n<h3><b>Misi\u00f3n<\/b><\/h3>\n<p>[\/vc_column_text][vc_separator type=&#8221;normal&#8221; color=&#8221;#00af2b&#8221; down=&#8221;20&#8243;][vc_column_text]<span style=\"font-weight: 400;\">Laboratorios KIMICEG tiene un mercado amplio y seguro, orientado a fabricar productos farmac\u00e9uticos gen\u00e9ricos de alta calidad y de gran aceptaci\u00f3n por el p\u00fablico, como analg\u00e9sicos, antiinflamatorios, antipir\u00e9ticos, hipotensores, antimic\u00f3ticos y antitus\u00edgenos, entre los principales productos de su cartera y nuestra misi\u00f3n se centra en contribuir con el desarrollo y la calidad de vida de la poblaci\u00f3n venezolana, ofreci\u00e9ndole productos gen\u00e9ricos de alta calidad para cuidado de su salud, satisfaciendo sus necesidades con precios accesibles y competitivos. <\/span>[\/vc_column_text][\/vc_column][\/vc_row]<\/p>\n<\/div>","protected":false},"excerpt":{"rendered":"<p>[vc_row css_animation=&#8221;&#8221; row_type=&#8221;row&#8221; use_row_as_full_screen_section=&#8221;no&#8221; type=&#8221;full_width&#8221; angled_section=&#8221;no&#8221; text_align=&#8221;left&#8221; background_image_as_pattern=&#8221;without_pattern&#8221; css=&#8221;.vc_custom_1496783306146{margin-bottom: 30px !important;}&#8221;][vc_column width=&#8221;1\/3&#8243; css=&#8221;.vc_custom_1496783506876{margin-bottom: 10px !important;}&#8221;][vc_single_image image=&#8221;15840&#8243; img_size=&#8221;full&#8221; qode_css_animation=&#8221;&#8221;][\/vc_column][vc_column width=&#8221;2\/3&#8243;][vc_column_text] Rese\u00f1a [\/vc_column_text][vc_separator type=&#8221;normal&#8221; color=&#8221;#00af2b&#8221; down=&#8221;20&#8243;][vc_column_text]Laboratorios KIMICEG fundada en el a\u00f1o 1964, comenz\u00f3 a fabricar medicamentos para otros laboratorios de la \u00e9poca hasta que en 1986, fue&#8230;<\/p>\n","protected":false},"author":636,"featured_media":0,"parent":0,"menu_order":0,"comment_status":"closed","ping_status":"closed","template":"","meta":{"_monsterinsights_skip_tracking":false,"_monsterinsights_sitenote_active":false,"_monsterinsights_sitenote_note":"","_monsterinsights_sitenote_category":0,"footnotes":""},"class_list":["post-15693","page","type-page","status-publish","hentry"],"yoast_head":"<!-- This site is optimized with the Yoast SEO plugin v26.9 - https:\/\/yoast.com\/product\/yoast-seo-wordpress\/ -->\n<title>Qui\u00e9nes Somos - Laboratorios KIMICEG<\/title>\n<meta name=\"robots\" content=\"index, follow, max-snippet:-1, max-image-preview:large, max-video-preview:-1\" \/>\n<link rel=\"canonical\" href=\"http:\/\/actualizando.site\/kimiceg\/nosotros\/\" \/>\n<meta property=\"og:locale\" content=\"es_ES\" \/>\n<meta property=\"og:type\" content=\"article\" \/>\n<meta property=\"og:title\" content=\"Qui\u00e9nes Somos - Laboratorios KIMICEG\" \/>\n<meta property=\"og:description\" content=\"[vc_row css_animation=&#8221;&#8221; row_type=&#8221;row&#8221; use_row_as_full_screen_section=&#8221;no&#8221; type=&#8221;full_width&#8221; angled_section=&#8221;no&#8221; text_align=&#8221;left&#8221; background_image_as_pattern=&#8221;without_pattern&#8221; css=&#8221;.vc_custom_1496783306146{margin-bottom: 30px !important;}&#8221;][vc_column width=&#8221;1\/3&#8243; css=&#8221;.vc_custom_1496783506876{margin-bottom: 10px !important;}&#8221;][vc_single_image image=&#8221;15840&#8243; img_size=&#8221;full&#8221; qode_css_animation=&#8221;&#8221;][\/vc_column][vc_column width=&#8221;2\/3&#8243;][vc_column_text] Rese\u00f1a [\/vc_column_text][vc_separator type=&#8221;normal&#8221; color=&#8221;#00af2b&#8221; down=&#8221;20&#8243;][vc_column_text]Laboratorios KIMICEG fundada en el a\u00f1o 1964, comenz\u00f3 a fabricar medicamentos para otros laboratorios de la \u00e9poca hasta que en 1986, fue...\" \/>\n<meta property=\"og:url\" content=\"http:\/\/actualizando.site\/kimiceg\/nosotros\/\" \/>\n<meta property=\"og:site_name\" content=\"Laboratorios KIMICEG\" \/>\n<meta property=\"article:publisher\" content=\"https:\/\/www.facebook.com\/Kimiceg\/\" \/>\n<meta property=\"article:modified_time\" content=\"2017-07-14T22:05:26+00:00\" \/>\n<meta name=\"twitter:card\" content=\"summary_large_image\" \/>\n<meta name=\"twitter:site\" content=\"@kimiceg\" \/>\n<meta name=\"twitter:label1\" content=\"Tiempo de lectura\" \/>\n\t<meta name=\"twitter:data1\" content=\"3 minutos\" \/>\n<script type=\"application\/ld+json\" class=\"yoast-schema-graph\">{\"@context\":\"https:\/\/schema.org\",\"@graph\":[{\"@type\":\"WebPage\",\"@id\":\"http:\/\/actualizando.site\/kimiceg\/nosotros\/\",\"url\":\"http:\/\/actualizando.site\/kimiceg\/nosotros\/\",\"name\":\"Qui\u00e9nes Somos - Laboratorios KIMICEG\",\"isPartOf\":{\"@id\":\"http:\/\/actualizando.site\/kimiceg\/#website\"},\"datePublished\":\"2017-06-06T17:22:50+00:00\",\"dateModified\":\"2017-07-14T22:05:26+00:00\",\"breadcrumb\":{\"@id\":\"http:\/\/actualizando.site\/kimiceg\/nosotros\/#breadcrumb\"},\"inLanguage\":\"es\",\"potentialAction\":[{\"@type\":\"ReadAction\",\"target\":[\"http:\/\/actualizando.site\/kimiceg\/nosotros\/\"]}]},{\"@type\":\"BreadcrumbList\",\"@id\":\"http:\/\/actualizando.site\/kimiceg\/nosotros\/#breadcrumb\",\"itemListElement\":[{\"@type\":\"ListItem\",\"position\":1,\"name\":\"Portada\",\"item\":\"http:\/\/actualizando.site\/kimiceg\/\"},{\"@type\":\"ListItem\",\"position\":2,\"name\":\"Qui\u00e9nes Somos\"}]},{\"@type\":\"WebSite\",\"@id\":\"http:\/\/actualizando.site\/kimiceg\/#website\",\"url\":\"http:\/\/actualizando.site\/kimiceg\/\",\"name\":\"Laboratorios KIMICEG\",\"description\":\"Medicamentos Gen\u00e9ricos en Venezuela\",\"potentialAction\":[{\"@type\":\"SearchAction\",\"target\":{\"@type\":\"EntryPoint\",\"urlTemplate\":\"http:\/\/actualizando.site\/kimiceg\/?s={search_term_string}\"},\"query-input\":{\"@type\":\"PropertyValueSpecification\",\"valueRequired\":true,\"valueName\":\"search_term_string\"}}],\"inLanguage\":\"es\"}]}<\/script>\n<!-- \/ Yoast SEO plugin. -->","yoast_head_json":{"title":"Qui\u00e9nes Somos - Laboratorios KIMICEG","robots":{"index":"index","follow":"follow","max-snippet":"max-snippet:-1","max-image-preview":"max-image-preview:large","max-video-preview":"max-video-preview:-1"},"canonical":"http:\/\/actualizando.site\/kimiceg\/nosotros\/","og_locale":"es_ES","og_type":"article","og_title":"Qui\u00e9nes Somos - Laboratorios KIMICEG","og_description":"[vc_row css_animation=&#8221;&#8221; row_type=&#8221;row&#8221; use_row_as_full_screen_section=&#8221;no&#8221; type=&#8221;full_width&#8221; angled_section=&#8221;no&#8221; text_align=&#8221;left&#8221; background_image_as_pattern=&#8221;without_pattern&#8221; css=&#8221;.vc_custom_1496783306146{margin-bottom: 30px !important;}&#8221;][vc_column width=&#8221;1\/3&#8243; css=&#8221;.vc_custom_1496783506876{margin-bottom: 10px !important;}&#8221;][vc_single_image image=&#8221;15840&#8243; img_size=&#8221;full&#8221; qode_css_animation=&#8221;&#8221;][\/vc_column][vc_column width=&#8221;2\/3&#8243;][vc_column_text] Rese\u00f1a [\/vc_column_text][vc_separator type=&#8221;normal&#8221; color=&#8221;#00af2b&#8221; down=&#8221;20&#8243;][vc_column_text]Laboratorios KIMICEG fundada en el a\u00f1o 1964, comenz\u00f3 a fabricar medicamentos para otros laboratorios de la \u00e9poca hasta que en 1986, fue...","og_url":"http:\/\/actualizando.site\/kimiceg\/nosotros\/","og_site_name":"Laboratorios KIMICEG","article_publisher":"https:\/\/www.facebook.com\/Kimiceg\/","article_modified_time":"2017-07-14T22:05:26+00:00","twitter_card":"summary_large_image","twitter_site":"@kimiceg","twitter_misc":{"Tiempo de lectura":"3 minutos"},"schema":{"@context":"https:\/\/schema.org","@graph":[{"@type":"WebPage","@id":"http:\/\/actualizando.site\/kimiceg\/nosotros\/","url":"http:\/\/actualizando.site\/kimiceg\/nosotros\/","name":"Qui\u00e9nes Somos - Laboratorios KIMICEG","isPartOf":{"@id":"http:\/\/actualizando.site\/kimiceg\/#website"},"datePublished":"2017-06-06T17:22:50+00:00","dateModified":"2017-07-14T22:05:26+00:00","breadcrumb":{"@id":"http:\/\/actualizando.site\/kimiceg\/nosotros\/#breadcrumb"},"inLanguage":"es","potentialAction":[{"@type":"ReadAction","target":["http:\/\/actualizando.site\/kimiceg\/nosotros\/"]}]},{"@type":"BreadcrumbList","@id":"http:\/\/actualizando.site\/kimiceg\/nosotros\/#breadcrumb","itemListElement":[{"@type":"ListItem","position":1,"name":"Portada","item":"http:\/\/actualizando.site\/kimiceg\/"},{"@type":"ListItem","position":2,"name":"Qui\u00e9nes Somos"}]},{"@type":"WebSite","@id":"http:\/\/actualizando.site\/kimiceg\/#website","url":"http:\/\/actualizando.site\/kimiceg\/","name":"Laboratorios KIMICEG","description":"Medicamentos Gen\u00e9ricos en Venezuela","potentialAction":[{"@type":"SearchAction","target":{"@type":"EntryPoint","urlTemplate":"http:\/\/actualizando.site\/kimiceg\/?s={search_term_string}"},"query-input":{"@type":"PropertyValueSpecification","valueRequired":true,"valueName":"search_term_string"}}],"inLanguage":"es"}]}},"_links":{"self":[{"href":"https:\/\/actualizando.site\/kimiceg\/wp-json\/wp\/v2\/pages\/15693","targetHints":{"allow":["GET"]}}],"collection":[{"href":"https:\/\/actualizando.site\/kimiceg\/wp-json\/wp\/v2\/pages"}],"about":[{"href":"https:\/\/actualizando.site\/kimiceg\/wp-json\/wp\/v2\/types\/page"}],"author":[{"embeddable":true,"href":"https:\/\/actualizando.site\/kimiceg\/wp-json\/wp\/v2\/users\/636"}],"replies":[{"embeddable":true,"href":"https:\/\/actualizando.site\/kimiceg\/wp-json\/wp\/v2\/comments?post=15693"}],"version-history":[{"count":0,"href":"https:\/\/actualizando.site\/kimiceg\/wp-json\/wp\/v2\/pages\/15693\/revisions"}],"wp:attachment":[{"href":"https:\/\/actualizando.site\/kimiceg\/wp-json\/wp\/v2\/media?parent=15693"}],"curies":[{"name":"wp","href":"https:\/\/api.w.org\/{rel}","templated":true}]}}