{"id":15714,"date":"2017-06-06T17:31:28","date_gmt":"2017-06-06T21:31:28","guid":{"rendered":"https:\/\/actualizando.site\/kimiceg\/?page_id=15714"},"modified":"2017-08-06T14:20:36","modified_gmt":"2017-08-06T18:20:36","slug":"comercializacion","status":"publish","type":"page","link":"https:\/\/actualizando.site\/kimiceg\/comercializacion\/","title":{"rendered":"Comercializaci\u00f3n"},"content":{"rendered":"<div class=\"wpb-content-wrapper\"><p>[vc_row css_animation=&#8221;&#8221; row_type=&#8221;row&#8221; use_row_as_full_screen_section=&#8221;no&#8221; type=&#8221;full_width&#8221; angled_section=&#8221;no&#8221; text_align=&#8221;left&#8221; background_image_as_pattern=&#8221;without_pattern&#8221; css=&#8221;.vc_custom_1496783306146{margin-bottom: 30px !important;}&#8221;][vc_column width=&#8221;1\/3&#8243; css=&#8221;.vc_custom_1496783506876{margin-bottom: 10px !important;}&#8221;][vc_single_image image=&#8221;15733&#8243; img_size=&#8221;full&#8221; qode_css_animation=&#8221;&#8221;][\/vc_column][vc_column width=&#8221;2\/3&#8243;][vc_column_text]<\/p>\n<h3>Droguer\u00edas Autorizadas<\/h3>\n<p>[\/vc_column_text][vc_separator type=&#8221;normal&#8221; color=&#8221;#00af2b&#8221; down=&#8221;20&#8243;][vc_column_text]<span style=\"font-weight: 400;\"><strong>Laboratorios Kimiceg,<\/strong> <strong>C.A.<\/strong> comercializa sus productos a todo el territorio nacional.<\/span><\/p>\n<p><span style=\"font-weight: 400;\"><br \/>\nEs importante resaltar que la ley del medicamento nos proh\u00edbe vender al detal y\/o personas naturales, como fabricantes de medicamentos distribuimos a trav\u00e9s de droguer\u00edas que son mayoristas y cadenas de farmacias que venden al detal, en esta \u00faltima categor\u00eda \u00a0se incluye las cadenas de farmacias del \u00e1rea social, a saber: Fundafarmacia y Farmapatria.<\/span>[\/vc_column_text][\/vc_column][\/vc_row]<\/p>\n<\/div>","protected":false},"excerpt":{"rendered":"<p>[vc_row css_animation=&#8221;&#8221; row_type=&#8221;row&#8221; use_row_as_full_screen_section=&#8221;no&#8221; type=&#8221;full_width&#8221; angled_section=&#8221;no&#8221; text_align=&#8221;left&#8221; background_image_as_pattern=&#8221;without_pattern&#8221; css=&#8221;.vc_custom_1496783306146{margin-bottom: 30px !important;}&#8221;][vc_column width=&#8221;1\/3&#8243; css=&#8221;.vc_custom_1496783506876{margin-bottom: 10px !important;}&#8221;][vc_single_image image=&#8221;15733&#8243; img_size=&#8221;full&#8221; qode_css_animation=&#8221;&#8221;][\/vc_column][vc_column width=&#8221;2\/3&#8243;][vc_column_text] Droguer\u00edas Autorizadas [\/vc_column_text][vc_separator type=&#8221;normal&#8221; color=&#8221;#00af2b&#8221; down=&#8221;20&#8243;][vc_column_text]Laboratorios Kimiceg, C.A. comercializa sus productos a todo el territorio nacional. Es importante resaltar que la ley del medicamento nos proh\u00edbe&#8230;<\/p>\n","protected":false},"author":1,"featured_media":0,"parent":0,"menu_order":0,"comment_status":"closed","ping_status":"closed","template":"","meta":{"_monsterinsights_skip_tracking":false,"_monsterinsights_sitenote_active":false,"_monsterinsights_sitenote_note":"","_monsterinsights_sitenote_category":0,"footnotes":""},"class_list":["post-15714","page","type-page","status-publish","hentry"],"yoast_head":"<!-- This site is optimized with the Yoast SEO plugin v26.9 - https:\/\/yoast.com\/product\/yoast-seo-wordpress\/ -->\n<title>Comercializaci\u00f3n - Laboratorios KIMICEG<\/title>\n<meta name=\"robots\" content=\"index, follow, max-snippet:-1, max-image-preview:large, max-video-preview:-1\" \/>\n<link rel=\"canonical\" href=\"https:\/\/actualizando.site\/kimiceg\/comercializacion\/\" \/>\n<meta property=\"og:locale\" content=\"es_ES\" \/>\n<meta property=\"og:type\" content=\"article\" \/>\n<meta property=\"og:title\" content=\"Comercializaci\u00f3n - Laboratorios KIMICEG\" \/>\n<meta property=\"og:description\" content=\"[vc_row css_animation=&#8221;&#8221; row_type=&#8221;row&#8221; use_row_as_full_screen_section=&#8221;no&#8221; type=&#8221;full_width&#8221; angled_section=&#8221;no&#8221; text_align=&#8221;left&#8221; background_image_as_pattern=&#8221;without_pattern&#8221; css=&#8221;.vc_custom_1496783306146{margin-bottom: 30px !important;}&#8221;][vc_column width=&#8221;1\/3&#8243; css=&#8221;.vc_custom_1496783506876{margin-bottom: 10px !important;}&#8221;][vc_single_image image=&#8221;15733&#8243; img_size=&#8221;full&#8221; qode_css_animation=&#8221;&#8221;][\/vc_column][vc_column width=&#8221;2\/3&#8243;][vc_column_text] Droguer\u00edas Autorizadas [\/vc_column_text][vc_separator type=&#8221;normal&#8221; color=&#8221;#00af2b&#8221; down=&#8221;20&#8243;][vc_column_text]Laboratorios Kimiceg, C.A. comercializa sus productos a todo el territorio nacional. Es importante resaltar que la ley del medicamento nos proh\u00edbe...\" \/>\n<meta property=\"og:url\" content=\"https:\/\/actualizando.site\/kimiceg\/comercializacion\/\" \/>\n<meta property=\"og:site_name\" content=\"Laboratorios KIMICEG\" \/>\n<meta property=\"article:publisher\" content=\"https:\/\/www.facebook.com\/Kimiceg\/\" \/>\n<meta property=\"article:modified_time\" content=\"2017-08-06T18:20:36+00:00\" \/>\n<meta name=\"twitter:card\" content=\"summary_large_image\" \/>\n<meta name=\"twitter:site\" content=\"@kimiceg\" \/>\n<meta name=\"twitter:label1\" content=\"Tiempo de lectura\" \/>\n\t<meta name=\"twitter:data1\" content=\"1 minuto\" \/>\n<script type=\"application\/ld+json\" class=\"yoast-schema-graph\">{\"@context\":\"https:\/\/schema.org\",\"@graph\":[{\"@type\":\"WebPage\",\"@id\":\"https:\/\/actualizando.site\/kimiceg\/comercializacion\/\",\"url\":\"https:\/\/actualizando.site\/kimiceg\/comercializacion\/\",\"name\":\"Comercializaci\u00f3n - Laboratorios KIMICEG\",\"isPartOf\":{\"@id\":\"http:\/\/actualizando.site\/kimiceg\/#website\"},\"datePublished\":\"2017-06-06T21:31:28+00:00\",\"dateModified\":\"2017-08-06T18:20:36+00:00\",\"breadcrumb\":{\"@id\":\"https:\/\/actualizando.site\/kimiceg\/comercializacion\/#breadcrumb\"},\"inLanguage\":\"es\",\"potentialAction\":[{\"@type\":\"ReadAction\",\"target\":[\"https:\/\/actualizando.site\/kimiceg\/comercializacion\/\"]}]},{\"@type\":\"BreadcrumbList\",\"@id\":\"https:\/\/actualizando.site\/kimiceg\/comercializacion\/#breadcrumb\",\"itemListElement\":[{\"@type\":\"ListItem\",\"position\":1,\"name\":\"Portada\",\"item\":\"http:\/\/actualizando.site\/kimiceg\/\"},{\"@type\":\"ListItem\",\"position\":2,\"name\":\"Comercializaci\u00f3n\"}]},{\"@type\":\"WebSite\",\"@id\":\"http:\/\/actualizando.site\/kimiceg\/#website\",\"url\":\"http:\/\/actualizando.site\/kimiceg\/\",\"name\":\"Laboratorios KIMICEG\",\"description\":\"Medicamentos Gen\u00e9ricos en Venezuela\",\"potentialAction\":[{\"@type\":\"SearchAction\",\"target\":{\"@type\":\"EntryPoint\",\"urlTemplate\":\"http:\/\/actualizando.site\/kimiceg\/?s={search_term_string}\"},\"query-input\":{\"@type\":\"PropertyValueSpecification\",\"valueRequired\":true,\"valueName\":\"search_term_string\"}}],\"inLanguage\":\"es\"}]}<\/script>\n<!-- \/ Yoast SEO plugin. -->","yoast_head_json":{"title":"Comercializaci\u00f3n - Laboratorios KIMICEG","robots":{"index":"index","follow":"follow","max-snippet":"max-snippet:-1","max-image-preview":"max-image-preview:large","max-video-preview":"max-video-preview:-1"},"canonical":"https:\/\/actualizando.site\/kimiceg\/comercializacion\/","og_locale":"es_ES","og_type":"article","og_title":"Comercializaci\u00f3n - Laboratorios KIMICEG","og_description":"[vc_row css_animation=&#8221;&#8221; row_type=&#8221;row&#8221; use_row_as_full_screen_section=&#8221;no&#8221; type=&#8221;full_width&#8221; angled_section=&#8221;no&#8221; text_align=&#8221;left&#8221; background_image_as_pattern=&#8221;without_pattern&#8221; css=&#8221;.vc_custom_1496783306146{margin-bottom: 30px !important;}&#8221;][vc_column width=&#8221;1\/3&#8243; css=&#8221;.vc_custom_1496783506876{margin-bottom: 10px !important;}&#8221;][vc_single_image image=&#8221;15733&#8243; img_size=&#8221;full&#8221; qode_css_animation=&#8221;&#8221;][\/vc_column][vc_column width=&#8221;2\/3&#8243;][vc_column_text] Droguer\u00edas Autorizadas [\/vc_column_text][vc_separator type=&#8221;normal&#8221; color=&#8221;#00af2b&#8221; down=&#8221;20&#8243;][vc_column_text]Laboratorios Kimiceg, C.A. comercializa sus productos a todo el territorio nacional. Es importante resaltar que la ley del medicamento nos proh\u00edbe...","og_url":"https:\/\/actualizando.site\/kimiceg\/comercializacion\/","og_site_name":"Laboratorios KIMICEG","article_publisher":"https:\/\/www.facebook.com\/Kimiceg\/","article_modified_time":"2017-08-06T18:20:36+00:00","twitter_card":"summary_large_image","twitter_site":"@kimiceg","twitter_misc":{"Tiempo de lectura":"1 minuto"},"schema":{"@context":"https:\/\/schema.org","@graph":[{"@type":"WebPage","@id":"https:\/\/actualizando.site\/kimiceg\/comercializacion\/","url":"https:\/\/actualizando.site\/kimiceg\/comercializacion\/","name":"Comercializaci\u00f3n - Laboratorios KIMICEG","isPartOf":{"@id":"http:\/\/actualizando.site\/kimiceg\/#website"},"datePublished":"2017-06-06T21:31:28+00:00","dateModified":"2017-08-06T18:20:36+00:00","breadcrumb":{"@id":"https:\/\/actualizando.site\/kimiceg\/comercializacion\/#breadcrumb"},"inLanguage":"es","potentialAction":[{"@type":"ReadAction","target":["https:\/\/actualizando.site\/kimiceg\/comercializacion\/"]}]},{"@type":"BreadcrumbList","@id":"https:\/\/actualizando.site\/kimiceg\/comercializacion\/#breadcrumb","itemListElement":[{"@type":"ListItem","position":1,"name":"Portada","item":"http:\/\/actualizando.site\/kimiceg\/"},{"@type":"ListItem","position":2,"name":"Comercializaci\u00f3n"}]},{"@type":"WebSite","@id":"http:\/\/actualizando.site\/kimiceg\/#website","url":"http:\/\/actualizando.site\/kimiceg\/","name":"Laboratorios KIMICEG","description":"Medicamentos Gen\u00e9ricos en Venezuela","potentialAction":[{"@type":"SearchAction","target":{"@type":"EntryPoint","urlTemplate":"http:\/\/actualizando.site\/kimiceg\/?s={search_term_string}"},"query-input":{"@type":"PropertyValueSpecification","valueRequired":true,"valueName":"search_term_string"}}],"inLanguage":"es"}]}},"_links":{"self":[{"href":"https:\/\/actualizando.site\/kimiceg\/wp-json\/wp\/v2\/pages\/15714","targetHints":{"allow":["GET"]}}],"collection":[{"href":"https:\/\/actualizando.site\/kimiceg\/wp-json\/wp\/v2\/pages"}],"about":[{"href":"https:\/\/actualizando.site\/kimiceg\/wp-json\/wp\/v2\/types\/page"}],"author":[{"embeddable":true,"href":"https:\/\/actualizando.site\/kimiceg\/wp-json\/wp\/v2\/users\/1"}],"replies":[{"embeddable":true,"href":"https:\/\/actualizando.site\/kimiceg\/wp-json\/wp\/v2\/comments?post=15714"}],"version-history":[{"count":0,"href":"https:\/\/actualizando.site\/kimiceg\/wp-json\/wp\/v2\/pages\/15714\/revisions"}],"wp:attachment":[{"href":"https:\/\/actualizando.site\/kimiceg\/wp-json\/wp\/v2\/media?parent=15714"}],"curies":[{"name":"wp","href":"https:\/\/api.w.org\/{rel}","templated":true}]}}